{"id":41,"date":"2020-05-14T15:11:07","date_gmt":"2020-05-14T13:11:07","guid":{"rendered":"https:\/\/centretic.com\/etudiants\/?page_id=41"},"modified":"2025-12-15T12:34:25","modified_gmt":"2025-12-15T17:34:25","slug":"besoin-d-aide","status":"publish","type":"page","link":"https:\/\/centretic.com\/etudiants\/besoin-d-aide\/","title":{"rendered":"Besoin d&rsquo;aide?"},"content":{"rendered":"\n<p>Les coordonn\u00e9es des membres de l\u2019\u00e9quipe technique et de l\u2019\u00e9quipe documentaire sont pr\u00e9sent\u00e9es plus bas. N\u2019h\u00e9site pas \u00e0 communiquer avec eux au besoin!<\/p>\n\n\n\n<hr class=\"wp-block-separator has-text-color has-alpha-channel-opacity has-background\" style=\"background-color:#f2f2f2;color:#f2f2f2\"\/>\n\n\n\n<figure class=\"wp-block-image size-large\"><a href=\"https:\/\/centretic.com\/etudiants\/wp-content\/uploads\/sites\/3\/2025\/04\/Tableau-qui-fait-quoi-enseignants-H2025.png\" data-rel=\"lightbox-image-0\" data-rl_title=\"\" data-rl_caption=\"\" title=\"\"><img loading=\"lazy\" decoding=\"async\" width=\"1024\" height=\"468\" src=\"https:\/\/centretic.com\/etudiants\/wp-content\/uploads\/sites\/3\/2025\/04\/Tableau-qui-fait-quoi-enseignants-H2025-1024x468.png\" alt=\"\" class=\"wp-image-1365\" srcset=\"https:\/\/centretic.com\/etudiants\/wp-content\/uploads\/sites\/3\/2025\/04\/Tableau-qui-fait-quoi-enseignants-H2025-1024x468.png 1024w, https:\/\/centretic.com\/etudiants\/wp-content\/uploads\/sites\/3\/2025\/04\/Tableau-qui-fait-quoi-enseignants-H2025-300x137.png 300w, https:\/\/centretic.com\/etudiants\/wp-content\/uploads\/sites\/3\/2025\/04\/Tableau-qui-fait-quoi-enseignants-H2025-768x351.png 768w, https:\/\/centretic.com\/etudiants\/wp-content\/uploads\/sites\/3\/2025\/04\/Tableau-qui-fait-quoi-enseignants-H2025-640x292.png 640w, https:\/\/centretic.com\/etudiants\/wp-content\/uploads\/sites\/3\/2025\/04\/Tableau-qui-fait-quoi-enseignants-H2025-1100x503.png 1100w, https:\/\/centretic.com\/etudiants\/wp-content\/uploads\/sites\/3\/2025\/04\/Tableau-qui-fait-quoi-enseignants-H2025.png 1337w\" sizes=\"auto, (max-width: 1024px) 100vw, 1024px\" \/><\/a><\/figure>\n\n\n\n<div style=\"height:0px\" aria-hidden=\"true\" class=\"wp-block-spacer\"><\/div>\n\n\n\n<hr class=\"wp-block-separator has-text-color has-alpha-channel-opacity has-background\" style=\"background-color:#f2f2f2;color:#f2f2f2\"\/>\n\n\n\n<h2 class=\"wp-block-heading\">\u00c9quipe technique &#8211; Jonqui\u00e8re<\/h2>\n\n\n\n<div style=\"height:40px\" aria-hidden=\"true\" class=\"wp-block-spacer\"><\/div>\n\n\n\n<div class=\"wp-block-columns is-layout-flex wp-container-core-columns-is-layout-9d6595d7 wp-block-columns-is-layout-flex\">\n<div class=\"wp-block-column is-layout-flow wp-block-column-is-layout-flow\">\n<p><strong><strong><strong>Mathieu Arseneault<\/strong><\/strong><\/strong><\/p>\n\n\n\n<p>Technicien audiovisuel<br>Centre des ressources \u00e9ducatives<br><a href=\"https:\/\/teams.microsoft.com\/l\/chat\/0\/0?users=marctremblay@cegepjonquiere.ca\"><\/a><a href=\"https:\/\/teams.microsoft.com\/l\/chat\/0\/0?users=mathieuarseneault@cegepjonquiere.ca\">Rejoindre sur Teams<\/a><br><a href=\"tel:+14185472191,6720\">418 547-2191, poste 6720<\/a><br>Local : 400.2E<\/p>\n<\/div>\n\n\n\n<div class=\"wp-block-column is-layout-flow wp-block-column-is-layout-flow\">\n<p><strong>Aurore Delvallez<\/strong><\/p>\n\n\n\n<p>Technicienne audiovisuel<br>Centre des ressources \u00e9ducatives<br><a href=\"https:\/\/teams.microsoft.com\/l\/chat\/0\/0?users=auroredelvallez@cegepjonquiere.ca\">Rejoindre sur Teams<\/a><br><a href=\"tel:+14185472191,6472\">418 547-2191, poste 6472<\/a><br>Local : 420.2A<\/p>\n<\/div>\n<\/div>\n\n\n\n<div class=\"wp-block-columns is-layout-flex wp-container-core-columns-is-layout-9d6595d7 wp-block-columns-is-layout-flex\">\n<div class=\"wp-block-column is-layout-flow wp-block-column-is-layout-flow\">\n<p><strong><strong>Guillaume Fillion-Lalancette<\/strong><\/strong><\/p>\n\n\n\n<p>Conseiller p\u00e9dagogique<br>Mastera \u2013 Formation continue<br><a href=\"https:\/\/teams.microsoft.com\/l\/chat\/0\/0?users=guillaumefillion@cegepjonquiere.ca\">Rejoindre sur Teams<\/a><br><a href=\"tel:+14185472191,6926\">418 547-2191, poste 6926<\/a><br>Local : 1021.2<\/p>\n\n\n\n<div class=\"wp-block-columns is-layout-flex wp-container-core-columns-is-layout-9d6595d7 wp-block-columns-is-layout-flex\">\n<div class=\"wp-block-column is-layout-flow wp-block-column-is-layout-flow\">\n<p><strong><strong><strong>Laurence Tremblay<\/strong><\/strong><\/strong><\/p>\n\n\n\n<p>Technicienne audiovisuel<br>Centre des ressources \u00e9ducatives<br><a href=\"https:\/\/teams.microsoft.com\/l\/chat\/0\/0?users=marctremblay@cegepjonquiere.ca\"><\/a><a href=\"https:\/\/teams.microsoft.com\/l\/chat\/0\/0?users=laurencetremblay@cegepjonquiere.ca\">Rejoindre sur Teams<\/a><br><a href=\"tel:+14185472191,6718\">418 547-2191, poste 6718<\/a><br>Local : 400.2E<\/p>\n<\/div>\n<\/div>\n<\/div>\n\n\n\n<div class=\"wp-block-column is-layout-flow wp-block-column-is-layout-flow\">\n<p><strong><strong><strong>Joanie Lemieux<\/strong><\/strong><\/strong><\/p>\n\n\n\n<p>Technicienne en arts graphiques<br>Centre des ressources \u00e9ducatives<br><a href=\"https:\/\/teams.microsoft.com\/l\/chat\/0\/0?users=joanielemieux@cegepjonquiere.ca\">Rejoindre sur Teams<\/a><br><a href=\"tel:+14185472191,6267\">418 547-2191, poste 6267<\/a><br>Local : 420.2D<\/p>\n<\/div>\n<\/div>\n\n\n\n<div style=\"height:20px\" aria-hidden=\"true\" class=\"wp-block-spacer\"><\/div>\n\n\n\n<hr class=\"wp-block-separator has-text-color has-alpha-channel-opacity has-background\" style=\"background-color:#f2f2f2;color:#f2f2f2\"\/>\n\n\n\n<h2 class=\"wp-block-heading\">\u00c9quipe technique &#8211; Charlevoix<\/h2>\n\n\n\n<div style=\"height:40px\" aria-hidden=\"true\" class=\"wp-block-spacer\"><\/div>\n\n\n\n<div class=\"wp-block-columns is-layout-flex wp-container-core-columns-is-layout-9d6595d7 wp-block-columns-is-layout-flex\">\n<div class=\"wp-block-column is-layout-flow wp-block-column-is-layout-flow\">\n<p><strong><strong>Katie Tremblay<\/strong><\/strong><\/p>\n\n\n\n<p>Technicienne en documentation<br>Centre d&rsquo;\u00e9tudes coll\u00e9giales en Charlevoix &#8211; CECC<br><a href=\"mailto:katietremblay@ceccharlevoix.qc.ca\">Rejoindre par courriel<\/a><br><a href=\"tel:+14186656606,4109\">418 665-6606, poste 4109<\/a><br>Local : 150.2<\/p>\n<\/div>\n<\/div>\n\n\n\n<div style=\"height:20px\" aria-hidden=\"true\" class=\"wp-block-spacer\"><\/div>\n\n\n\n<hr class=\"wp-block-separator has-text-color has-alpha-channel-opacity has-background\" style=\"background-color:#f2f2f2;color:#f2f2f2\"\/>\n\n\n\n<h2 class=\"wp-block-heading\">\u00c9quipe recherche documentaire&nbsp;\u2013 Jonqui\u00e8re<\/h2>\n\n\n\n<div style=\"height:40px\" aria-hidden=\"true\" class=\"wp-block-spacer\"><\/div>\n\n\n\n<div class=\"wp-block-columns is-layout-flex wp-container-core-columns-is-layout-9d6595d7 wp-block-columns-is-layout-flex\">\n<div class=\"wp-block-column is-layout-flow wp-block-column-is-layout-flow\">\n<p><strong>M\u00e9lanie Bouchard<\/strong><\/p>\n\n\n\n<p>Technicienne en documentation<br>Centre des ressources \u00e9ducatives<br><a href=\"https:\/\/teams.microsoft.com\/l\/chat\/0\/0?users=melaniebouchard@cegepjonquiere.ca\">Rejoindre sur Teams<\/a><br><a href=\"tel:+14185472191,6401\">418 547-2191, poste 6401<\/a><br>Local : Comptoir du pr\u00eat<\/p>\n<\/div>\n\n\n\n<div class=\"wp-block-column is-layout-flow wp-block-column-is-layout-flow\">\n<p><strong>Andr\u00e9e Desruisseaux<\/strong><\/p>\n\n\n\n<p>Technicienne en documentation<br>Centre des ressources \u00e9ducatives<br><a href=\"https:\/\/teams.microsoft.com\/l\/chat\/0\/0?users=mathieuarseneault@cegepjonquiere.ca\"><\/a><a href=\"https:\/\/teams.microsoft.com\/l\/chat\/0\/0?users=andreedesruisseaux@cegepjonquiere.ca\">Rejoindre sur Teams<\/a><br><a href=\"tel:+14185472191,6304\">418 547-2191, poste 6304<\/a><br>Local : Comptoir du pr\u00eat<\/p>\n<\/div>\n<\/div>\n\n\n\n<div class=\"wp-block-columns is-layout-flex wp-container-core-columns-is-layout-9d6595d7 wp-block-columns-is-layout-flex\">\n<div class=\"wp-block-column is-layout-flow wp-block-column-is-layout-flow\">\n<p><strong><strong>Fabienne Simard<\/strong><\/strong><\/p>\n\n\n\n<p>Technicienne en documentation<br>Centre des ressources \u00e9ducatives<br><a href=\"https:\/\/teams.microsoft.com\/l\/chat\/0\/0?users=fabiennesimard@cegepjonquiere.ca\">Rejoindre sur Teams<\/a><br><a href=\"tel:+14185472191,6302\">418 547-2191, poste 6302<\/a><br>Local : Comptoir du pr\u00eat<\/p>\n<\/div>\n<\/div>\n","protected":false},"excerpt":{"rendered":"<p>Les coordonn\u00e9es des membres de l\u2019\u00e9quipe technique et de l\u2019\u00e9quipe documentaire sont pr\u00e9sent\u00e9es plus bas. [&hellip;]<\/p>\n","protected":false},"author":1,"featured_media":0,"parent":0,"menu_order":0,"comment_status":"closed","ping_status":"closed","template":"","meta":{"footnotes":""},"class_list":["post-41","page","type-page","status-publish","hentry","entry","grid"],"_links":{"self":[{"href":"https:\/\/centretic.com\/etudiants\/wp-json\/wp\/v2\/pages\/41","targetHints":{"allow":["GET"]}}],"collection":[{"href":"https:\/\/centretic.com\/etudiants\/wp-json\/wp\/v2\/pages"}],"about":[{"href":"https:\/\/centretic.com\/etudiants\/wp-json\/wp\/v2\/types\/page"}],"author":[{"embeddable":true,"href":"https:\/\/centretic.com\/etudiants\/wp-json\/wp\/v2\/users\/1"}],"replies":[{"embeddable":true,"href":"https:\/\/centretic.com\/etudiants\/wp-json\/wp\/v2\/comments?post=41"}],"version-history":[{"count":89,"href":"https:\/\/centretic.com\/etudiants\/wp-json\/wp\/v2\/pages\/41\/revisions"}],"predecessor-version":[{"id":1490,"href":"https:\/\/centretic.com\/etudiants\/wp-json\/wp\/v2\/pages\/41\/revisions\/1490"}],"wp:attachment":[{"href":"https:\/\/centretic.com\/etudiants\/wp-json\/wp\/v2\/media?parent=41"}],"curies":[{"name":"wp","href":"https:\/\/api.w.org\/{rel}","templated":true}]}}