{"id":386,"date":"2020-09-02T14:58:13","date_gmt":"2020-09-02T18:58:13","guid":{"rendered":"https:\/\/centretic.com\/etudiants\/?page_id=386"},"modified":"2025-12-16T15:59:34","modified_gmt":"2025-12-16T20:59:34","slug":"recherche-documentaire","status":"publish","type":"page","link":"https:\/\/centretic.com\/etudiants\/recherche-documentaire\/","title":{"rendered":"Recherche documentaire"},"content":{"rendered":"\n<p>Voici quelques strat\u00e9gies pour r\u00e9aliser un travail de recherche de mani\u00e8re efficace.<\/p>\n\n\n\n<h3 class=\"wp-block-heading\">\u00c9tape 1 &#8211; Pr\u00e9parer<\/h3>\n\n\n\n<div class=\"wp-block-columns is-layout-flex wp-container-core-columns-is-layout-9d6595d7 wp-block-columns-is-layout-flex\">\n<div class=\"wp-block-column is-layout-flow wp-block-column-is-layout-flow\">\n<h4 class=\"wp-block-heading\">1.1 D\u00e9finir son sujet (4 min.)<\/h4>\n\n\n\n<figure class=\"wp-block-embed is-type-video is-provider-youtube wp-block-embed-youtube wp-embed-aspect-16-9 wp-has-aspect-ratio\"><div class=\"wp-block-embed__wrapper\">\n<iframe loading=\"lazy\" title=\"Les \u00e9tapes essentielles pour aboutir \u00e0 une question de recherche\" width=\"1100\" height=\"619\" src=\"https:\/\/www.youtube.com\/embed\/s4d7SPN-qmI?feature=oembed\" frameborder=\"0\" allow=\"accelerometer; autoplay; clipboard-write; encrypted-media; gyroscope; picture-in-picture\" allowfullscreen><\/iframe>\n<\/div><\/figure>\n<\/div>\n\n\n\n<div class=\"wp-block-column is-layout-flow wp-block-column-is-layout-flow\">\n<h4 class=\"wp-block-heading\">1.2 Plan de concept (5 min.)<\/h4>\n\n\n\n<figure class=\"wp-block-embed is-type-video is-provider-youtube wp-block-embed-youtube wp-embed-aspect-16-9 wp-has-aspect-ratio\"><div class=\"wp-block-embed__wrapper\">\n<iframe loading=\"lazy\" title=\"CRE - Atelier documentaire - Plan de concept\" width=\"1100\" height=\"619\" src=\"https:\/\/www.youtube.com\/embed\/ftMJfgA51PY?feature=oembed\" frameborder=\"0\" allow=\"accelerometer; autoplay; clipboard-write; encrypted-media; gyroscope; picture-in-picture\" allowfullscreen><\/iframe>\n<\/div><\/figure>\n\n\n\n<ul>\n    <li><a href=\"https:\/\/centretic.com\/etudiants\/wp-content\/uploads\/sites\/3\/2021\/11\/plan-de-concepts-vierge.docx\">Plan de concept (vierge)<\/a><\/li>\n    <li><a href=\"https:\/\/centretic.com\/etudiants\/wp-content\/uploads\/sites\/3\/2021\/11\/plan-de-concepts-francais.docx\">Plan de concept (exemple en fran\u00e7ais)<\/a><\/li>\n    <li><a href=\"https:\/\/centretic.com\/etudiants\/wp-content\/uploads\/sites\/3\/2021\/11\/plan-de-concepts-bilingue.docx\">Plan de concept (exemple en anglais)<\/a><\/li>\n<\/ul>\n<\/div>\n<\/div>\n\n\n\n<h3 class=\"wp-block-heading\">\u00c9tape 2 &#8211; Trouver<\/h3>\n\n\n\n<div class=\"wp-block-columns is-layout-flex wp-container-core-columns-is-layout-9d6595d7 wp-block-columns-is-layout-flex\">\n<div class=\"wp-block-column is-layout-flow wp-block-column-is-layout-flow\">\n<h4 class=\"wp-block-heading\">2.1 Op\u00e9rateur bool\u00e9ens (5 min.)<\/h4>\n\n\n\n<figure class=\"wp-block-embed is-type-video is-provider-youtube wp-block-embed-youtube wp-embed-aspect-16-9 wp-has-aspect-ratio\"><div class=\"wp-block-embed__wrapper\">\n<iframe loading=\"lazy\" title=\"CRE - Atelier documentaire - Op\u00e9rateurs bool\u00e9ens\" width=\"1100\" height=\"619\" src=\"https:\/\/www.youtube.com\/embed\/g7sLjxSoIZM?feature=oembed\" frameborder=\"0\" allow=\"accelerometer; autoplay; clipboard-write; encrypted-media; gyroscope; picture-in-picture\" allowfullscreen><\/iframe>\n<\/div><\/figure>\n\n\n\n<ul>\n    <li><a href=\"https:\/\/centretic.com\/etudiants\/wp-content\/uploads\/sites\/3\/2023\/09\/Limitations-CTIC.jpg\" target=\"_blank\" rel=\"noopener\" data-rel=\"lightbox-image-0\" data-rl_title=\"\" data-rl_caption=\"\" title=\"\">Quels op\u00e9rateurs? Quels fureteurs?<\/a><\/li><li><a href=\"https:\/\/centretic.com\/etudiants\/wp-content\/uploads\/sites\/3\/2023\/09\/Operateurs-CTIC.jpg\" target=\"_blank\" rel=\"noopener\" data-rel=\"lightbox-image-1\" data-rl_title=\"\" data-rl_caption=\"\" title=\"\">Les types d&rsquo;op\u00e9rateurs<\/a><\/li>\n<\/ul>\n<\/div>\n\n\n\n<div class=\"wp-block-column is-layout-flow wp-block-column-is-layout-flow\">\n<h4 class=\"wp-block-heading\">2.2 Limitations de recherche (4 min.)<\/h4>\n\n\n\n<figure class=\"wp-block-embed is-type-video is-provider-youtube wp-block-embed-youtube wp-embed-aspect-16-9 wp-has-aspect-ratio\"><div class=\"wp-block-embed__wrapper\">\n<iframe loading=\"lazy\" title=\"CRE - Atelier documentaire - Limitations\" width=\"1100\" height=\"619\" src=\"https:\/\/www.youtube.com\/embed\/vvKn_58yjT8?feature=oembed\" frameborder=\"0\" allow=\"accelerometer; autoplay; clipboard-write; encrypted-media; gyroscope; picture-in-picture\" allowfullscreen><\/iframe>\n<\/div><\/figure>\n\n\n\n<ul>\n    <li><a href=\"https:\/\/centretic.com\/etudiants\/wp-content\/uploads\/sites\/3\/2021\/11\/limitationsrecherche.jpg\" target=\"_blank\" rel=\"noopener\" data-rel=\"lightbox-image-2\" data-rl_title=\"\" data-rl_caption=\"\" title=\"\">Les limitations de recherche<\/a><\/li>\n<\/ul>\n<\/div>\n<\/div>\n\n\n\n<div class=\"wp-block-columns is-layout-flex wp-container-core-columns-is-layout-9d6595d7 wp-block-columns-is-layout-flex\">\n<div class=\"wp-block-column is-layout-flow wp-block-column-is-layout-flow\">\n<h4 class=\"wp-block-heading\">2.3 Banque de donn\u00e9es (12 min.)<\/h4>\n\n\n\n<figure class=\"wp-block-embed is-type-video is-provider-youtube wp-block-embed-youtube wp-embed-aspect-16-9 wp-has-aspect-ratio\"><div class=\"wp-block-embed__wrapper\">\n<iframe loading=\"lazy\" title=\"CRE - Bibliothe\u0300que nume\u0301rique\" width=\"1100\" height=\"619\" src=\"https:\/\/www.youtube.com\/embed\/Ewy7fFk4oI8?feature=oembed\" frameborder=\"0\" allow=\"accelerometer; autoplay; clipboard-write; encrypted-media; gyroscope; picture-in-picture\" allowfullscreen><\/iframe>\n<\/div><\/figure>\n\n\n\n<h4 class=\"wp-block-heading\">2.5 Eureka (12 min.)<\/h4>\n\n\n\n<figure class=\"wp-block-embed is-type-video is-provider-youtube wp-block-embed-youtube wp-embed-aspect-16-9 wp-has-aspect-ratio\"><div class=\"wp-block-embed__wrapper\">\n<iframe loading=\"lazy\" title=\"CRE - Eureka\" width=\"1100\" height=\"619\" src=\"https:\/\/www.youtube.com\/embed\/gLlszZuNftI?feature=oembed\" frameborder=\"0\" allow=\"accelerometer; autoplay; clipboard-write; encrypted-media; gyroscope; picture-in-picture\" allowfullscreen><\/iframe>\n<\/div><\/figure>\n<\/div>\n\n\n\n<div class=\"wp-block-column is-layout-flow wp-block-column-is-layout-flow\">\n<h4 class=\"wp-block-heading\">2.4 Catalogue Koha (6 min.)<\/h4>\n\n\n\n<figure class=\"wp-block-embed is-type-video is-provider-youtube wp-block-embed-youtube wp-embed-aspect-16-9 wp-has-aspect-ratio\"><div class=\"wp-block-embed__wrapper\">\n<iframe loading=\"lazy\" title=\"CRE - Atelier documentaire - La recherche\" width=\"1100\" height=\"619\" src=\"https:\/\/www.youtube.com\/embed\/khkHynb_Rqo?feature=oembed\" frameborder=\"0\" allow=\"accelerometer; autoplay; clipboard-write; encrypted-media; gyroscope; picture-in-picture\" allowfullscreen><\/iframe>\n<\/div><\/figure>\n\n\n\n<h4 class=\"wp-block-heading\">2.6 Google Scholar (4 min.)<\/h4>\n\n\n\n<figure class=\"wp-block-embed is-type-video is-provider-youtube wp-block-embed-youtube wp-embed-aspect-4-3 wp-has-aspect-ratio\"><div class=\"wp-block-embed__wrapper\">\n<iframe loading=\"lazy\" title=\"Google Scholar, un outil pour trouver des articles scientifiques en fran\u00e7ais\" width=\"1100\" height=\"825\" src=\"https:\/\/www.youtube.com\/embed\/ewQkpgyBv6g?feature=oembed\" frameborder=\"0\" allow=\"accelerometer; autoplay; clipboard-write; encrypted-media; gyroscope; picture-in-picture\" allowfullscreen><\/iframe>\n<\/div><\/figure>\n<\/div>\n<\/div>\n\n\n\n<h3 class=\"wp-block-heading\">\u00c9tape 3 &#8211; \u00c9valuer<\/h3>\n\n\n\n<div class=\"wp-block-columns is-layout-flex wp-container-core-columns-is-layout-9d6595d7 wp-block-columns-is-layout-flex\">\n<div class=\"wp-block-column is-layout-flow wp-block-column-is-layout-flow\">\n<h4 class=\"wp-block-heading\">3.1 \u00c9valuer ses sources (3 min.)<\/h4>\n\n\n\n<figure class=\"wp-block-embed is-type-video is-provider-youtube wp-block-embed-youtube wp-embed-aspect-16-9 wp-has-aspect-ratio\"><div class=\"wp-block-embed__wrapper\">\n<iframe loading=\"lazy\" title=\"Comment juger la pertinence de l\u2019information trouv\u00e9e\" width=\"1100\" height=\"619\" src=\"https:\/\/www.youtube.com\/embed\/YUKl9cjzFEw?feature=oembed\" frameborder=\"0\" allow=\"accelerometer; autoplay; clipboard-write; encrypted-media; gyroscope; picture-in-picture\" allowfullscreen><\/iframe>\n<\/div><\/figure>\n<\/div>\n\n\n\n<div class=\"wp-block-column is-layout-flow wp-block-column-is-layout-flow\">\n<h4 class=\"wp-block-heading\">3.2 \u00c9valuer un site web (3 min.)<\/h4>\n\n\n\n<figure class=\"wp-block-embed is-type-video is-provider-youtube wp-block-embed-youtube wp-embed-aspect-16-9 wp-has-aspect-ratio\"><div class=\"wp-block-embed__wrapper\">\n<iframe loading=\"lazy\" title=\"Les crit\u00e8res de qualit\u00e9 d\u2019une page web\" width=\"1100\" height=\"619\" src=\"https:\/\/www.youtube.com\/embed\/Z6XBu_FFvaY?feature=oembed\" frameborder=\"0\" allow=\"accelerometer; autoplay; clipboard-write; encrypted-media; gyroscope; picture-in-picture\" allowfullscreen><\/iframe>\n<\/div><\/figure>\n\n\n\n<ul>\n    <li><a href=\"https:\/\/centretic.com\/etudiants\/wp-content\/uploads\/sites\/3\/2021\/11\/evaluation-site-web.docx\" target=\"_blank\" rel=\"noopener\">Crit\u00e8res pour \u00e9valuer la qualit\u00e9 d&rsquo;un site web<\/a><\/li>\n<\/ul>\n<\/div>\n<\/div>\n\n\n\n<h3 class=\"wp-block-heading\">\u00c9tape 4 &#8211; Exploiter<\/h3>\n\n\n\n<div class=\"wp-block-columns is-layout-flex wp-container-core-columns-is-layout-9d6595d7 wp-block-columns-is-layout-flex\">\n<div class=\"wp-block-column is-layout-flow wp-block-column-is-layout-flow\">\n<h4 class=\"wp-block-heading\">4.1 Citer ses sources<\/h4>\n\n\n\n<figure class=\"wp-block-image size-large\"><img loading=\"lazy\" decoding=\"async\" width=\"1024\" height=\"682\" src=\"https:\/\/centretic.com\/etudiants\/wp-content\/uploads\/sites\/3\/2021\/06\/photo-etudiants-2-1024x682.jpg\" alt=\"\" class=\"wp-image-785\"\/ style=\"border-radius:10px\" srcset=\"https:\/\/centretic.com\/etudiants\/wp-content\/uploads\/sites\/3\/2021\/06\/photo-etudiants-2-1024x682.jpg 1024w, https:\/\/centretic.com\/etudiants\/wp-content\/uploads\/sites\/3\/2021\/06\/photo-etudiants-2-300x200.jpg 300w, https:\/\/centretic.com\/etudiants\/wp-content\/uploads\/sites\/3\/2021\/06\/photo-etudiants-2-768x512.jpg 768w, https:\/\/centretic.com\/etudiants\/wp-content\/uploads\/sites\/3\/2021\/06\/photo-etudiants-2-640x427.jpg 640w, https:\/\/centretic.com\/etudiants\/wp-content\/uploads\/sites\/3\/2021\/06\/photo-etudiants-2-1100x733.jpg 1100w, https:\/\/centretic.com\/etudiants\/wp-content\/uploads\/sites\/3\/2021\/06\/photo-etudiants-2.jpg 1280w\" sizes=\"auto, (max-width: 1024px) 100vw, 1024px\" \/><\/figure>\n\n\n\n<ul>\n    <li><a href=\"https:\/\/netquiz.ccdmd.qc.ca\/app\/client.php?projet=48&amp;questionnaire=2&amp;evaluation=3\" target=\"_blank\" rel=\"noopener\">Lien vers le quiz<\/a><\/li>\n<\/ul>\n\n\n\n<h4 class=\"wp-block-heading\"><\/h4>\n<\/div>\n\n\n\n<div class=\"wp-block-column is-layout-flow wp-block-column-is-layout-flow\">\n<h4 class=\"wp-block-heading\">4.2 \u00c9viter le plagiat<\/h4>\n\n\n\n<figure class=\"wp-block-image size-large\"><img loading=\"lazy\" decoding=\"async\" width=\"1024\" height=\"682\" src=\"https:\/\/centretic.com\/etudiants\/wp-content\/uploads\/sites\/3\/2021\/06\/photo-bibliotheque-2-1024x682.jpg\" alt=\"\" class=\"wp-image-786\" style=\"border-radius:10px\" srcset=\"https:\/\/centretic.com\/etudiants\/wp-content\/uploads\/sites\/3\/2021\/06\/photo-bibliotheque-2-1024x682.jpg 1024w, https:\/\/centretic.com\/etudiants\/wp-content\/uploads\/sites\/3\/2021\/06\/photo-bibliotheque-2-300x200.jpg 300w, https:\/\/centretic.com\/etudiants\/wp-content\/uploads\/sites\/3\/2021\/06\/photo-bibliotheque-2-768x512.jpg 768w, https:\/\/centretic.com\/etudiants\/wp-content\/uploads\/sites\/3\/2021\/06\/photo-bibliotheque-2-640x427.jpg 640w, https:\/\/centretic.com\/etudiants\/wp-content\/uploads\/sites\/3\/2021\/06\/photo-bibliotheque-2-1100x733.jpg 1100w, https:\/\/centretic.com\/etudiants\/wp-content\/uploads\/sites\/3\/2021\/06\/photo-bibliotheque-2.jpg 1280w\" sizes=\"auto, (max-width: 1024px) 100vw, 1024px\" \/><\/figure>\n\n\n\n<ul>\n    <li><a href=\"https:\/\/forms.office.com\/Pages\/ResponsePage.aspx?id=4xAFiCq0g0SpB3XNGePOupBsS4of1jRDq7Gv6soU7E5UMDA4N01WVVM0VjlDUFVKSlRYT1lCR1k4US4u\" target=\"_blank\" rel=\"noopener\">Lien vers le quiz<\/a><\/li>\n<\/ul>\n\n\n\n<h4 class=\"wp-block-heading\"><\/h4>\n<\/div>\n<\/div>\n","protected":false},"excerpt":{"rendered":"<p>Voici quelques strat\u00e9gies pour r\u00e9aliser un travail de recherche de mani\u00e8re efficace. \u00c9tape 1 &#8211; [&hellip;]<\/p>\n","protected":false},"author":1,"featured_media":0,"parent":0,"menu_order":0,"comment_status":"closed","ping_status":"closed","template":"","meta":{"footnotes":""},"class_list":["post-386","page","type-page","status-publish","hentry","entry","grid"],"_links":{"self":[{"href":"https:\/\/centretic.com\/etudiants\/wp-json\/wp\/v2\/pages\/386","targetHints":{"allow":["GET"]}}],"collection":[{"href":"https:\/\/centretic.com\/etudiants\/wp-json\/wp\/v2\/pages"}],"about":[{"href":"https:\/\/centretic.com\/etudiants\/wp-json\/wp\/v2\/types\/page"}],"author":[{"embeddable":true,"href":"https:\/\/centretic.com\/etudiants\/wp-json\/wp\/v2\/users\/1"}],"replies":[{"embeddable":true,"href":"https:\/\/centretic.com\/etudiants\/wp-json\/wp\/v2\/comments?post=386"}],"version-history":[{"count":33,"href":"https:\/\/centretic.com\/etudiants\/wp-json\/wp\/v2\/pages\/386\/revisions"}],"predecessor-version":[{"id":1581,"href":"https:\/\/centretic.com\/etudiants\/wp-json\/wp\/v2\/pages\/386\/revisions\/1581"}],"wp:attachment":[{"href":"https:\/\/centretic.com\/etudiants\/wp-json\/wp\/v2\/media?parent=386"}],"curies":[{"name":"wp","href":"https:\/\/api.w.org\/{rel}","templated":true}]}}