{"id":328,"date":"2020-07-02T07:54:56","date_gmt":"2020-07-02T11:54:56","guid":{"rendered":"https:\/\/centretic.com\/etudiants\/?page_id=328"},"modified":"2026-02-12T08:44:41","modified_gmt":"2026-02-12T13:44:41","slug":"avant-de-debuter","status":"publish","type":"page","link":"https:\/\/centretic.com\/etudiants\/avant-de-debuter\/","title":{"rendered":"Avant de d\u00e9buter"},"content":{"rendered":"\n<hr class=\"wp-block-separator has-text-color has-alpha-channel-opacity has-background\" style=\"background-color:#f2f2f2;color:#f2f2f2\"\/>\n\n\n\n<h2 class=\"wp-block-heading\">Acc\u00e8s et connexion aux outils num\u00e9riques<\/h2>\n\n\n\n<p>Pour bien commencer ta session, assure toi d&rsquo;activer tes diff\u00e9rents acc\u00e8s et de bien les comprendre.<\/p>\n\n\n\n<p><strong>Au C\u00e9gep vous avez deux (2) mots de passe \u00e0 retenir :<\/strong><\/p>\n\n\n\n<div class=\"wp-block-columns is-layout-flex wp-container-core-columns-is-layout-9d6595d7 wp-block-columns-is-layout-flex\">\n<div class=\"wp-block-column is-layout-flow wp-block-column-is-layout-flow\">\n<figure class=\"wp-block-image aligncenter size-large is-resized\"><img loading=\"lazy\" decoding=\"async\" width=\"540\" height=\"720\" src=\"https:\/\/centretic.com\/etudiants\/wp-content\/uploads\/sites\/3\/2025\/12\/photo-netiquette-edited.jpg\" alt=\"\" class=\"wp-image-1541\" style=\"width:300px;height:auto; border-radius: 10px;\" srcset=\"https:\/\/centretic.com\/etudiants\/wp-content\/uploads\/sites\/3\/2025\/12\/photo-netiquette-edited.jpg 540w, https:\/\/centretic.com\/etudiants\/wp-content\/uploads\/sites\/3\/2025\/12\/photo-netiquette-edited-225x300.jpg 225w\" sizes=\"auto, (max-width: 540px) 100vw, 540px\" \/><\/figure>\n<\/div>\n\n\n\n<div class=\"wp-block-column is-vertically-aligned-center is-layout-flow wp-block-column-is-layout-flow\">\n<details class=\"wp-block-details is-layout-flow wp-block-details-is-layout-flow\"><summary><strong>Compte #1 Col.Net et COBA campus<\/strong><\/summary>\n<div class=\"wp-block-columns is-layout-flex wp-container-core-columns-is-layout-9d6595d7 wp-block-columns-is-layout-flex\">\n<div class=\"wp-block-column is-layout-flow wp-block-column-is-layout-flow\" style=\"flex-basis:100%\">\n<div class=\"wp-block-group is-vertical is-layout-flex wp-container-core-group-is-layout-8cf370e7 wp-block-group-is-layout-flex\">\n<p><mark style=\"background-color:rgba(0, 0, 0, 0)\" class=\"has-inline-color has-black-color\"><br><strong>Usager :<\/strong> num\u00e9ro de D.A. \u00e0 7 chiffres<br><\/mark><em><mark style=\"background-color:rgba(0, 0, 0, 0)\" class=\"has-inline-color has-black-color\">Exemple : 2512345<\/mark><br><\/em><mark style=\"background-color:rgba(0, 0, 0, 0)\" class=\"has-inline-color has-black-color\"><strong>Mot de passe \u00e0 la 1<sup>\u00e8re<\/sup> connexion:<\/strong> date de naissance sous le format AAAAMMJJ<\/mark><br><em><mark style=\"background-color:rgba(0, 0, 0, 0)\" class=\"has-inline-color has-black-color\">*Pour du soutien suppl\u00e9mentaire, vous rendre au registraire (local 600.1)<\/mark><\/em><\/p>\n\n\n\n<hr class=\"wp-block-separator has-alpha-channel-opacity\"\/>\n<\/div>\n<\/div>\n<\/div>\n<\/details>\n\n\n\n<details class=\"wp-block-details is-layout-flow wp-block-details-is-layout-flow\"><summary><strong>Compte #2 Microsoft Teams, Microsoft 365, Moodle, session sur un ordinateur<\/strong><\/summary>\n<p><mark style=\"background-color:rgba(0, 0, 0, 0)\" class=\"has-inline-color has-black-color\"><br><strong>Usager :<\/strong> D.A.@etu.cegepjonquiere.ca<br><\/mark><em><mark style=\"background-color:rgba(0, 0, 0, 0)\" class=\"has-inline-color has-black-color\">Exemple : 2512345@etu.cegepjonquiere.ca<\/mark><br><\/em><mark style=\"background-color:rgba(0, 0, 0, 0)\" class=\"has-inline-color has-black-color\"><strong>Mot de passe \u00e0 la 1<sup>\u00e8re<\/sup> connexion:<\/strong> <\/mark><\/p>\n\n\n\n<p>Les <strong>3 premi\u00e8res lettres du pr\u00e9nom<\/strong> (1<sup>\u00e8re<\/sup> lettre en majuscule, les 2 suivantes en minuscule)<\/p>\n\n\n\n<p>La <strong>1<sup>\u00e8re<\/sup> lettre du nom de famille<\/strong> en majuscule<\/p>\n\n\n\n<p>La <strong>date de naissance<\/strong> au format <strong>AAAAMMJJ<\/strong><\/p>\n\n\n\n<p>Ajouter une <strong>\u00e9toile (*)<\/strong> \u00e0 la fin<\/p>\n\n\n\n<p>Exemple: MarT20070405*<\/p>\n\n\n\n<p class=\"has-luminous-vivid-amber-background-color has-background\"><strong>Conditions du nouveau mot de passe #2:<br><\/strong>12 caract\u00e8res; 1 majuscule; 1 minuscule; 1 chiffre; 1 caract\u00e8re sp\u00e9cial (!, @, #, $, %, ?, &amp;, *, -, \/, etc.<br>Ne doit pas contenir votre date de naissance, votre nom, votre pr\u00e9nom, ni C\u00e9gep ou Jonqui\u00e8re.<\/p>\n<\/details>\n<\/div>\n<\/div>\n\n\n\n<hr class=\"wp-block-separator has-alpha-channel-opacity\"\/>\n\n\n\n<h2 class=\"wp-block-heading\">Proc\u00e9dures d\u2019activation et de connexion<\/h2>\n\n\n\n<div class=\"wp-block-group\"><div class=\"wp-block-group__inner-container is-layout-flow wp-block-group-is-layout-flow\">\n<div class=\"wp-block-columns is-layout-flex wp-container-core-columns-is-layout-9d6595d7 wp-block-columns-is-layout-flex\">\n<div class=\"wp-block-column is-layout-flow wp-block-column-is-layout-flow\">\n<h3 class=\"wp-block-heading\">\u00c9tape 1<\/h3>\n\n\n\n<p style=\"font-size:16px\">Connexion \u00e0 Microsoft 365<\/p>\n\n\n\n<figure class=\"wp-block-embed is-type-video is-provider-youtube wp-block-embed-youtube wp-embed-aspect-16-9 wp-has-aspect-ratio\"><div class=\"wp-block-embed__wrapper\">\n<iframe loading=\"lazy\" title=\"\u00c9tape 1 \u2013 Connexion \u00e0 Microsoft 365\" width=\"1100\" height=\"619\" src=\"https:\/\/www.youtube.com\/embed\/iM3n4QkYFg8?feature=oembed\" frameborder=\"0\" allow=\"accelerometer; autoplay; clipboard-write; encrypted-media; gyroscope; picture-in-picture; web-share\" referrerpolicy=\"strict-origin-when-cross-origin\" allowfullscreen><\/iframe>\n<\/div><\/figure>\n\n\n\n<p>Ton nom d\u2019utilisateur te permet d\u2019utiliser les diff\u00e9rents services informatiques \u00e0 partir des appareils du coll\u00e8ge ou de tes appareils personnels.<\/p>\n<\/div>\n\n\n\n<div class=\"wp-block-column is-layout-flow wp-block-column-is-layout-flow\">\n<h3 class=\"wp-block-heading\">\u00c9tape 2<\/h3>\n\n\n\n<p style=\"font-size:16px\">Configuration du double facteur d\u2019authentification<\/p>\n\n\n\n<figure class=\"wp-block-embed is-type-video is-provider-youtube wp-block-embed-youtube wp-embed-aspect-16-9 wp-has-aspect-ratio\"><div class=\"wp-block-embed__wrapper\">\n<iframe loading=\"lazy\" title=\"\u00c9tape 2 \u2013 Configuration du double facteur d\u2019authentification\" width=\"1100\" height=\"619\" src=\"https:\/\/www.youtube.com\/embed\/2JFNrqA0eRg?feature=oembed\" frameborder=\"0\" allow=\"accelerometer; autoplay; clipboard-write; encrypted-media; gyroscope; picture-in-picture; web-share\" referrerpolicy=\"strict-origin-when-cross-origin\" allowfullscreen><\/iframe>\n<\/div><\/figure>\n\n\n\n<p>Tu as acc\u00e8s au r\u00e9seau sans fil du c\u00e9gep pour ton ordinateur personnel ou ton appareil mobile.<\/p>\n<\/div>\n<\/div>\n<\/div><\/div>\n\n\n\n<div class=\"wp-block-group\"><div class=\"wp-block-group__inner-container is-layout-flow wp-block-group-is-layout-flow\">\n<div class=\"wp-block-columns is-layout-flex wp-container-core-columns-is-layout-9d6595d7 wp-block-columns-is-layout-flex\">\n<div class=\"wp-block-column is-layout-flow wp-block-column-is-layout-flow\">\n<h3 class=\"wp-block-heading\">\u00c9tape 3<\/h3>\n\n\n\n<p style=\"font-size:16px\">T\u00e9l\u00e9charger les applications de bureau Microsoft 365<\/p>\n\n\n\n<figure class=\"wp-block-embed is-type-video is-provider-youtube wp-block-embed-youtube wp-embed-aspect-16-9 wp-has-aspect-ratio\"><div class=\"wp-block-embed__wrapper\">\n<iframe loading=\"lazy\" title=\"\u00c9tape 3 \u2013 T\u00e9l\u00e9charger les applications de bureau Microsoft 365\" width=\"1100\" height=\"619\" src=\"https:\/\/www.youtube.com\/embed\/GdUVhlNw8mE?feature=oembed\" frameborder=\"0\" allow=\"accelerometer; autoplay; clipboard-write; encrypted-media; gyroscope; picture-in-picture; web-share\" referrerpolicy=\"strict-origin-when-cross-origin\" allowfullscreen><\/iframe>\n<\/div><\/figure>\n\n\n\n<p>En tant qu\u2019\u00e9tudiant\u00b7e au C\u00e9gep de Jonqui\u00e8re, tu as acc\u00e8s \u00e0 Microsoft 365 gratuitement. Besoin d\u2019en conna\u00eetre davantage sur ces applications? Consulte la section <a href=\"https:\/\/centretic.com\/etudiants\/tutoriels-videos\/\"><strong>Les APPS<\/strong><\/a>.<\/p>\n<\/div>\n\n\n\n<div class=\"wp-block-column is-layout-flow wp-block-column-is-layout-flow\">\n<h3 class=\"wp-block-heading\">\u00c9tape 4<\/h3>\n\n\n\n<p style=\"font-size:16px\">Acc\u00e8s \u00e0 Col.NET<\/p>\n\n\n\n<figure class=\"wp-block-embed is-type-video is-provider-youtube wp-block-embed-youtube wp-embed-aspect-16-9 wp-has-aspect-ratio\"><div class=\"wp-block-embed__wrapper\">\n<iframe loading=\"lazy\" title=\"Le portail Col.NET en trois questions faciles\" width=\"1100\" height=\"619\" src=\"https:\/\/www.youtube.com\/embed\/5eJeZo_-4jY?feature=oembed\" frameborder=\"0\" allow=\"accelerometer; autoplay; clipboard-write; encrypted-media; gyroscope; picture-in-picture; web-share\" referrerpolicy=\"strict-origin-when-cross-origin\" allowfullscreen><\/iframe>\n<\/div><\/figure>\n\n\n\n<p>Ce portail te permet de consulter ton horaire, tes r\u00e9sultats scolaires et les messages de l\u2019administration. Prends l\u2019habitude de le consulter r\u00e9guli\u00e8rement.<\/p>\n<\/div>\n<\/div>\n<\/div><\/div>\n\n\n\n<p><\/p>\n","protected":false},"excerpt":{"rendered":"<p>Acc\u00e8s et connexion aux outils num\u00e9riques Pour bien commencer ta session, assure toi d&rsquo;activer tes [&hellip;]<\/p>\n","protected":false},"author":1,"featured_media":0,"parent":0,"menu_order":0,"comment_status":"closed","ping_status":"closed","template":"","meta":{"footnotes":""},"class_list":["post-328","page","type-page","status-publish","hentry","entry","grid"],"_links":{"self":[{"href":"https:\/\/centretic.com\/etudiants\/wp-json\/wp\/v2\/pages\/328","targetHints":{"allow":["GET"]}}],"collection":[{"href":"https:\/\/centretic.com\/etudiants\/wp-json\/wp\/v2\/pages"}],"about":[{"href":"https:\/\/centretic.com\/etudiants\/wp-json\/wp\/v2\/types\/page"}],"author":[{"embeddable":true,"href":"https:\/\/centretic.com\/etudiants\/wp-json\/wp\/v2\/users\/1"}],"replies":[{"embeddable":true,"href":"https:\/\/centretic.com\/etudiants\/wp-json\/wp\/v2\/comments?post=328"}],"version-history":[{"count":148,"href":"https:\/\/centretic.com\/etudiants\/wp-json\/wp\/v2\/pages\/328\/revisions"}],"predecessor-version":[{"id":1589,"href":"https:\/\/centretic.com\/etudiants\/wp-json\/wp\/v2\/pages\/328\/revisions\/1589"}],"wp:attachment":[{"href":"https:\/\/centretic.com\/etudiants\/wp-json\/wp\/v2\/media?parent=328"}],"curies":[{"name":"wp","href":"https:\/\/api.w.org\/{rel}","templated":true}]}}