{"id":2,"date":"2020-03-09T15:26:02","date_gmt":"2020-03-09T14:26:02","guid":{"rendered":"https:\/\/centretic.com\/etudiants\/?page_id=2"},"modified":"2026-03-17T11:59:31","modified_gmt":"2026-03-17T15:59:31","slug":"page-d-exemple","status":"publish","type":"page","link":"https:\/\/centretic.com\/etudiants\/","title":{"rendered":"Bienvenue"},"content":{"rendered":"\n<div class=\"wp-block-columns alignwide is-layout-flex wp-container-core-columns-is-layout-9d6595d7 wp-block-columns-is-layout-flex\">\n<div class=\"wp-block-column is-layout-flow wp-block-column-is-layout-flow\" style=\"flex-basis:100%\">\n<p>Bienvenue sur le site du Centre TIC &#8211; \u00c9tudiant\u00b7es du C\u00e9gep de Jonqui\u00e8re. Chaque section pr\u00e9sente l&rsquo;information qui te sera utile pour d\u00e9velopper tes comp\u00e9tences num\u00e9riques et rendre tes conditions d\u2019apprentissage optimales.<\/p>\n<\/div>\n<\/div>\n\n\n\n<div class=\"wp-block-columns alignwide is-layout-flex wp-container-core-columns-is-layout-9d6595d7 wp-block-columns-is-layout-flex\">\n<div class=\"wp-block-column is-layout-flow wp-block-column-is-layout-flow\">\n<div class=\"wp-block-cover wp-duotone-unset-1\" style=\"min-height:220px;aspect-ratio:unset;\"><img loading=\"lazy\" decoding=\"async\" width=\"1024\" height=\"682\" class=\"wp-block-cover__image-background wp-image-28\" alt=\"\" src=\"https:\/\/centretic.com\/etudiants\/wp-content\/uploads\/sites\/3\/2020\/05\/photo-accompagnement-1024x682.jpg\" data-object-fit=\"cover\" srcset=\"https:\/\/centretic.com\/etudiants\/wp-content\/uploads\/sites\/3\/2020\/05\/photo-accompagnement-1024x682.jpg 1024w, https:\/\/centretic.com\/etudiants\/wp-content\/uploads\/sites\/3\/2020\/05\/photo-accompagnement-300x200.jpg 300w, https:\/\/centretic.com\/etudiants\/wp-content\/uploads\/sites\/3\/2020\/05\/photo-accompagnement-768x512.jpg 768w, https:\/\/centretic.com\/etudiants\/wp-content\/uploads\/sites\/3\/2020\/05\/photo-accompagnement-640x427.jpg 640w, https:\/\/centretic.com\/etudiants\/wp-content\/uploads\/sites\/3\/2020\/05\/photo-accompagnement-1100x733.jpg 1100w, https:\/\/centretic.com\/etudiants\/wp-content\/uploads\/sites\/3\/2020\/05\/photo-accompagnement.jpg 1280w\" sizes=\"auto, (max-width: 1024px) 100vw, 1024px\" \/><span aria-hidden=\"true\" class=\"wp-block-cover__background has-background-dim\"><\/span><div class=\"wp-block-cover__inner-container is-layout-flow wp-block-cover-is-layout-flow\">\n<p class=\"has-text-align-center has-large-font-size\"><a href=\"https:\/\/centretic.com\/etudiants\/avant-de-debuter\/\"><mark style=\"background-color:rgba(0, 0, 0, 0)\" class=\"has-inline-color has-white-color\">Nouveaux admis<\/mark><\/a><\/p>\n<\/div><\/div>\n<\/div>\n\n\n\n<div class=\"wp-block-column is-layout-flow wp-block-column-is-layout-flow\">\n<div class=\"wp-block-cover\" style=\"min-height:220px;aspect-ratio:unset;\"><img loading=\"lazy\" decoding=\"async\" width=\"1024\" height=\"682\" class=\"wp-block-cover__image-background wp-image-30\" alt=\"\" src=\"https:\/\/centretic.com\/etudiants\/wp-content\/uploads\/sites\/3\/2020\/05\/photo-diffusion-1024x682.jpg\" data-object-fit=\"cover\" srcset=\"https:\/\/centretic.com\/etudiants\/wp-content\/uploads\/sites\/3\/2020\/05\/photo-diffusion-1024x682.jpg 1024w, https:\/\/centretic.com\/etudiants\/wp-content\/uploads\/sites\/3\/2020\/05\/photo-diffusion-300x200.jpg 300w, https:\/\/centretic.com\/etudiants\/wp-content\/uploads\/sites\/3\/2020\/05\/photo-diffusion-768x512.jpg 768w, https:\/\/centretic.com\/etudiants\/wp-content\/uploads\/sites\/3\/2020\/05\/photo-diffusion-640x427.jpg 640w, https:\/\/centretic.com\/etudiants\/wp-content\/uploads\/sites\/3\/2020\/05\/photo-diffusion-1100x733.jpg 1100w, https:\/\/centretic.com\/etudiants\/wp-content\/uploads\/sites\/3\/2020\/05\/photo-diffusion.jpg 1280w\" sizes=\"auto, (max-width: 1024px) 100vw, 1024px\" \/><span aria-hidden=\"true\" class=\"wp-block-cover__background has-background-dim\"><\/span><div class=\"wp-block-cover__inner-container is-layout-flow wp-block-cover-is-layout-flow\">\n<p class=\"has-text-align-center has-large-font-size\"><a href=\"https:\/\/centretic.com\/etudiants\/les-apps\/\"><mark style=\"background-color:rgba(0, 0, 0, 0)\" class=\"has-inline-color has-white-color\">Support aux applications<\/mark><\/a><\/p>\n<\/div><\/div>\n<\/div>\n\n\n\n<div class=\"wp-block-column is-layout-flow wp-block-column-is-layout-flow\">\n<div class=\"wp-block-cover\" style=\"min-height:220px;aspect-ratio:unset;\"><img loading=\"lazy\" decoding=\"async\" width=\"1024\" height=\"682\" class=\"wp-block-cover__image-background wp-image-29\" alt=\"\" src=\"https:\/\/centretic.com\/etudiants\/wp-content\/uploads\/sites\/3\/2020\/05\/photo-adaptation-1024x682.jpg\" data-object-fit=\"cover\" srcset=\"https:\/\/centretic.com\/etudiants\/wp-content\/uploads\/sites\/3\/2020\/05\/photo-adaptation-1024x682.jpg 1024w, https:\/\/centretic.com\/etudiants\/wp-content\/uploads\/sites\/3\/2020\/05\/photo-adaptation-300x200.jpg 300w, https:\/\/centretic.com\/etudiants\/wp-content\/uploads\/sites\/3\/2020\/05\/photo-adaptation-768x512.jpg 768w, https:\/\/centretic.com\/etudiants\/wp-content\/uploads\/sites\/3\/2020\/05\/photo-adaptation-640x427.jpg 640w, https:\/\/centretic.com\/etudiants\/wp-content\/uploads\/sites\/3\/2020\/05\/photo-adaptation-1100x733.jpg 1100w, https:\/\/centretic.com\/etudiants\/wp-content\/uploads\/sites\/3\/2020\/05\/photo-adaptation.jpg 1280w\" sizes=\"auto, (max-width: 1024px) 100vw, 1024px\" \/><span aria-hidden=\"true\" class=\"wp-block-cover__background has-background-dim\"><\/span><div class=\"wp-block-cover__inner-container is-layout-flow wp-block-cover-is-layout-flow\">\n<p class=\"has-text-align-center has-large-font-size\"><a href=\"https:\/\/centretic.com\/etudiants\/travaux-scolaires\/\"><mark style=\"background-color:rgba(0, 0, 0, 0)\" class=\"has-inline-color has-white-color\">Support pour vos travaux scolaires<\/mark><\/a><\/p>\n<\/div><\/div>\n<\/div>\n<\/div>\n\n\n\n<div class=\"wp-block-columns alignwide is-layout-flex wp-container-core-columns-is-layout-9d6595d7 wp-block-columns-is-layout-flex\">\n<div class=\"wp-block-column is-layout-flow wp-block-column-is-layout-flow\">\n<div class=\"wp-block-cover\" style=\"min-height:220px;aspect-ratio:unset;\"><img loading=\"lazy\" decoding=\"async\" width=\"1024\" height=\"768\" class=\"wp-block-cover__image-background wp-image-1361 size-large\" alt=\"\" src=\"https:\/\/centretic.com\/etudiants\/wp-content\/uploads\/sites\/3\/2025\/02\/studio-balado-2025-1024x768.jpeg\" data-object-fit=\"cover\" srcset=\"https:\/\/centretic.com\/etudiants\/wp-content\/uploads\/sites\/3\/2025\/02\/studio-balado-2025-1024x768.jpeg 1024w, https:\/\/centretic.com\/etudiants\/wp-content\/uploads\/sites\/3\/2025\/02\/studio-balado-2025-300x225.jpeg 300w, https:\/\/centretic.com\/etudiants\/wp-content\/uploads\/sites\/3\/2025\/02\/studio-balado-2025-768x576.jpeg 768w, https:\/\/centretic.com\/etudiants\/wp-content\/uploads\/sites\/3\/2025\/02\/studio-balado-2025-1536x1152.jpeg 1536w, https:\/\/centretic.com\/etudiants\/wp-content\/uploads\/sites\/3\/2025\/02\/studio-balado-2025-2048x1536.jpeg 2048w, https:\/\/centretic.com\/etudiants\/wp-content\/uploads\/sites\/3\/2025\/02\/studio-balado-2025-320x240.jpeg 320w, https:\/\/centretic.com\/etudiants\/wp-content\/uploads\/sites\/3\/2025\/02\/studio-balado-2025-640x480.jpeg 640w, https:\/\/centretic.com\/etudiants\/wp-content\/uploads\/sites\/3\/2025\/02\/studio-balado-2025-1100x825.jpeg 1100w, https:\/\/centretic.com\/etudiants\/wp-content\/uploads\/sites\/3\/2025\/02\/studio-balado-2025-1440x1080.jpeg 1440w, https:\/\/centretic.com\/etudiants\/wp-content\/uploads\/sites\/3\/2025\/02\/studio-balado-2025-2000x1500.jpeg 2000w\" sizes=\"auto, (max-width: 1024px) 100vw, 1024px\" \/><span aria-hidden=\"true\" class=\"wp-block-cover__background has-background-dim\" style=\"background-color:#7b6856\"><\/span><div class=\"wp-block-cover__inner-container is-layout-flow wp-block-cover-is-layout-flow\">\n<p class=\"has-text-align-center has-large-font-size\"><a href=\"https:\/\/centretic.com\/etudiants\/studio-balado\/\" data-type=\"page\" data-id=\"1290\"><mark style=\"background-color:rgba(0, 0, 0, 0)\" class=\"has-inline-color has-white-color\">Studio Balado<\/mark><\/a><\/p>\n<\/div><\/div>\n<\/div>\n\n\n\n<div class=\"wp-block-column is-layout-flow wp-block-column-is-layout-flow\">\n<div class=\"wp-block-cover\" style=\"min-height:220px;aspect-ratio:unset;\"><img loading=\"lazy\" decoding=\"async\" width=\"960\" height=\"640\" class=\"wp-block-cover__image-background wp-image-1436\" alt=\"\" src=\"https:\/\/centretic.com\/etudiants\/wp-content\/uploads\/sites\/3\/2025\/08\/a-la-conquete-2.png\" data-object-fit=\"cover\" srcset=\"https:\/\/centretic.com\/etudiants\/wp-content\/uploads\/sites\/3\/2025\/08\/a-la-conquete-2.png 960w, https:\/\/centretic.com\/etudiants\/wp-content\/uploads\/sites\/3\/2025\/08\/a-la-conquete-2-300x200.png 300w, https:\/\/centretic.com\/etudiants\/wp-content\/uploads\/sites\/3\/2025\/08\/a-la-conquete-2-768x512.png 768w, https:\/\/centretic.com\/etudiants\/wp-content\/uploads\/sites\/3\/2025\/08\/a-la-conquete-2-640x427.png 640w\" sizes=\"auto, (max-width: 960px) 100vw, 960px\" \/><span aria-hidden=\"true\" class=\"wp-block-cover__background has-background-dim\"><\/span><div class=\"wp-block-cover__inner-container is-layout-flow wp-block-cover-is-layout-flow\">\n<p class=\"has-text-align-center has-large-font-size\"><a href=\"https:\/\/centretic.com\/etudiants\/a-la-conquete-du-numerique\/\" data-type=\"page\" data-id=\"1379\"><mark style=\"background-color:rgba(0, 0, 0, 0)\" class=\"has-inline-color has-white-color\">Formation &#8211; \u00c0 la conqu\u00eate<\/mark><\/a><\/p>\n<\/div><\/div>\n<\/div>\n\n\n\n<div class=\"wp-block-column is-layout-flow wp-block-column-is-layout-flow\">\n<div class=\"wp-block-cover\" style=\"min-height:220px;aspect-ratio:unset;\"><img loading=\"lazy\" decoding=\"async\" width=\"1024\" height=\"683\" class=\"wp-block-cover__image-background wp-image-767\" alt=\"\" src=\"https:\/\/centretic.com\/etudiants\/wp-content\/uploads\/sites\/3\/2021\/06\/photo-netiquette-1024x683.jpg\" data-object-fit=\"cover\" srcset=\"https:\/\/centretic.com\/etudiants\/wp-content\/uploads\/sites\/3\/2021\/06\/photo-netiquette-1024x683.jpg 1024w, https:\/\/centretic.com\/etudiants\/wp-content\/uploads\/sites\/3\/2021\/06\/photo-netiquette-300x200.jpg 300w, https:\/\/centretic.com\/etudiants\/wp-content\/uploads\/sites\/3\/2021\/06\/photo-netiquette-768x512.jpg 768w, https:\/\/centretic.com\/etudiants\/wp-content\/uploads\/sites\/3\/2021\/06\/photo-netiquette-640x427.jpg 640w, https:\/\/centretic.com\/etudiants\/wp-content\/uploads\/sites\/3\/2021\/06\/photo-netiquette.jpg 1080w\" sizes=\"auto, (max-width: 1024px) 100vw, 1024px\" \/><span aria-hidden=\"true\" class=\"wp-block-cover__background has-background-dim\"><\/span><div class=\"wp-block-cover__inner-container is-layout-flow wp-block-cover-is-layout-flow\">\n<p class=\"has-text-align-center has-large-font-size\"><a href=\"https:\/\/centretic.com\/etudiants\/wp-content\/uploads\/sites\/3\/2021\/05\/Netiquette_1dec2020.pdf\" target=\"_blank\" rel=\"noreferrer noopener\"><mark style=\"background-color:rgba(0, 0, 0, 0)\" class=\"has-inline-color has-white-color\">Cours en ligne<\/mark><\/a><\/p>\n<\/div><\/div>\n<\/div>\n<\/div>\n\n\n\n<div class=\"wp-block-columns alignwide is-layout-flex wp-container-core-columns-is-layout-9d6595d7 wp-block-columns-is-layout-flex\">\n<div class=\"wp-block-column is-layout-flow wp-block-column-is-layout-flow\"><\/div>\n\n\n\n<div class=\"wp-block-column is-layout-flow wp-block-column-is-layout-flow\">\n<div class=\"wp-block-cover\" style=\"min-height:220px;aspect-ratio:unset;\"><img loading=\"lazy\" decoding=\"async\" width=\"1024\" height=\"682\" class=\"wp-block-cover__image-background wp-image-33\" alt=\"\" src=\"https:\/\/centretic.com\/etudiants\/wp-content\/uploads\/sites\/3\/2020\/05\/photo-evaluation-1024x682.jpg\" data-object-fit=\"cover\" srcset=\"https:\/\/centretic.com\/etudiants\/wp-content\/uploads\/sites\/3\/2020\/05\/photo-evaluation-1024x682.jpg 1024w, https:\/\/centretic.com\/etudiants\/wp-content\/uploads\/sites\/3\/2020\/05\/photo-evaluation-300x200.jpg 300w, https:\/\/centretic.com\/etudiants\/wp-content\/uploads\/sites\/3\/2020\/05\/photo-evaluation-768x512.jpg 768w, https:\/\/centretic.com\/etudiants\/wp-content\/uploads\/sites\/3\/2020\/05\/photo-evaluation-640x427.jpg 640w, https:\/\/centretic.com\/etudiants\/wp-content\/uploads\/sites\/3\/2020\/05\/photo-evaluation-1100x733.jpg 1100w, https:\/\/centretic.com\/etudiants\/wp-content\/uploads\/sites\/3\/2020\/05\/photo-evaluation.jpg 1280w\" sizes=\"auto, (max-width: 1024px) 100vw, 1024px\" \/><span aria-hidden=\"true\" class=\"wp-block-cover__background has-background-dim\"><\/span><div class=\"wp-block-cover__inner-container is-layout-flow wp-block-cover-is-layout-flow\">\n<p class=\"has-text-align-center has-large-font-size\"><a href=\"https:\/\/centretic.com\/etudiants\/besoin-d-aide\/\"><mark style=\"background-color:rgba(0, 0, 0, 0)\" class=\"has-inline-color has-white-color\">Besoin d&rsquo;aide?<\/mark><\/a><\/p>\n<\/div><\/div>\n<\/div>\n\n\n\n<div class=\"wp-block-column is-layout-flow wp-block-column-is-layout-flow\">\n<h4 class=\"wp-block-heading\"><\/h4>\n<\/div>\n<\/div>\n\n\n\n<p><\/p>\n","protected":false},"excerpt":{"rendered":"<p>Bienvenue sur le site du Centre TIC &#8211; \u00c9tudiant\u00b7es du C\u00e9gep de Jonqui\u00e8re. Chaque section [&hellip;]<\/p>\n","protected":false},"author":1,"featured_media":0,"parent":0,"menu_order":0,"comment_status":"closed","ping_status":"open","template":"","meta":{"footnotes":""},"class_list":["post-2","page","type-page","status-publish","hentry","entry","grid"],"_links":{"self":[{"href":"https:\/\/centretic.com\/etudiants\/wp-json\/wp\/v2\/pages\/2","targetHints":{"allow":["GET"]}}],"collection":[{"href":"https:\/\/centretic.com\/etudiants\/wp-json\/wp\/v2\/pages"}],"about":[{"href":"https:\/\/centretic.com\/etudiants\/wp-json\/wp\/v2\/types\/page"}],"author":[{"embeddable":true,"href":"https:\/\/centretic.com\/etudiants\/wp-json\/wp\/v2\/users\/1"}],"replies":[{"embeddable":true,"href":"https:\/\/centretic.com\/etudiants\/wp-json\/wp\/v2\/comments?post=2"}],"version-history":[{"count":53,"href":"https:\/\/centretic.com\/etudiants\/wp-json\/wp\/v2\/pages\/2\/revisions"}],"predecessor-version":[{"id":1605,"href":"https:\/\/centretic.com\/etudiants\/wp-json\/wp\/v2\/pages\/2\/revisions\/1605"}],"wp:attachment":[{"href":"https:\/\/centretic.com\/etudiants\/wp-json\/wp\/v2\/media?parent=2"}],"curies":[{"name":"wp","href":"https:\/\/api.w.org\/{rel}","templated":true}]}}