{"id":173,"date":"2020-06-03T08:59:46","date_gmt":"2020-06-03T12:59:46","guid":{"rendered":"https:\/\/centretic.com\/etudiants\/?page_id=173"},"modified":"2026-02-11T08:32:31","modified_gmt":"2026-02-11T13:32:31","slug":"travaux-scolaires","status":"publish","type":"page","link":"https:\/\/centretic.com\/etudiants\/travaux-scolaires\/","title":{"rendered":"Travaux scolaires"},"content":{"rendered":"\n<p>En tant qu\u2019\u00e9tudiant\u00b7e au C\u00e9gep de Jonqui\u00e8re, tu dois t\u2019engager \u00e0 agir avec int\u00e9grit\u00e9 intellectuelle et citer correctement tes sources. Voici toute l\u2019information que tu dois savoir avant de d\u00e9poser un travail.<\/p>\n\n\n\n<div class=\"wp-block-columns is-layout-flex wp-container-core-columns-is-layout-9d6595d7 wp-block-columns-is-layout-flex\">\n<div class=\"wp-block-column is-layout-flow wp-block-column-is-layout-flow\">\n<h4 class=\"wp-block-heading\">L&rsquo;int\u00e9grit\u00e9 intellectuelle, c&rsquo;est quoi?<\/h4>\n\n\n\n<figure class=\"wp-block-image size-large\"><img loading=\"lazy\" decoding=\"async\" width=\"1024\" height=\"682\" src=\"https:\/\/centretic.com\/etudiants\/wp-content\/uploads\/sites\/3\/2021\/06\/photo-portable-1-1024x682.jpg\" alt=\"\" class=\"wp-image-775\" style=\"border-radius: 10px;\" srcset=\"https:\/\/centretic.com\/etudiants\/wp-content\/uploads\/sites\/3\/2021\/06\/photo-portable-1-1024x682.jpg 1024w, https:\/\/centretic.com\/etudiants\/wp-content\/uploads\/sites\/3\/2021\/06\/photo-portable-1-300x200.jpg 300w, https:\/\/centretic.com\/etudiants\/wp-content\/uploads\/sites\/3\/2021\/06\/photo-portable-1-768x512.jpg 768w, https:\/\/centretic.com\/etudiants\/wp-content\/uploads\/sites\/3\/2021\/06\/photo-portable-1-640x427.jpg 640w, https:\/\/centretic.com\/etudiants\/wp-content\/uploads\/sites\/3\/2021\/06\/photo-portable-1-1100x733.jpg 1100w, https:\/\/centretic.com\/etudiants\/wp-content\/uploads\/sites\/3\/2021\/06\/photo-portable-1.jpg 1280w\" sizes=\"auto, (max-width: 1024px) 100vw, 1024px\" \/><\/figure>\n\n\n\n<p>Faire preuve d\u2019int\u00e9grit\u00e9 intellectuelle c\u2019est exprimer les id\u00e9es qui sont les siennes, citer ses sources, pr\u00e9senter de l&rsquo;information v\u00e9ridique.<\/p>\n<\/div>\n\n\n\n<div class=\"wp-block-column is-layout-flow wp-block-column-is-layout-flow\">\n<h4 class=\"wp-block-heading\">Qu\u2019est-ce que le plagiat?<\/h4>\n\n\n\n<figure class=\"wp-block-image size-large\"><img loading=\"lazy\" decoding=\"async\" width=\"1024\" height=\"682\" src=\"https:\/\/centretic.com\/etudiants\/wp-content\/uploads\/sites\/3\/2021\/06\/photo-classe-1024x682.jpg\" alt=\"\" class=\"wp-image-781\" style=\"border-radius: 10px;\" srcset=\"https:\/\/centretic.com\/etudiants\/wp-content\/uploads\/sites\/3\/2021\/06\/photo-classe-1024x682.jpg 1024w, https:\/\/centretic.com\/etudiants\/wp-content\/uploads\/sites\/3\/2021\/06\/photo-classe-300x200.jpg 300w, https:\/\/centretic.com\/etudiants\/wp-content\/uploads\/sites\/3\/2021\/06\/photo-classe-768x512.jpg 768w, https:\/\/centretic.com\/etudiants\/wp-content\/uploads\/sites\/3\/2021\/06\/photo-classe-640x427.jpg 640w, https:\/\/centretic.com\/etudiants\/wp-content\/uploads\/sites\/3\/2021\/06\/photo-classe-1100x733.jpg 1100w, https:\/\/centretic.com\/etudiants\/wp-content\/uploads\/sites\/3\/2021\/06\/photo-classe.jpg 1280w\" sizes=\"auto, (max-width: 1024px) 100vw, 1024px\" \/><\/figure>\n\n\n\n<p>C\u2019est laisser entendre, intentionnellement ou non, que tu es l\u2019auteur\u00b7e d\u2019une id\u00e9e originale (texte, image, donn\u00e9es, etc.) alors que ce n\u2019est pas le cas.<\/p>\n\n\n\n<p>Tout\u00b7e \u00e9tudiant\u00b7e qui commet un acte de plagiat s\u2019expose \u00e0 une sanction disciplinaire (PIEA, article 6.3.8).<\/p>\n<\/div>\n<\/div>\n\n\n\n<div class=\"wp-block-columns is-layout-flex wp-container-core-columns-is-layout-9d6595d7 wp-block-columns-is-layout-flex\">\n<div class=\"wp-block-column is-layout-flow wp-block-column-is-layout-flow\">\n<h4 class=\"wp-block-heading\">Ton travail est-il pr\u00eat \u00e0 \u00eatre remis?<\/h4>\n\n\n\n<figure class=\"wp-block-image size-large\"><img loading=\"lazy\" decoding=\"async\" width=\"1024\" height=\"682\" src=\"https:\/\/centretic.com\/etudiants\/wp-content\/uploads\/sites\/3\/2021\/06\/photo-travail-remise-1024x682.jpg\" alt=\"\" class=\"wp-image-773\" style=\"border-radius: 10px;\" srcset=\"https:\/\/centretic.com\/etudiants\/wp-content\/uploads\/sites\/3\/2021\/06\/photo-travail-remise-1024x682.jpg 1024w, https:\/\/centretic.com\/etudiants\/wp-content\/uploads\/sites\/3\/2021\/06\/photo-travail-remise-300x200.jpg 300w, https:\/\/centretic.com\/etudiants\/wp-content\/uploads\/sites\/3\/2021\/06\/photo-travail-remise-768x512.jpg 768w, https:\/\/centretic.com\/etudiants\/wp-content\/uploads\/sites\/3\/2021\/06\/photo-travail-remise-640x427.jpg 640w, https:\/\/centretic.com\/etudiants\/wp-content\/uploads\/sites\/3\/2021\/06\/photo-travail-remise-1100x733.jpg 1100w, https:\/\/centretic.com\/etudiants\/wp-content\/uploads\/sites\/3\/2021\/06\/photo-travail-remise.jpg 1280w\" sizes=\"auto, (max-width: 1024px) 100vw, 1024px\" \/><\/figure>\n\n\n\n<p>Consulte cet <strong><a href=\"https:\/\/centretic.com\/etudiants\/wp-content\/uploads\/sites\/3\/2022\/09\/Plagiat-5-questions-statique.pdf\" target=\"_blank\" rel=\"noreferrer noopener\">arbre d\u00e9cisionnel<\/a><\/strong> ou cet <strong><a href=\"https:\/\/centretic.com\/etudiants\/wp-content\/uploads\/sites\/3\/2022\/09\/Plagiat-questions.ppsx\" target=\"_blank\" rel=\"noreferrer noopener\">outil interactif<\/a><\/strong> pour t\u2019assurer de l\u2019int\u00e9grit\u00e9 intellectuelle de ton travail.<\/p>\n<\/div>\n\n\n\n<div class=\"wp-block-column is-layout-flow wp-block-column-is-layout-flow\">\n<h4 class=\"wp-block-heading\">Respectes-tu le droit d\u2019auteur?<\/h4>\n\n\n\n<figure class=\"wp-block-image size-large\"><img loading=\"lazy\" decoding=\"async\" width=\"1024\" height=\"682\" src=\"https:\/\/centretic.com\/etudiants\/wp-content\/uploads\/sites\/3\/2021\/06\/photo-droits-auteur-1-1-1024x682.jpg\" alt=\"\" class=\"wp-image-771\" style=\"border-radius: 10px;\" srcset=\"https:\/\/centretic.com\/etudiants\/wp-content\/uploads\/sites\/3\/2021\/06\/photo-droits-auteur-1-1-1024x682.jpg 1024w, https:\/\/centretic.com\/etudiants\/wp-content\/uploads\/sites\/3\/2021\/06\/photo-droits-auteur-1-1-300x200.jpg 300w, https:\/\/centretic.com\/etudiants\/wp-content\/uploads\/sites\/3\/2021\/06\/photo-droits-auteur-1-1-768x512.jpg 768w, https:\/\/centretic.com\/etudiants\/wp-content\/uploads\/sites\/3\/2021\/06\/photo-droits-auteur-1-1-640x427.jpg 640w, https:\/\/centretic.com\/etudiants\/wp-content\/uploads\/sites\/3\/2021\/06\/photo-droits-auteur-1-1-1100x733.jpg 1100w, https:\/\/centretic.com\/etudiants\/wp-content\/uploads\/sites\/3\/2021\/06\/photo-droits-auteur-1-1.jpg 1280w\" sizes=\"auto, (max-width: 1024px) 100vw, 1024px\" \/><\/figure>\n\n\n\n<p>Teste tes connaissances avec ce <a href=\"https:\/\/forms.office.com\/Pages\/ResponsePage.aspx?id=4xAFiCq0g0SpB3XNGePOupBsS4of1jRDq7Gv6soU7E5UMDA4N01WVVM0VjlDUFVKSlRYT1lCR1k4US4u&amp;wdLOR=cA7B09577-AB20-CB4D-B126-07D6308CCC63\" target=\"_blank\" rel=\"noreferrer noopener\"><strong>quiz<\/strong>.<\/a><\/p>\n<\/div>\n<\/div>\n\n\n\n<div class=\"wp-block-columns is-layout-flex wp-container-core-columns-is-layout-9d6595d7 wp-block-columns-is-layout-flex\">\n<div class=\"wp-block-column is-layout-flow wp-block-column-is-layout-flow\">\n<h4 class=\"wp-block-heading\">Connais-tu Turnitin?<\/h4>\n\n\n\n<figure class=\"wp-block-image size-large\"><img loading=\"lazy\" decoding=\"async\" width=\"1024\" height=\"682\" src=\"https:\/\/centretic.com\/etudiants\/wp-content\/uploads\/sites\/3\/2021\/06\/photo-etudiants-1024x682.jpg\" alt=\"\" class=\"wp-image-779\" style=\"border-radius: 10px;\" srcset=\"https:\/\/centretic.com\/etudiants\/wp-content\/uploads\/sites\/3\/2021\/06\/photo-etudiants-1024x682.jpg 1024w, https:\/\/centretic.com\/etudiants\/wp-content\/uploads\/sites\/3\/2021\/06\/photo-etudiants-300x200.jpg 300w, https:\/\/centretic.com\/etudiants\/wp-content\/uploads\/sites\/3\/2021\/06\/photo-etudiants-768x512.jpg 768w, https:\/\/centretic.com\/etudiants\/wp-content\/uploads\/sites\/3\/2021\/06\/photo-etudiants-640x427.jpg 640w, https:\/\/centretic.com\/etudiants\/wp-content\/uploads\/sites\/3\/2021\/06\/photo-etudiants-1100x733.jpg 1100w, https:\/\/centretic.com\/etudiants\/wp-content\/uploads\/sites\/3\/2021\/06\/photo-etudiants.jpg 1280w\" sizes=\"auto, (max-width: 1024px) 100vw, 1024px\" \/><\/figure>\n\n\n\n<p>Turnitin est un logiciel de d\u00e9tection de similarit\u00e9 utilis\u00e9 par certaines personnes enseignantes pour v\u00e9rifier l\u2019int\u00e9grit\u00e9 de ton travail.<\/p>\n\n\n\n<p>Assure-toi d\u2019avoir bien not\u00e9 tes sources.<\/p>\n<\/div>\n\n\n\n<div class=\"wp-block-column is-layout-flow wp-block-column-is-layout-flow\">\n<h4 class=\"wp-block-heading\"><strong>Comment citer ses sources?<\/strong><\/h4>\n\n\n\n<figure class=\"wp-block-image size-large\"><img loading=\"lazy\" decoding=\"async\" width=\"1024\" height=\"682\" src=\"https:\/\/centretic.com\/etudiants\/wp-content\/uploads\/sites\/3\/2021\/06\/photo-bibliotheque-1024x682.jpg\" alt=\"\" class=\"wp-image-783\" style=\"border-radius: 10px;\" srcset=\"https:\/\/centretic.com\/etudiants\/wp-content\/uploads\/sites\/3\/2021\/06\/photo-bibliotheque-1024x682.jpg 1024w, https:\/\/centretic.com\/etudiants\/wp-content\/uploads\/sites\/3\/2021\/06\/photo-bibliotheque-300x200.jpg 300w, https:\/\/centretic.com\/etudiants\/wp-content\/uploads\/sites\/3\/2021\/06\/photo-bibliotheque-768x512.jpg 768w, https:\/\/centretic.com\/etudiants\/wp-content\/uploads\/sites\/3\/2021\/06\/photo-bibliotheque-640x427.jpg 640w, https:\/\/centretic.com\/etudiants\/wp-content\/uploads\/sites\/3\/2021\/06\/photo-bibliotheque-1100x733.jpg 1100w, https:\/\/centretic.com\/etudiants\/wp-content\/uploads\/sites\/3\/2021\/06\/photo-bibliotheque.jpg 1280w\" sizes=\"auto, (max-width: 1024px) 100vw, 1024px\" \/><\/figure>\n\n\n\n<p>L\u2019outil bibliographique <a href=\"https:\/\/mondiapason.ca\/fichiers\/OutilBibliographique\/\" target=\"_blank\" rel=\"noreferrer noopener\"><strong>Diapason<\/strong><\/a> peut t\u2019aider! En trois \u00e9tapes faciles, tu sauras comment citer une image, une carte g\u00e9ographique, un article ou tout autre document.<\/p>\n<\/div>\n<\/div>\n\n\n\n<div class=\"wp-block-columns is-layout-flex wp-container-core-columns-is-layout-9d6595d7 wp-block-columns-is-layout-flex\">\n<div class=\"wp-block-column is-layout-flow wp-block-column-is-layout-flow\">\n<h4 class=\"wp-block-heading\">Tu as besoin d\u2019aide?<\/h4>\n\n\n\n<figure class=\"wp-block-image size-large\"><img loading=\"lazy\" decoding=\"async\" width=\"1024\" height=\"683\" src=\"https:\/\/centretic.com\/etudiants\/wp-content\/uploads\/sites\/3\/2025\/12\/Image-1024x683.jpg\" alt=\"\" class=\"wp-image-1519\" style=\"border-radius: 10px;\" srcset=\"https:\/\/centretic.com\/etudiants\/wp-content\/uploads\/sites\/3\/2025\/12\/Image-1024x683.jpg 1024w, https:\/\/centretic.com\/etudiants\/wp-content\/uploads\/sites\/3\/2025\/12\/Image-300x200.jpg 300w, https:\/\/centretic.com\/etudiants\/wp-content\/uploads\/sites\/3\/2025\/12\/Image-768x512.jpg 768w, https:\/\/centretic.com\/etudiants\/wp-content\/uploads\/sites\/3\/2025\/12\/Image-1536x1024.jpg 1536w, https:\/\/centretic.com\/etudiants\/wp-content\/uploads\/sites\/3\/2025\/12\/Image-2048x1365.jpg 2048w, https:\/\/centretic.com\/etudiants\/wp-content\/uploads\/sites\/3\/2025\/12\/Image-640x427.jpg 640w, https:\/\/centretic.com\/etudiants\/wp-content\/uploads\/sites\/3\/2025\/12\/Image-1100x733.jpg 1100w, https:\/\/centretic.com\/etudiants\/wp-content\/uploads\/sites\/3\/2025\/12\/Image-1440x960.jpg 1440w, https:\/\/centretic.com\/etudiants\/wp-content\/uploads\/sites\/3\/2025\/12\/Image-2000x1333.jpg 2000w\" sizes=\"auto, (max-width: 1024px) 100vw, 1024px\" \/><\/figure>\n\n\n\n<p>N\u2019h\u00e9site pas \u00e0 consulter une personne-ressource \u00e0 la biblioth\u00e8que. Tu peux envoyer ta question par Teams \u00e0&nbsp;: <a href=\"https:\/\/teams.microsoft.com\/l\/chat\/0\/0?users=fabiennesimard@cegepjonquiere.ca\" target=\"_blank\" rel=\"noreferrer noopener\">Fabienne Simard<\/a>, <a href=\"https:\/\/teams.microsoft.com\/l\/chat\/0\/0?users=melaniebouchard@cegepjonquiere.ca\" target=\"_blank\" rel=\"noreferrer noopener\">M\u00e9lanie Bouchard<\/a> ou <a href=\"https:\/\/teams.microsoft.com\/l\/chat\/0\/0?users=andreedesruisseaux@cegepjonquiere.ca\" target=\"_blank\" rel=\"noreferrer noopener\">Andr\u00e9e Desruisseaux<\/a><\/p>\n<\/div>\n\n\n\n<div class=\"wp-block-column is-layout-flow wp-block-column-is-layout-flow\">\n<h4 class=\"wp-block-heading\"><\/h4>\n\n\n<div class=\"wp-block-image\">\n<figure class=\"aligncenter size-large is-resized\"><img loading=\"lazy\" decoding=\"async\" width=\"582\" height=\"900\" src=\"https:\/\/centretic.com\/etudiants\/wp-content\/uploads\/sites\/3\/2021\/05\/Copier-coller-citer.jpg\" alt=\"\" class=\"wp-image-673\" style=\"width:272px;height:auto; border-radius:10px;\" srcset=\"https:\/\/centretic.com\/etudiants\/wp-content\/uploads\/sites\/3\/2021\/05\/Copier-coller-citer.jpg 582w, https:\/\/centretic.com\/etudiants\/wp-content\/uploads\/sites\/3\/2021\/05\/Copier-coller-citer-194x300.jpg 194w\" sizes=\"auto, (max-width: 582px) 100vw, 582px\" \/><\/figure>\n<\/div>\n\n\n<p><\/p>\n<\/div>\n<\/div>\n\n\n\n<div style=\"height:30px\" aria-hidden=\"true\" class=\"wp-block-spacer\"><\/div>\n\n\n\n<h2 class=\"wp-block-heading\">Remise des travaux<\/h2>\n\n\n\n<div style=\"height:30px\" aria-hidden=\"true\" class=\"wp-block-spacer\"><\/div>\n\n\n\n<div class=\"wp-block-group\"><div class=\"wp-block-group__inner-container is-layout-flow wp-block-group-is-layout-flow\">\n<div class=\"wp-block-columns is-layout-flex wp-container-core-columns-is-layout-9d6595d7 wp-block-columns-is-layout-flex\">\n<div class=\"wp-block-column is-layout-flow wp-block-column-is-layout-flow\">\n<figure class=\"wp-block-image size-large\"><img loading=\"lazy\" decoding=\"async\" width=\"1024\" height=\"682\" src=\"https:\/\/centretic.com\/etudiants\/wp-content\/uploads\/sites\/3\/2020\/05\/photo-adaptation-1024x682.jpg\" alt=\"\" class=\"wp-image-29\" style=\"border-radius: 10px;\" srcset=\"https:\/\/centretic.com\/etudiants\/wp-content\/uploads\/sites\/3\/2020\/05\/photo-adaptation-1024x682.jpg 1024w, https:\/\/centretic.com\/etudiants\/wp-content\/uploads\/sites\/3\/2020\/05\/photo-adaptation-300x200.jpg 300w, https:\/\/centretic.com\/etudiants\/wp-content\/uploads\/sites\/3\/2020\/05\/photo-adaptation-768x512.jpg 768w, https:\/\/centretic.com\/etudiants\/wp-content\/uploads\/sites\/3\/2020\/05\/photo-adaptation-640x427.jpg 640w, https:\/\/centretic.com\/etudiants\/wp-content\/uploads\/sites\/3\/2020\/05\/photo-adaptation-1100x733.jpg 1100w, https:\/\/centretic.com\/etudiants\/wp-content\/uploads\/sites\/3\/2020\/05\/photo-adaptation.jpg 1280w\" sizes=\"auto, (max-width: 1024px) 100vw, 1024px\" \/><\/figure>\n<\/div>\n\n\n\n<div class=\"wp-block-column is-layout-flow wp-block-column-is-layout-flow\">\n<p><strong><a href=\"https:\/\/centretic.com\/travailscolaire.pdf\" target=\"_blank\" rel=\"noreferrer noopener\">Guide de pr\u00e9sentation<\/a><\/strong> d\u2019un&nbsp;travail scolaire au C\u00e9gep de Jonqui\u00e8re.<\/p>\n\n\n\n<p><a href=\"https:\/\/centretic.com\/etudiants\/wp-content\/uploads\/sites\/3\/2021\/08\/Guide-de-presentation-cecc.pdf\" target=\"_blank\" rel=\"noreferrer noopener\"><strong>Guide de pr\u00e9sentation<\/strong><\/a> d\u2019un&nbsp;travail scolaire au Centre d&rsquo;\u00e9tudes coll\u00e9giales en Charlevoix.<\/p>\n\n\n\n<p><strong>Gabarits \u00e0 t\u00e9l\u00e9charger<\/strong> :<\/p>\n\n\n\n<ul class=\"wp-block-list\">\n<li><a href=\"https:\/\/centretic.com\/etudiants\/wp-content\/uploads\/sites\/3\/2024\/08\/Modele_Page-presentation-travail-scolaire_CJ2024.docx\">Page titre<\/a><\/li>\n\n\n\n<li><a href=\"https:\/\/centretic.com\/etudiants\/wp-content\/uploads\/sites\/3\/2024\/08\/Modele_En-tete-travail-ecrit-court_CJ2024.docx\">Travaux courts<\/a> (moins de 5 pages)<\/li>\n\n\n\n<li><a href=\"https:\/\/centretic.com\/etudiants\/wp-content\/uploads\/sites\/3\/2024\/08\/Modele_Travail-ecrit-long_CJ2024.docx\">Travaux longs<\/a> (5 pages et plus)<\/li>\n<\/ul>\n<\/div>\n<\/div>\n<\/div><\/div>\n\n\n\n<p><\/p>\n","protected":false},"excerpt":{"rendered":"<p>En tant qu\u2019\u00e9tudiant\u00b7e au C\u00e9gep de Jonqui\u00e8re, tu dois t\u2019engager \u00e0 agir avec int\u00e9grit\u00e9 intellectuelle [&hellip;]<\/p>\n","protected":false},"author":1,"featured_media":0,"parent":0,"menu_order":0,"comment_status":"closed","ping_status":"closed","template":"","meta":{"footnotes":""},"class_list":["post-173","page","type-page","status-publish","hentry","entry","grid"],"_links":{"self":[{"href":"https:\/\/centretic.com\/etudiants\/wp-json\/wp\/v2\/pages\/173","targetHints":{"allow":["GET"]}}],"collection":[{"href":"https:\/\/centretic.com\/etudiants\/wp-json\/wp\/v2\/pages"}],"about":[{"href":"https:\/\/centretic.com\/etudiants\/wp-json\/wp\/v2\/types\/page"}],"author":[{"embeddable":true,"href":"https:\/\/centretic.com\/etudiants\/wp-json\/wp\/v2\/users\/1"}],"replies":[{"embeddable":true,"href":"https:\/\/centretic.com\/etudiants\/wp-json\/wp\/v2\/comments?post=173"}],"version-history":[{"count":55,"href":"https:\/\/centretic.com\/etudiants\/wp-json\/wp\/v2\/pages\/173\/revisions"}],"predecessor-version":[{"id":1584,"href":"https:\/\/centretic.com\/etudiants\/wp-json\/wp\/v2\/pages\/173\/revisions\/1584"}],"wp:attachment":[{"href":"https:\/\/centretic.com\/etudiants\/wp-json\/wp\/v2\/media?parent=173"}],"curies":[{"name":"wp","href":"https:\/\/api.w.org\/{rel}","templated":true}]}}