{"id":1379,"date":"2025-05-29T07:34:43","date_gmt":"2025-05-29T11:34:43","guid":{"rendered":"https:\/\/centretic.com\/etudiants\/?page_id=1379"},"modified":"2026-03-10T14:24:05","modified_gmt":"2026-03-10T18:24:05","slug":"a-la-conquete-du-numerique","status":"publish","type":"page","link":"https:\/\/centretic.com\/etudiants\/a-la-conquete-du-numerique\/","title":{"rendered":"\u00c0 la conqu\u00eate du num\u00e9rique : une mission pour les \u00e9tudiant\u00b7es branch\u00e9\u00b7es!"},"content":{"rendered":"\n<div class=\"wp-block-columns is-layout-flex wp-container-core-columns-is-layout-9d6595d7 wp-block-columns-is-layout-flex\">\n<div class=\"wp-block-column is-layout-flow wp-block-column-is-layout-flow\" style=\"flex-basis:66.66%\">\n<p><strong>Bienvenue dans l\u2019univers de CDJ8<\/strong>, le gardien du syst\u00e8me informatique du C\u00e9gep de Jonqui\u00e8re et du Centre d\u2019\u00e9tudes coll\u00e9giales en Charlevoix. Une intelligence artificielle (IA) rebelle menace de prendre le contr\u00f4le du r\u00e9seau\u2026 et <strong>vous \u00eates notre seul espoir<\/strong>.<\/p>\n<\/div>\n\n\n\n<div class=\"wp-block-column is-layout-flow wp-block-column-is-layout-flow\" style=\"flex-basis:33.33%\">\n<figure class=\"wp-block-image is-resized size-full\"><img loading=\"lazy\" decoding=\"async\" width=\"900\" height=\"715\" src=\"https:\/\/centretic.com\/etudiants\/wp-content\/uploads\/sites\/3\/2025\/06\/Fond-B_CDJ8_8-9-10-2.jpg\" alt=\"\" class=\"wp-image-1405\" style=\"aspect-ratio:1.258822694028261;width:146px;height:auto;border-radius: 10px;\" srcset=\"https:\/\/centretic.com\/etudiants\/wp-content\/uploads\/sites\/3\/2025\/06\/Fond-B_CDJ8_8-9-10-2.jpg 900w, https:\/\/centretic.com\/etudiants\/wp-content\/uploads\/sites\/3\/2025\/06\/Fond-B_CDJ8_8-9-10-2-300x238.jpg 300w, https:\/\/centretic.com\/etudiants\/wp-content\/uploads\/sites\/3\/2025\/06\/Fond-B_CDJ8_8-9-10-2-768x610.jpg 768w, https:\/\/centretic.com\/etudiants\/wp-content\/uploads\/sites\/3\/2025\/06\/Fond-B_CDJ8_8-9-10-2-640x508.jpg 640w\" sizes=\"auto, (max-width: 900px) 100vw, 900px\" \/><\/figure>\n<\/div>\n<\/div>\n\n\n\n<p><strong>Une formation interactive, une aventure num\u00e9rique<\/strong><\/p>\n\n\n\n<p>Plongez dans une <strong>exp\u00e9rience immersive<\/strong> o\u00f9 vous devrez :<\/p>\n\n\n\n<ul class=\"wp-block-list\">\n<li>T\u00e9l\u00e9charger votre dro\u00efde.<\/li>\n\n\n\n<li>Compl\u00e9ter <strong>9 blocs de formation<\/strong> pour le faire \u00e9voluer.<\/li>\n\n\n\n<li>Affronter l\u2019IA dans un <strong>ultime face-\u00e0-face<\/strong>!<\/li>\n<\/ul>\n\n\n\n<p>Chaque bloc vous permet de <strong>d\u00e9bloquer des comp\u00e9tences num\u00e9riques essentielles<\/strong> : maitriser Microsoft 365, s\u00e9curiser vos donn\u00e9es, utiliser Moodle et Teams, g\u00e9rer vos fichiers, et bien plus.<\/p>\n\n\n\n<p><strong>Collectez des pi\u00e8ces. Gagnez des badges. Progressez.<\/strong><\/p>\n\n\n\n<div class=\"wp-block-columns is-layout-flex wp-container-core-columns-is-layout-9d6595d7 wp-block-columns-is-layout-flex\">\n<div class=\"wp-block-column is-layout-flow wp-block-column-is-layout-flow\">\n<figure class=\"wp-block-image size-full\"><img loading=\"lazy\" decoding=\"async\" width=\"800\" height=\"782\" src=\"https:\/\/centretic.com\/etudiants\/wp-content\/uploads\/sites\/3\/2025\/06\/Piece-2.png\" alt=\"Pi\u00e8ce\" class=\"wp-image-1396\" srcset=\"https:\/\/centretic.com\/etudiants\/wp-content\/uploads\/sites\/3\/2025\/06\/Piece-2.png 800w, https:\/\/centretic.com\/etudiants\/wp-content\/uploads\/sites\/3\/2025\/06\/Piece-2-300x293.png 300w, https:\/\/centretic.com\/etudiants\/wp-content\/uploads\/sites\/3\/2025\/06\/Piece-2-768x751.png 768w, https:\/\/centretic.com\/etudiants\/wp-content\/uploads\/sites\/3\/2025\/06\/Piece-2-640x626.png 640w\" sizes=\"auto, (max-width: 800px) 100vw, 800px\" \/><\/figure>\n<\/div>\n\n\n\n<div class=\"wp-block-column is-layout-flow wp-block-column-is-layout-flow\">\n<figure class=\"wp-block-image size-full is-style-rounded\"><img loading=\"lazy\" decoding=\"async\" width=\"1563\" height=\"1563\" src=\"https:\/\/centretic.com\/etudiants\/wp-content\/uploads\/sites\/3\/2025\/06\/Badge-2.png\" alt=\"Badge\" class=\"wp-image-1391\" srcset=\"https:\/\/centretic.com\/etudiants\/wp-content\/uploads\/sites\/3\/2025\/06\/Badge-2.png 1563w, https:\/\/centretic.com\/etudiants\/wp-content\/uploads\/sites\/3\/2025\/06\/Badge-2-300x300.png 300w, https:\/\/centretic.com\/etudiants\/wp-content\/uploads\/sites\/3\/2025\/06\/Badge-2-1024x1024.png 1024w, https:\/\/centretic.com\/etudiants\/wp-content\/uploads\/sites\/3\/2025\/06\/Badge-2-150x150.png 150w, https:\/\/centretic.com\/etudiants\/wp-content\/uploads\/sites\/3\/2025\/06\/Badge-2-768x768.png 768w, https:\/\/centretic.com\/etudiants\/wp-content\/uploads\/sites\/3\/2025\/06\/Badge-2-1536x1536.png 1536w, https:\/\/centretic.com\/etudiants\/wp-content\/uploads\/sites\/3\/2025\/06\/Badge-2-640x640.png 640w, https:\/\/centretic.com\/etudiants\/wp-content\/uploads\/sites\/3\/2025\/06\/Badge-2-1100x1100.png 1100w, https:\/\/centretic.com\/etudiants\/wp-content\/uploads\/sites\/3\/2025\/06\/Badge-2-1440x1440.png 1440w\" sizes=\"auto, (max-width: 1563px) 100vw, 1563px\" \/><\/figure>\n<\/div>\n\n\n\n<div class=\"wp-block-column is-layout-flow wp-block-column-is-layout-flow\">\n<figure class=\"wp-block-image size-full is-style-default\"><img loading=\"lazy\" decoding=\"async\" width=\"426\" height=\"454\" src=\"https:\/\/centretic.com\/etudiants\/wp-content\/uploads\/sites\/3\/2025\/06\/fiche-2.jpg\" alt=\"\" class=\"wp-image-1402\" srcset=\"https:\/\/centretic.com\/etudiants\/wp-content\/uploads\/sites\/3\/2025\/06\/fiche-2.jpg 426w, https:\/\/centretic.com\/etudiants\/wp-content\/uploads\/sites\/3\/2025\/06\/fiche-2-281x300.jpg 281w\" sizes=\"auto, (max-width: 426px) 100vw, 426px\" \/><\/figure>\n<\/div>\n<\/div>\n\n\n\n<p>Chaque \u00e9tape franchie vous rapproche de la victoire. En chemin, vous pourrez :<\/p>\n\n\n\n<ul class=\"wp-block-list\">\n<li><strong>Ramasser des badges num\u00e9riques<\/strong>.<\/li>\n\n\n\n<li><strong>Cocher vos acquis<\/strong> gr\u00e2ce \u00e0 une <a href=\"https:\/\/centretic.com\/etudiants\/wp-content\/uploads\/sites\/3\/2025\/06\/A-La-Conquete-Du-Numerique_Fiche_2025-06-20_VF.pdf\" target=\"_blank\" rel=\"noreferrer noopener\">fiche de progression<\/a> (PDF).<\/li>\n\n\n\n<li>Devenir un\u00b7e v\u00e9ritable <strong>conqu\u00e9rant\u00b7e num\u00e9rique<\/strong>.<\/li>\n<\/ul>\n\n\n\n<p><strong>Pourquoi participer?<\/strong><\/p>\n\n\n\n<p>La formation vous donne un <strong>avantage strat\u00e9gique<\/strong> :<\/p>\n\n\n\n<ul class=\"wp-block-list\">\n<li>Vous serez pr\u00eat\u00b7e \u00e0 utiliser tous les outils num\u00e9riques du C\u00e9gep.<\/li>\n\n\n\n<li>Vous pourrez participer \u00e0 des <strong>\u00e9v\u00e9nements exclusifs<\/strong> o\u00f9 les \u00e9tudiant\u00b7es se rassemblent pour relever la mission ensemble.<\/li>\n\n\n\n<li>Vous commencerez votre parcours coll\u00e9gial avec <strong>confiance et autonomie<\/strong>.<\/li>\n<\/ul>\n\n\n\n<p><strong><a href=\"https:\/\/centretic.com\/etudiants\/wp-content\/uploads\/sites\/3\/2025\/06\/A-La-Conquete-Du-Numerique_Fiche_2025-06-20_VF.pdf\" target=\"_blank\" rel=\"noreferrer noopener\">T\u00e9l\u00e9chargez la fiche de progression<\/a><\/strong> (PDF) pour suivre votre \u00e9volution.<\/p>\n\n\n\n<p><strong>Pr\u00eat\u00b7e \u00e0 relever le d\u00e9fi?<\/strong><br>Connectez-vous \u00e0 Moodle et entrez dans la mission.<br><br><strong>En cas de probl\u00e8me<\/strong> avec Moodle, contactez <\/p>\n\n\n\n<div class=\"wp-block-group\"><div class=\"wp-block-group__inner-container is-layout-constrained wp-block-group-is-layout-constrained\">\n<div class=\"wp-block-columns is-layout-flex wp-container-core-columns-is-layout-9d6595d7 wp-block-columns-is-layout-flex\">\n<div class=\"wp-block-column is-layout-flow wp-block-column-is-layout-flow\">\n<p><strong>Laurence Tremblay<\/strong><\/p>\n\n\n\n<p><a href=\"https:\/\/teams.microsoft.com\/l\/chat\/0\/0?users=laurencetremblay@cegepjonquiere.ca\">Rejoindre sur Teams<\/a><\/p>\n<\/div>\n\n\n\n<div class=\"wp-block-column is-layout-flow wp-block-column-is-layout-flow\">\n<p><strong>Guillaume Fillion<\/strong><\/p>\n\n\n\n<p><a href=\"https:\/\/teams.microsoft.com\/l\/chat\/0\/0?users=guillaumefillion@cegepjonquiere.ca\">Rejoindre sur Teams<\/a><\/p>\n<\/div>\n<\/div>\n<\/div><\/div>\n\n\n\n<div class=\"wp-block-buttons is-layout-flex wp-block-buttons-is-layout-flex\">\n<div class=\"wp-block-button\"><a class=\"wp-block-button__link has-white-color has-text-color has-background has-link-color wp-element-button\" href=\"https:\/\/moodle.cegepjonquiere.ca\/course\/view.php?id=3032\" style=\"background-color:#ff8c00\" target=\"_blank\" rel=\"noreferrer noopener\">D\u00e9buter la formation<\/a><\/div>\n\n\n\n<div class=\"wp-block-button\"><a class=\"wp-block-button__link has-white-color has-text-color has-background has-link-color wp-element-button\" href=\"https:\/\/moodle.cegepjonquiere.ca\/course\/view.php?id=2935\" style=\"background-color:#ff8c00\" target=\"_blank\" rel=\"noreferrer noopener\">Poursuivre la formation<\/a><\/div>\n<\/div>\n\n\n\n<p><\/p>\n","protected":false},"excerpt":{"rendered":"<p>Bienvenue dans l\u2019univers de CDJ8, le gardien du syst\u00e8me informatique du C\u00e9gep de Jonqui\u00e8re et [&hellip;]<\/p>\n","protected":false},"author":1,"featured_media":0,"parent":0,"menu_order":0,"comment_status":"closed","ping_status":"closed","template":"","meta":{"footnotes":""},"class_list":["post-1379","page","type-page","status-publish","hentry","entry","grid"],"_links":{"self":[{"href":"https:\/\/centretic.com\/etudiants\/wp-json\/wp\/v2\/pages\/1379","targetHints":{"allow":["GET"]}}],"collection":[{"href":"https:\/\/centretic.com\/etudiants\/wp-json\/wp\/v2\/pages"}],"about":[{"href":"https:\/\/centretic.com\/etudiants\/wp-json\/wp\/v2\/types\/page"}],"author":[{"embeddable":true,"href":"https:\/\/centretic.com\/etudiants\/wp-json\/wp\/v2\/users\/1"}],"replies":[{"embeddable":true,"href":"https:\/\/centretic.com\/etudiants\/wp-json\/wp\/v2\/comments?post=1379"}],"version-history":[{"count":25,"href":"https:\/\/centretic.com\/etudiants\/wp-json\/wp\/v2\/pages\/1379\/revisions"}],"predecessor-version":[{"id":1600,"href":"https:\/\/centretic.com\/etudiants\/wp-json\/wp\/v2\/pages\/1379\/revisions\/1600"}],"wp:attachment":[{"href":"https:\/\/centretic.com\/etudiants\/wp-json\/wp\/v2\/media?parent=1379"}],"curies":[{"name":"wp","href":"https:\/\/api.w.org\/{rel}","templated":true}]}}