{"id":1371,"date":"2025-04-23T15:15:27","date_gmt":"2025-04-23T19:15:27","guid":{"rendered":"https:\/\/centretic.com\/etudiants\/?page_id=1371"},"modified":"2025-04-23T15:16:23","modified_gmt":"2025-04-23T19:16:23","slug":"documents-a-telecharger","status":"publish","type":"page","link":"https:\/\/centretic.com\/etudiants\/documents-a-telecharger\/","title":{"rendered":"Documents \u00e0 t\u00e9l\u00e9charger"},"content":{"rendered":"\n<div class=\"wp-block-columns is-layout-flex wp-container-core-columns-is-layout-9d6595d7 wp-block-columns-is-layout-flex\">\n<div class=\"wp-block-column is-layout-flow wp-block-column-is-layout-flow\" style=\"flex-basis:33.33%\"><div class=\"wp-block-image\">\n<figure class=\"aligncenter size-large is-resized\"><a href=\"https:\/\/centretic.com\/etudiants\/wp-content\/uploads\/sites\/3\/2024\/03\/Citation-IA.pdf\" target=\"_blank\" rel=\" noreferrer noopener\"><img loading=\"lazy\" decoding=\"async\" width=\"791\" height=\"1024\" src=\"https:\/\/centretic.com\/etudiants\/wp-content\/uploads\/sites\/3\/2024\/03\/Citation-IA-p1-791x1024.jpg\" alt=\"\" class=\"wp-image-1242\" style=\"width:104px;height:auto\" srcset=\"https:\/\/centretic.com\/etudiants\/wp-content\/uploads\/sites\/3\/2024\/03\/Citation-IA-p1-791x1024.jpg 791w, https:\/\/centretic.com\/etudiants\/wp-content\/uploads\/sites\/3\/2024\/03\/Citation-IA-p1-232x300.jpg 232w, https:\/\/centretic.com\/etudiants\/wp-content\/uploads\/sites\/3\/2024\/03\/Citation-IA-p1-768x994.jpg 768w, https:\/\/centretic.com\/etudiants\/wp-content\/uploads\/sites\/3\/2024\/03\/Citation-IA-p1-1187x1536.jpg 1187w, https:\/\/centretic.com\/etudiants\/wp-content\/uploads\/sites\/3\/2024\/03\/Citation-IA-p1-640x828.jpg 640w, https:\/\/centretic.com\/etudiants\/wp-content\/uploads\/sites\/3\/2024\/03\/Citation-IA-p1-1100x1424.jpg 1100w, https:\/\/centretic.com\/etudiants\/wp-content\/uploads\/sites\/3\/2024\/03\/Citation-IA-p1.jpg 1275w\" sizes=\"auto, (max-width: 791px) 100vw, 791px\" \/><\/a><\/figure>\n<\/div><\/div>\n\n\n\n<div class=\"wp-block-column is-layout-flow wp-block-column-is-layout-flow\" style=\"flex-basis:66.66%\">\n<p><a href=\"https:\/\/centretic.com\/etudiants\/wp-content\/uploads\/sites\/3\/2024\/03\/Citation-IA.pdf\" target=\"_blank\" rel=\"noreferrer noopener\">Citation IA<\/a> (PDF) : Lorsque vous utilisez ou modifiez du texte g\u00e9n\u00e9r\u00e9 par IA dans un travail ou une \u00e9valuation, il est essentiel de le mentionner.<\/p>\n<\/div>\n<\/div>\n\n\n\n<div class=\"wp-block-columns is-layout-flex wp-container-core-columns-is-layout-9d6595d7 wp-block-columns-is-layout-flex\">\n<div class=\"wp-block-column is-layout-flow wp-block-column-is-layout-flow\" style=\"flex-basis:33.33%\"><div class=\"wp-block-image\">\n<figure class=\"aligncenter size-full is-resized\"><a href=\"https:\/\/centretic.com\/etudiants\/wp-content\/uploads\/sites\/3\/2025\/04\/Fiches-utilisation-ethique-IA-etudiants.pdf\" target=\"_blank\" rel=\" noreferrer noopener\"><img loading=\"lazy\" decoding=\"async\" width=\"919\" height=\"590\" src=\"https:\/\/centretic.com\/etudiants\/wp-content\/uploads\/sites\/3\/2025\/04\/Fiches-utilisation-ethique-IA-etudiants.png\" alt=\"\" class=\"wp-image-1373\" style=\"width:104px;height:auto\" srcset=\"https:\/\/centretic.com\/etudiants\/wp-content\/uploads\/sites\/3\/2025\/04\/Fiches-utilisation-ethique-IA-etudiants.png 919w, https:\/\/centretic.com\/etudiants\/wp-content\/uploads\/sites\/3\/2025\/04\/Fiches-utilisation-ethique-IA-etudiants-300x193.png 300w, https:\/\/centretic.com\/etudiants\/wp-content\/uploads\/sites\/3\/2025\/04\/Fiches-utilisation-ethique-IA-etudiants-768x493.png 768w, https:\/\/centretic.com\/etudiants\/wp-content\/uploads\/sites\/3\/2025\/04\/Fiches-utilisation-ethique-IA-etudiants-640x411.png 640w\" sizes=\"auto, (max-width: 919px) 100vw, 919px\" \/><\/a><\/figure>\n<\/div><\/div>\n\n\n\n<div class=\"wp-block-column is-layout-flow wp-block-column-is-layout-flow\" style=\"flex-basis:66.66%\">\n<p><a href=\"https:\/\/centretic.com\/etudiants\/wp-content\/uploads\/sites\/3\/2025\/04\/Fiches-utilisation-ethique-IA-etudiants.pdf\" target=\"_blank\" rel=\"noreferrer noopener\">Fiches utilisation e\u0301thique IA \u00e9tudiants<\/a> (PDF) : Conseils pour utiliser l&rsquo;IA en classe.<\/p>\n<\/div>\n<\/div>\n\n\n\n<p><\/p>\n","protected":false},"excerpt":{"rendered":"<p>Citation IA (PDF) : Lorsque vous utilisez ou modifiez du texte g\u00e9n\u00e9r\u00e9 par IA dans [&hellip;]<\/p>\n","protected":false},"author":1,"featured_media":0,"parent":0,"menu_order":0,"comment_status":"closed","ping_status":"closed","template":"","meta":{"footnotes":""},"class_list":["post-1371","page","type-page","status-publish","hentry","entry","grid"],"_links":{"self":[{"href":"https:\/\/centretic.com\/etudiants\/wp-json\/wp\/v2\/pages\/1371","targetHints":{"allow":["GET"]}}],"collection":[{"href":"https:\/\/centretic.com\/etudiants\/wp-json\/wp\/v2\/pages"}],"about":[{"href":"https:\/\/centretic.com\/etudiants\/wp-json\/wp\/v2\/types\/page"}],"author":[{"embeddable":true,"href":"https:\/\/centretic.com\/etudiants\/wp-json\/wp\/v2\/users\/1"}],"replies":[{"embeddable":true,"href":"https:\/\/centretic.com\/etudiants\/wp-json\/wp\/v2\/comments?post=1371"}],"version-history":[{"count":2,"href":"https:\/\/centretic.com\/etudiants\/wp-json\/wp\/v2\/pages\/1371\/revisions"}],"predecessor-version":[{"id":1376,"href":"https:\/\/centretic.com\/etudiants\/wp-json\/wp\/v2\/pages\/1371\/revisions\/1376"}],"wp:attachment":[{"href":"https:\/\/centretic.com\/etudiants\/wp-json\/wp\/v2\/media?parent=1371"}],"curies":[{"name":"wp","href":"https:\/\/api.w.org\/{rel}","templated":true}]}}