{"id":135,"date":"2020-06-02T09:14:51","date_gmt":"2020-06-02T13:14:51","guid":{"rendered":"https:\/\/centretic.com\/etudiants\/?page_id=135"},"modified":"2026-03-13T08:22:29","modified_gmt":"2026-03-13T12:22:29","slug":"les-apps","status":"publish","type":"page","link":"https:\/\/centretic.com\/etudiants\/les-apps\/","title":{"rendered":"Les apps"},"content":{"rendered":"\n<div class=\"wp-block-columns alignwide is-layout-flex wp-container-core-columns-is-layout-9d6595d7 wp-block-columns-is-layout-flex\">\n<div class=\"wp-block-column is-layout-flow wp-block-column-is-layout-flow\" style=\"flex-basis:100%\">\n<p>Plusieurs outils sont disponibles pour faciliter tes apprentissages. En cliquant sur l\u2019application de ton choix, tu auras acc\u00e8s \u00e0 des tutoriels vid\u00e9os, \u00e0 des proc\u00e9dures ou \u00e0 d\u2019autres types de documents pour te familiariser avec certaines fonctionnalit\u00e9s.<\/p>\n<\/div>\n<\/div>\n\n\n\n<div class=\"wp-block-columns alignwide are-vertically-aligned-center is-layout-flex wp-container-core-columns-is-layout-9d6595d7 wp-block-columns-is-layout-flex\">\n<div class=\"wp-block-column is-vertically-aligned-center is-layout-flow wp-block-column-is-layout-flow\"><div class=\"wp-block-image\">\n<figure class=\"aligncenter size-full is-resized\"><a href=\"https:\/\/centretic.com\/etudiants\/fonctionnalites-de-microsoft-365\/\"><img loading=\"lazy\" decoding=\"async\" width=\"200\" height=\"150\" src=\"https:\/\/centretic.com\/etudiants\/wp-content\/uploads\/sites\/3\/2022\/12\/Microsoft-365.jpg\" alt=\"\" class=\"wp-image-967\" style=\"width:201px;height:auto; border-radius: 10px;\"\/><\/a><\/figure>\n<\/div><\/div>\n\n\n\n<div class=\"wp-block-column is-vertically-aligned-center is-layout-flow wp-block-column-is-layout-flow\"><div class=\"wp-block-image\">\n<figure class=\"aligncenter size-large is-resized\"><a href=\"https:\/\/centretic.com\/etudiants\/fonctionnalites-de-teams\/\"><img loading=\"lazy\" decoding=\"async\" width=\"200\" height=\"150\" src=\"https:\/\/centretic.com\/etudiants\/wp-content\/uploads\/sites\/3\/2020\/06\/Teams_bouton.png\" alt=\"\" class=\"wp-image-132\" style=\"width:203px;height:auto; border-radius: 10px;\"\/><\/a><\/figure>\n<\/div><\/div>\n\n\n\n<div class=\"wp-block-column is-vertically-aligned-center is-layout-flow wp-block-column-is-layout-flow\"><div class=\"wp-block-image\">\n<figure class=\"aligncenter size-full\"><a href=\"https:\/\/centretic.com\/etudiants\/fonctionnalites-de-onedrive\/\"><img loading=\"lazy\" decoding=\"async\" width=\"200\" height=\"150\" src=\"https:\/\/centretic.com\/etudiants\/wp-content\/uploads\/sites\/3\/2020\/06\/OneDrive2_bouton.png\" alt=\"\" class=\"wp-image-129\" style=\"width:205px;height:auto;border-radius: 10px;\"\/><\/a><\/figure>\n<\/div><\/div>\n<\/div>\n\n\n\n<div class=\"wp-block-columns alignwide is-layout-flex wp-container-core-columns-is-layout-9d6595d7 wp-block-columns-is-layout-flex\">\n<div class=\"wp-block-column is-layout-flow wp-block-column-is-layout-flow\"><div class=\"wp-block-image\">\n<figure class=\"aligncenter size-large is-resized\"><a href=\"https:\/\/centretic.com\/etudiants\/fonctionnalites-de-outlook\/\"><img loading=\"lazy\" decoding=\"async\" width=\"200\" height=\"150\" src=\"https:\/\/centretic.com\/etudiants\/wp-content\/uploads\/sites\/3\/2020\/06\/Outlook_bouton.png\" alt=\"\" class=\"wp-image-130\" style=\"width:205px;height:auto;border-radius: 10px;\"\/><\/a><\/figure>\n<\/div><\/div>\n\n\n\n<div class=\"wp-block-column is-layout-flow wp-block-column-is-layout-flow\"><div class=\"wp-block-image\">\n<figure class=\"aligncenter size-large is-resized\"><a href=\"https:\/\/support.microsoft.com\/fr-fr\/office\/formation-word-pour-windows-7bcd85e6-2c3d-4c3c-a2a5-5ed8847eae73?ui=fr-fr&amp;rs=fr-fr&amp;ad=fr\" target=\"_blank\" rel=\"noopener\"><img loading=\"lazy\" decoding=\"async\" width=\"200\" height=\"150\" src=\"https:\/\/centretic.com\/etudiants\/wp-content\/uploads\/sites\/3\/2021\/05\/word-vignette-1.jpg\" alt=\"\" class=\"wp-image-571\" style=\"width:205px;height:auto;border-radius: 10px;\"\/><\/a><\/figure>\n<\/div><\/div>\n\n\n\n<div class=\"wp-block-column is-layout-flow wp-block-column-is-layout-flow\"><div class=\"wp-block-image\">\n<figure class=\"aligncenter size-large is-resized\"><a href=\"https:\/\/support.microsoft.com\/fr-fr\/office\/formation-powerpoint-pour-windows-40e8c930-cb0b-40d8-82c4-bd53d3398787?ui=fr-fr&amp;rs=fr-fr&amp;ad=fr\" target=\"_blank\" rel=\"noopener\"><img loading=\"lazy\" decoding=\"async\" width=\"200\" height=\"150\" src=\"https:\/\/centretic.com\/etudiants\/wp-content\/uploads\/sites\/3\/2021\/05\/powerpoint-vignette-1.jpg\" alt=\"\" class=\"wp-image-573\" style=\"width:205px;height:auto;border-radius: 10px;\"\/><\/a><\/figure>\n<\/div><\/div>\n<\/div>\n\n\n\n<div class=\"wp-block-columns alignwide is-layout-flex wp-container-core-columns-is-layout-9d6595d7 wp-block-columns-is-layout-flex\">\n<div class=\"wp-block-column is-layout-flow wp-block-column-is-layout-flow\"><div class=\"wp-block-image\">\n<figure class=\"aligncenter size-large is-resized\"><a href=\"https:\/\/support.microsoft.com\/fr-fr\/office\/vid%c3%a9o-de-formation-excel-9bc05390-e94c-46af-a5b3-d7c22f6990bb?ui=fr-FR&amp;rs=fr-FR&amp;ad=FR\" target=\"_blank\" rel=\"noopener\"><img loading=\"lazy\" decoding=\"async\" width=\"200\" height=\"150\" src=\"https:\/\/centretic.com\/etudiants\/wp-content\/uploads\/sites\/3\/2021\/05\/excel-vignette-1.jpg\" alt=\"\" class=\"wp-image-574\" style=\"width:205px;height:auto;border-radius: 10px;\"\/><\/a><\/figure>\n<\/div><\/div>\n\n\n\n<div class=\"wp-block-column is-layout-flow wp-block-column-is-layout-flow\"><div class=\"wp-block-image\">\n<figure class=\"aligncenter size-full is-resized\"><a href=\"https:\/\/support.microsoft.com\/fr-fr\/office\/formation-visio-e058bcfa-1d90-4653-afc6-e84d54cf94a6\" target=\"_blank\" rel=\"noreferrer noopener\"><img loading=\"lazy\" decoding=\"async\" width=\"200\" height=\"150\" src=\"https:\/\/centretic.com\/etudiants\/wp-content\/uploads\/sites\/3\/2023\/06\/logo-visio.jpg\" alt=\"\" class=\"wp-image-1153\" style=\"width:205px;height:auto;border-radius: 10px;\"\/><\/a><\/figure>\n<\/div><\/div>\n\n\n\n<div class=\"wp-block-column is-layout-flow wp-block-column-is-layout-flow\"><div class=\"wp-block-image\">\n<figure class=\"aligncenter size-large is-resized\"><a href=\"https:\/\/centretic.com\/etudiants\/fonctionnalites-de-col-net\/\"><img loading=\"lazy\" decoding=\"async\" width=\"200\" height=\"150\" src=\"https:\/\/centretic.com\/etudiants\/wp-content\/uploads\/sites\/3\/2020\/06\/Col.NET_bouton.png\" alt=\"\" class=\"wp-image-124\" style=\"width:205px;height:auto;border-radius: 10px;\"\/><\/a><\/figure>\n<\/div><\/div>\n<\/div>\n\n\n\n<div class=\"wp-block-columns alignwide is-layout-flex wp-container-core-columns-is-layout-9d6595d7 wp-block-columns-is-layout-flex\">\n<div class=\"wp-block-column is-layout-flow wp-block-column-is-layout-flow\"><div class=\"wp-block-image\">\n<figure class=\"aligncenter size-full is-resized\"><a href=\"https:\/\/centretic.com\/etudiants\/fonctionnalites-de-wooflash\/\"><img loading=\"lazy\" decoding=\"async\" width=\"200\" height=\"150\" src=\"https:\/\/centretic.com\/etudiants\/wp-content\/uploads\/sites\/3\/2023\/01\/wooflash.jpg\" alt=\"\" class=\"wp-image-1015\" style=\"width:205px;height:auto;border-radius: 10px;\"\/><\/a><\/figure>\n<\/div><\/div>\n\n\n\n<div class=\"wp-block-column is-layout-flow wp-block-column-is-layout-flow\"><\/div>\n\n\n\n<div class=\"wp-block-column is-layout-flow wp-block-column-is-layout-flow\"><\/div>\n<\/div>\n\n\n\n<h2 class=\"wp-block-heading alignwide\">Coups de c\u0153ur <\/h2>\n\n\n\n<h2 class=\"wp-block-heading alignwide\">Applications coups de c\u0153ur<\/h2>\n\n\n\n<div class=\"wp-block-columns alignwide is-layout-flex wp-container-core-columns-is-layout-9d6595d7 wp-block-columns-is-layout-flex\">\n<div class=\"wp-block-column is-layout-flow wp-block-column-is-layout-flow\">\n<h3 class=\"wp-block-heading\">Microsoft To Do<\/h3>\n\n\n\n<p>Deviens un pro de l&rsquo;organisation<\/p>\n\n\n\n<figure class=\"wp-block-image size-full\"><a class=\"\" href=\"https:\/\/centretic.com\/etudiants\/wp-content\/uploads\/sites\/3\/2023\/02\/3-CC.jpg\" data-rel=\"lightbox-image-0\" data-rl_title=\"\" data-rl_caption=\"\" title=\"\"><img loading=\"lazy\" decoding=\"async\" width=\"600\" height=\"400\" src=\"https:\/\/centretic.com\/etudiants\/wp-content\/uploads\/sites\/3\/2023\/01\/microsoft-to-do-23-v2.jpg\" alt=\"\" class=\"wp-image-980\" srcset=\"https:\/\/centretic.com\/etudiants\/wp-content\/uploads\/sites\/3\/2023\/01\/microsoft-to-do-23-v2.jpg 600w, https:\/\/centretic.com\/etudiants\/wp-content\/uploads\/sites\/3\/2023\/01\/microsoft-to-do-23-v2-300x200.jpg 300w\" sizes=\"auto, (max-width: 600px) 100vw, 600px\" \/><\/a><\/figure>\n\n\n\n<div class=\"wp-block-columns is-not-stacked-on-mobile is-layout-flex wp-container-core-columns-is-layout-9d6595d7 wp-block-columns-is-layout-flex\">\n<div class=\"wp-block-column is-layout-flow wp-block-column-is-layout-flow\">\n<figure class=\"wp-block-image size-large\"><a href=\"https:\/\/apps.apple.com\/app\/apple-store\/id1274495053\" target=\"_blank\" rel=\"noreferrer noopener\"><img loading=\"lazy\" decoding=\"async\" width=\"1024\" height=\"357\" src=\"https:\/\/centretic.com\/etudiants\/wp-content\/uploads\/sites\/3\/2023\/01\/apple-app-1024x357.png\" alt=\"\" class=\"wp-image-988\" srcset=\"https:\/\/centretic.com\/etudiants\/wp-content\/uploads\/sites\/3\/2023\/01\/apple-app-1024x357.png 1024w, https:\/\/centretic.com\/etudiants\/wp-content\/uploads\/sites\/3\/2023\/01\/apple-app-300x105.png 300w, https:\/\/centretic.com\/etudiants\/wp-content\/uploads\/sites\/3\/2023\/01\/apple-app-768x268.png 768w, https:\/\/centretic.com\/etudiants\/wp-content\/uploads\/sites\/3\/2023\/01\/apple-app-1536x536.png 1536w, https:\/\/centretic.com\/etudiants\/wp-content\/uploads\/sites\/3\/2023\/01\/apple-app-2048x714.png 2048w, https:\/\/centretic.com\/etudiants\/wp-content\/uploads\/sites\/3\/2023\/01\/apple-app-640x223.png 640w, https:\/\/centretic.com\/etudiants\/wp-content\/uploads\/sites\/3\/2023\/01\/apple-app-1100x384.png 1100w, https:\/\/centretic.com\/etudiants\/wp-content\/uploads\/sites\/3\/2023\/01\/apple-app-1440x502.png 1440w, https:\/\/centretic.com\/etudiants\/wp-content\/uploads\/sites\/3\/2023\/01\/apple-app-2000x698.png 2000w\" sizes=\"auto, (max-width: 1024px) 100vw, 1024px\" \/><\/a><\/figure>\n<\/div>\n\n\n\n<div class=\"wp-block-column is-layout-flow wp-block-column-is-layout-flow\">\n<figure class=\"wp-block-image size-large\"><a href=\"https:\/\/play.google.com\/store\/apps\/details?id=com.microsoft.todos\" target=\"_blank\" rel=\"noreferrer noopener\"><img loading=\"lazy\" decoding=\"async\" width=\"1024\" height=\"357\" src=\"https:\/\/centretic.com\/etudiants\/wp-content\/uploads\/sites\/3\/2023\/01\/gp-app-1024x357.png\" alt=\"\" class=\"wp-image-989\" srcset=\"https:\/\/centretic.com\/etudiants\/wp-content\/uploads\/sites\/3\/2023\/01\/gp-app-1024x357.png 1024w, https:\/\/centretic.com\/etudiants\/wp-content\/uploads\/sites\/3\/2023\/01\/gp-app-300x105.png 300w, https:\/\/centretic.com\/etudiants\/wp-content\/uploads\/sites\/3\/2023\/01\/gp-app-768x268.png 768w, https:\/\/centretic.com\/etudiants\/wp-content\/uploads\/sites\/3\/2023\/01\/gp-app-1536x536.png 1536w, https:\/\/centretic.com\/etudiants\/wp-content\/uploads\/sites\/3\/2023\/01\/gp-app-2048x714.png 2048w, https:\/\/centretic.com\/etudiants\/wp-content\/uploads\/sites\/3\/2023\/01\/gp-app-640x223.png 640w, https:\/\/centretic.com\/etudiants\/wp-content\/uploads\/sites\/3\/2023\/01\/gp-app-1100x384.png 1100w, https:\/\/centretic.com\/etudiants\/wp-content\/uploads\/sites\/3\/2023\/01\/gp-app-1440x502.png 1440w, https:\/\/centretic.com\/etudiants\/wp-content\/uploads\/sites\/3\/2023\/01\/gp-app-2000x698.png 2000w\" sizes=\"auto, (max-width: 1024px) 100vw, 1024px\" \/><\/a><\/figure>\n<\/div>\n<\/div>\n\n\n\n<p>Liste l&rsquo;ensemble des t\u00e2ches \u00e0 effectuer. Partage tes listes \u00e0 des contacts. Affecte des t\u00e2ches aux membres de ton \u00e9quipe.<\/p>\n\n\n\n<p>Pour conna\u00eetre d&rsquo;autres astuces et en savoir plus sur <strong>Microsoft To Do<\/strong>, <strong><a href=\"https:\/\/centretic.com\/etudiants\/wp-content\/uploads\/sites\/3\/2023\/02\/3-microsoft-to-do.pdf\" target=\"_blank\" rel=\"noreferrer noopener\">clique ici<\/a><\/strong>.<\/p>\n<\/div>\n\n\n\n<div class=\"wp-block-column is-layout-flow wp-block-column-is-layout-flow\">\n<h3 class=\"wp-block-heading\">Focus To-Do<\/h3>\n\n\n\n<p>Optimise ta concentration<\/p>\n\n\n\n<figure class=\"wp-block-image size-full\"><a href=\"https:\/\/centretic.com\/etudiants\/wp-content\/uploads\/sites\/3\/2023\/02\/2-CC-V3.jpg\" data-rel=\"lightbox-image-1\" data-rl_title=\"\" data-rl_caption=\"\" title=\"\"><img loading=\"lazy\" decoding=\"async\" width=\"600\" height=\"400\" src=\"https:\/\/centretic.com\/etudiants\/wp-content\/uploads\/sites\/3\/2023\/01\/focus-to-do-23-v2.jpg\" alt=\"\" class=\"wp-image-995\" srcset=\"https:\/\/centretic.com\/etudiants\/wp-content\/uploads\/sites\/3\/2023\/01\/focus-to-do-23-v2.jpg 600w, https:\/\/centretic.com\/etudiants\/wp-content\/uploads\/sites\/3\/2023\/01\/focus-to-do-23-v2-300x200.jpg 300w\" sizes=\"auto, (max-width: 600px) 100vw, 600px\" \/><\/a><\/figure>\n\n\n\n<div class=\"wp-block-columns is-not-stacked-on-mobile is-layout-flex wp-container-core-columns-is-layout-9d6595d7 wp-block-columns-is-layout-flex\">\n<div class=\"wp-block-column is-layout-flow wp-block-column-is-layout-flow\">\n<figure class=\"wp-block-image size-large\"><a href=\"https:\/\/itunes.apple.com\/us\/app\/id966057213?mt=8\" target=\"_blank\" rel=\"noreferrer noopener\"><img loading=\"lazy\" decoding=\"async\" width=\"1024\" height=\"357\" src=\"https:\/\/centretic.com\/etudiants\/wp-content\/uploads\/sites\/3\/2023\/01\/apple-app-1024x357.png\" alt=\"\" class=\"wp-image-988\" srcset=\"https:\/\/centretic.com\/etudiants\/wp-content\/uploads\/sites\/3\/2023\/01\/apple-app-1024x357.png 1024w, https:\/\/centretic.com\/etudiants\/wp-content\/uploads\/sites\/3\/2023\/01\/apple-app-300x105.png 300w, https:\/\/centretic.com\/etudiants\/wp-content\/uploads\/sites\/3\/2023\/01\/apple-app-768x268.png 768w, https:\/\/centretic.com\/etudiants\/wp-content\/uploads\/sites\/3\/2023\/01\/apple-app-1536x536.png 1536w, https:\/\/centretic.com\/etudiants\/wp-content\/uploads\/sites\/3\/2023\/01\/apple-app-2048x714.png 2048w, https:\/\/centretic.com\/etudiants\/wp-content\/uploads\/sites\/3\/2023\/01\/apple-app-640x223.png 640w, https:\/\/centretic.com\/etudiants\/wp-content\/uploads\/sites\/3\/2023\/01\/apple-app-1100x384.png 1100w, https:\/\/centretic.com\/etudiants\/wp-content\/uploads\/sites\/3\/2023\/01\/apple-app-1440x502.png 1440w, https:\/\/centretic.com\/etudiants\/wp-content\/uploads\/sites\/3\/2023\/01\/apple-app-2000x698.png 2000w\" sizes=\"auto, (max-width: 1024px) 100vw, 1024px\" \/><\/a><\/figure>\n<\/div>\n\n\n\n<div class=\"wp-block-column is-layout-flow wp-block-column-is-layout-flow\">\n<figure class=\"wp-block-image size-large\"><a href=\"https:\/\/play.google.com\/store\/apps\/details?id=com.superelement.pomodoro\" target=\"_blank\" rel=\"noreferrer noopener\"><img loading=\"lazy\" decoding=\"async\" width=\"1024\" height=\"357\" src=\"https:\/\/centretic.com\/etudiants\/wp-content\/uploads\/sites\/3\/2023\/01\/gp-app-1024x357.png\" alt=\"\" class=\"wp-image-989\" srcset=\"https:\/\/centretic.com\/etudiants\/wp-content\/uploads\/sites\/3\/2023\/01\/gp-app-1024x357.png 1024w, https:\/\/centretic.com\/etudiants\/wp-content\/uploads\/sites\/3\/2023\/01\/gp-app-300x105.png 300w, https:\/\/centretic.com\/etudiants\/wp-content\/uploads\/sites\/3\/2023\/01\/gp-app-768x268.png 768w, https:\/\/centretic.com\/etudiants\/wp-content\/uploads\/sites\/3\/2023\/01\/gp-app-1536x536.png 1536w, https:\/\/centretic.com\/etudiants\/wp-content\/uploads\/sites\/3\/2023\/01\/gp-app-2048x714.png 2048w, https:\/\/centretic.com\/etudiants\/wp-content\/uploads\/sites\/3\/2023\/01\/gp-app-640x223.png 640w, https:\/\/centretic.com\/etudiants\/wp-content\/uploads\/sites\/3\/2023\/01\/gp-app-1100x384.png 1100w, https:\/\/centretic.com\/etudiants\/wp-content\/uploads\/sites\/3\/2023\/01\/gp-app-1440x502.png 1440w, https:\/\/centretic.com\/etudiants\/wp-content\/uploads\/sites\/3\/2023\/01\/gp-app-2000x698.png 2000w\" sizes=\"auto, (max-width: 1024px) 100vw, 1024px\" \/><\/a><\/figure>\n<\/div>\n<\/div>\n\n\n\n<p>Donne du rythme \u00e0 tes s\u00e9ances d&rsquo;\u00e9tudes en les entrecoupant de courtes pauses. Demeure concentr\u00e9\u00b7e et travaille avec une plus grande efficacit\u00e9.<\/p>\n\n\n\n<p>Pour conna\u00eetre d&rsquo;autres astuces et en savoir plus sur <strong>Focus To-Do<\/strong>, <strong><a href=\"https:\/\/centretic.com\/etudiants\/wp-content\/uploads\/sites\/3\/2023\/02\/2-focus-to-do.pdf\" target=\"_blank\" rel=\"noreferrer noopener\">clique ici<\/a><\/strong>.<\/p>\n<\/div>\n\n\n\n<div class=\"wp-block-column is-layout-flow wp-block-column-is-layout-flow\">\n<h3 class=\"wp-block-heading\">Wooflash<\/h3>\n\n\n\n<p>Perfectionne ta m\u00e9thode de r\u00e9vision<\/p>\n\n\n\n<figure class=\"wp-block-image size-full\"><a href=\"https:\/\/centretic.com\/etudiants\/wp-content\/uploads\/sites\/3\/2023\/02\/1-CC.jpg\" data-rel=\"lightbox-image-2\" data-rl_title=\"\" data-rl_caption=\"\" title=\"\"><img loading=\"lazy\" decoding=\"async\" width=\"600\" height=\"400\" src=\"https:\/\/centretic.com\/etudiants\/wp-content\/uploads\/sites\/3\/2023\/01\/wooflash-23.jpg\" alt=\"\" class=\"wp-image-977\" srcset=\"https:\/\/centretic.com\/etudiants\/wp-content\/uploads\/sites\/3\/2023\/01\/wooflash-23.jpg 600w, https:\/\/centretic.com\/etudiants\/wp-content\/uploads\/sites\/3\/2023\/01\/wooflash-23-300x200.jpg 300w\" sizes=\"auto, (max-width: 600px) 100vw, 600px\" \/><\/a><\/figure>\n\n\n\n<div class=\"wp-block-columns is-not-stacked-on-mobile is-layout-flex wp-container-core-columns-is-layout-9d6595d7 wp-block-columns-is-layout-flex\">\n<div class=\"wp-block-column is-layout-flow wp-block-column-is-layout-flow\">\n<figure class=\"wp-block-image size-large\"><a href=\"https:\/\/apps.apple.com\/fr\/app\/wooflash\/id6443394551\" target=\"_blank\" rel=\"noreferrer noopener\"><img loading=\"lazy\" decoding=\"async\" width=\"1024\" height=\"357\" src=\"https:\/\/centretic.com\/etudiants\/wp-content\/uploads\/sites\/3\/2023\/01\/apple-app-1024x357.png\" alt=\"\" class=\"wp-image-988\" srcset=\"https:\/\/centretic.com\/etudiants\/wp-content\/uploads\/sites\/3\/2023\/01\/apple-app-1024x357.png 1024w, https:\/\/centretic.com\/etudiants\/wp-content\/uploads\/sites\/3\/2023\/01\/apple-app-300x105.png 300w, https:\/\/centretic.com\/etudiants\/wp-content\/uploads\/sites\/3\/2023\/01\/apple-app-768x268.png 768w, https:\/\/centretic.com\/etudiants\/wp-content\/uploads\/sites\/3\/2023\/01\/apple-app-1536x536.png 1536w, https:\/\/centretic.com\/etudiants\/wp-content\/uploads\/sites\/3\/2023\/01\/apple-app-2048x714.png 2048w, https:\/\/centretic.com\/etudiants\/wp-content\/uploads\/sites\/3\/2023\/01\/apple-app-640x223.png 640w, https:\/\/centretic.com\/etudiants\/wp-content\/uploads\/sites\/3\/2023\/01\/apple-app-1100x384.png 1100w, https:\/\/centretic.com\/etudiants\/wp-content\/uploads\/sites\/3\/2023\/01\/apple-app-1440x502.png 1440w, https:\/\/centretic.com\/etudiants\/wp-content\/uploads\/sites\/3\/2023\/01\/apple-app-2000x698.png 2000w\" sizes=\"auto, (max-width: 1024px) 100vw, 1024px\" \/><\/a><\/figure>\n<\/div>\n\n\n\n<div class=\"wp-block-column is-layout-flow wp-block-column-is-layout-flow\">\n<figure class=\"wp-block-image size-large\"><a href=\"https:\/\/play.google.com\/store\/apps\/details?id=com.wooclap.wooflash&amp;hl=fr_CA&amp;gl=US\" target=\"_blank\" rel=\"noreferrer noopener\"><img loading=\"lazy\" decoding=\"async\" width=\"1024\" height=\"357\" src=\"https:\/\/centretic.com\/etudiants\/wp-content\/uploads\/sites\/3\/2023\/01\/gp-app-1024x357.png\" alt=\"\" class=\"wp-image-989\" srcset=\"https:\/\/centretic.com\/etudiants\/wp-content\/uploads\/sites\/3\/2023\/01\/gp-app-1024x357.png 1024w, https:\/\/centretic.com\/etudiants\/wp-content\/uploads\/sites\/3\/2023\/01\/gp-app-300x105.png 300w, https:\/\/centretic.com\/etudiants\/wp-content\/uploads\/sites\/3\/2023\/01\/gp-app-768x268.png 768w, https:\/\/centretic.com\/etudiants\/wp-content\/uploads\/sites\/3\/2023\/01\/gp-app-1536x536.png 1536w, https:\/\/centretic.com\/etudiants\/wp-content\/uploads\/sites\/3\/2023\/01\/gp-app-2048x714.png 2048w, https:\/\/centretic.com\/etudiants\/wp-content\/uploads\/sites\/3\/2023\/01\/gp-app-640x223.png 640w, https:\/\/centretic.com\/etudiants\/wp-content\/uploads\/sites\/3\/2023\/01\/gp-app-1100x384.png 1100w, https:\/\/centretic.com\/etudiants\/wp-content\/uploads\/sites\/3\/2023\/01\/gp-app-1440x502.png 1440w, https:\/\/centretic.com\/etudiants\/wp-content\/uploads\/sites\/3\/2023\/01\/gp-app-2000x698.png 2000w\" sizes=\"auto, (max-width: 1024px) 100vw, 1024px\" \/><\/a><\/figure>\n<\/div>\n<\/div>\n\n\n\n<p>Cr\u00e9e tes propres fiches de r\u00e9vision. M\u00e9morise-les au moment o\u00f9 il te convient le mieux. Entraine-toi seul\u00b7e ou avec tes camarades. Revise de fa\u00e7on efficace gr\u00e2ce \u00e0 la r\u00e9p\u00e9tition espac\u00e9e et \u00e0 un parcours d&rsquo;apprentissage qui s&rsquo;adapte en fonctione de tes erreurs et de tes bonnes r\u00e9ponses.<\/p>\n\n\n\n<p>Pour conna\u00eetre d&rsquo;autres astuces et en savoir plus sur <strong>Wooflash<\/strong>, <a rel=\"noreferrer noopener\" href=\"https:\/\/centretic.com\/etudiants\/wp-content\/uploads\/sites\/3\/2023\/02\/1-wooflash.pdf\" target=\"_blank\"><strong>clique ici<\/strong><\/a>.<\/p>\n<\/div>\n<\/div>\n\n\n\n<p><\/p>\n","protected":false},"excerpt":{"rendered":"<p>Plusieurs outils sont disponibles pour faciliter tes apprentissages. En cliquant sur l\u2019application de ton choix, [&hellip;]<\/p>\n","protected":false},"author":1,"featured_media":0,"parent":0,"menu_order":0,"comment_status":"closed","ping_status":"closed","template":"","meta":{"footnotes":""},"class_list":["post-135","page","type-page","status-publish","hentry","entry","grid"],"_links":{"self":[{"href":"https:\/\/centretic.com\/etudiants\/wp-json\/wp\/v2\/pages\/135","targetHints":{"allow":["GET"]}}],"collection":[{"href":"https:\/\/centretic.com\/etudiants\/wp-json\/wp\/v2\/pages"}],"about":[{"href":"https:\/\/centretic.com\/etudiants\/wp-json\/wp\/v2\/types\/page"}],"author":[{"embeddable":true,"href":"https:\/\/centretic.com\/etudiants\/wp-json\/wp\/v2\/users\/1"}],"replies":[{"embeddable":true,"href":"https:\/\/centretic.com\/etudiants\/wp-json\/wp\/v2\/comments?post=135"}],"version-history":[{"count":48,"href":"https:\/\/centretic.com\/etudiants\/wp-json\/wp\/v2\/pages\/135\/revisions"}],"predecessor-version":[{"id":1604,"href":"https:\/\/centretic.com\/etudiants\/wp-json\/wp\/v2\/pages\/135\/revisions\/1604"}],"wp:attachment":[{"href":"https:\/\/centretic.com\/etudiants\/wp-json\/wp\/v2\/media?parent=135"}],"curies":[{"name":"wp","href":"https:\/\/api.w.org\/{rel}","templated":true}]}}