{"id":1184,"date":"2023-10-03T11:34:33","date_gmt":"2023-10-03T15:34:33","guid":{"rendered":"https:\/\/centretic.com\/etudiants\/?page_id=1184"},"modified":"2024-03-21T07:16:42","modified_gmt":"2024-03-21T11:16:42","slug":"foire-aux-questions","status":"publish","type":"page","link":"https:\/\/centretic.com\/etudiants\/intelligence-artificielle\/foire-aux-questions\/","title":{"rendered":"Foire aux questions"},"content":{"rendered":"\n\t\t\t\t\t\t\t<h3 style=\"margin-bottom:20px;display:block;width:100%;margin-top:10px\"> <\/h3>\r\n\t\t\t\t\t\t<style>\r\n\t\t\t\t<style>\r\n#wpsm_accordion_1183 .wpsm_panel-heading{\r\n\tpadding:0px !important;\r\n}\r\n#wpsm_accordion_1183 .wpsm_panel-title {\r\n\tmargin:0px !important; \r\n\ttext-transform:none !important;\r\n\tline-height: 1 !important;\r\n}\r\n#wpsm_accordion_1183 .wpsm_panel-title a{\r\n\ttext-decoration:none;\r\n\toverflow:hidden;\r\n\tdisplay:block;\r\n\tpadding:0px;\r\n\tfont-size: 21px !important;\r\n\tfont-family: 0 !important;\r\n\tcolor:#000000 !important;\r\n\tborder-bottom:0px !important;\r\n}\r\n\r\n#wpsm_accordion_1183 .wpsm_panel-title a:focus {\r\noutline: 0px !important;\r\n}\r\n\r\n#wpsm_accordion_1183 .wpsm_panel-title a:hover, #wpsm_accordion_1183 .wpsm_panel-title a:focus {\r\n\tcolor:#000000 !important;\r\n}\r\n#wpsm_accordion_1183 .acc-a{\r\n\tcolor: #000000 !important;\r\n\tbackground-color:#ffffff !important;\r\n\tborder-color: #ddd;\r\n}\r\n#wpsm_accordion_1183 .wpsm_panel-default > .wpsm_panel-heading{\r\n\tcolor: #000000 !important;\r\n\tbackground-color: #ffffff !important;\r\n\tborder-color: #ffffff !important;\r\n\tborder-top-left-radius: 0px;\r\n\tborder-top-right-radius: 0px;\r\n}\r\n#wpsm_accordion_1183 .wpsm_panel-default {\r\n\t\tborder:1px solid transparent !important;\r\n\t}\r\n#wpsm_accordion_1183 {\r\n\tmargin-bottom: 20px;\r\n\toverflow: hidden;\r\n\tfloat: none;\r\n\twidth: 100%;\r\n\tdisplay: block;\r\n}\r\n#wpsm_accordion_1183 .ac_title_class{\r\n\tdisplay: block;\r\n\tpadding-top: 12px;\r\n\tpadding-bottom: 12px;\r\n\tpadding-left: 15px;\r\n\tpadding-right: 15px;\r\n}\r\n#wpsm_accordion_1183  .wpsm_panel {\r\n\toverflow:hidden;\r\n\t-webkit-box-shadow: 0 0px 0px rgba(0, 0, 0, .05);\r\n\tbox-shadow: 0 0px 0px rgba(0, 0, 0, .05);\r\n\t\tborder-radius: 4px;\r\n\t}\r\n#wpsm_accordion_1183  .wpsm_panel + .wpsm_panel {\r\n\t\tmargin-top: 5px;\r\n\t}\r\n#wpsm_accordion_1183  .wpsm_panel-body{\r\n\tbackground-color:#ffffff !important;\r\n\tcolor:#000000 !important;\r\n\tborder-top-color: #ffffff !important;\r\n\tfont-size:19px !important;\r\n\tfont-family: 0 !important;\r\n\toverflow: hidden;\r\n\t\tborder: 2px solid #ffffff !important;\r\n\t}\r\n\r\n#wpsm_accordion_1183 .ac_open_cl_icon{\r\n\tbackground-color:#ffffff !important;\r\n\tcolor: #000000 !important;\r\n\tfloat:right !important;\r\n\tpadding-top: 12px !important;\r\n\tpadding-bottom: 12px !important;\r\n\tline-height: 1.0 !important;\r\n\tpadding-left: 15px !important;\r\n\tpadding-right: 15px !important;\r\n\tdisplay: inline-block !important;\r\n}\r\n\r\n\t\t\t\r\n\t\t\t<\/style>\t\r\n\t\t\t<\/style>\r\n\t\t\t<div class=\"wpsm_panel-group\" id=\"wpsm_accordion_1183\" >\r\n\t\t\t\t\t\t\t\t\r\n\t\t\t\t\t<!-- Inner panel Start -->\r\n\t\t\t\t\t<div class=\"wpsm_panel wpsm_panel-default\">\r\n\t\t\t\t\t\t<div class=\"wpsm_panel-heading\" role=\"tab\" >\r\n\t\t\t\t\t\t  <h4 class=\"wpsm_panel-title\">\r\n\t\t\t\t\t\t\t<a  class=\"\"  data-toggle=\"collapse\" data-parent=\"#wpsm_accordion_1183 \" href=\"javascript:void(0)\" data-target=\"#ac_1183_collapse1\" onclick=\"do_resize()\">\r\n\t\t\t\t\t\t\t\t\t\t\t\t\t\t\t\t\t<span class=\"ac_open_cl_icon fa fa-plus\"><\/span>\r\n\t\t\t\t\t\t\t\t\t\r\n\t\t\t\t\t\t\t\t \r\n\t\t\t\t\t\t\t\t<span class=\"ac_title_class\">\r\n\t\t\t\t\t\t\t\t\t1. Qu\u2019est-ce que ChatGPT et les autres outils d&#039;intelligence artificielle (IA) dont on parle ?\t\t\t\t\t\t\t\t<\/span>\r\n\t\t\t\t\t\t\t<\/a>\r\n\t\t\t\t\t\t  <\/h4>\r\n\t\t\t\t\t\t<\/div>\r\n\t\t\t\t\t\t<div id=\"ac_1183_collapse1\" class=\"wpsm_panel-collapse collapse \"  >\r\n\t\t\t\t\t\t  <div class=\"wpsm_panel-body\">\r\n\t\t\t\t\t\t\t<p>ChatGPT est un exemple d'outil d'intelligence artificielle qui a \u00e9t\u00e9 d\u00e9velopp\u00e9 pour aider \u00e0 la cr\u00e9ation de contenu automatis\u00e9 en langage naturel. Il utilise des algorithmes pour analyser et comprendre les donn\u00e9es d'entr\u00e9e, puis g\u00e9n\u00e8re des r\u00e9sultats pr\u00e9cis en fonction des mod\u00e8les qu'il a appris. Les outils d'intelligence artificielle comme ChatGPT peuvent \u00eatre utilis\u00e9s dans une vari\u00e9t\u00e9 de domaines, notamment la cr\u00e9ation de contenu et la traduction. <br>\r\n  (OPENAI. \u00ab ChatGPT en bref \u00bb, dans ChatGPT [intelligence artificielle], 2 mars 2023, <a href=\"https:\/\/openai.com\/blog\/chatgpt\/\" target=\"_blank\">https:\/\/openai.com\/blog\/chatgpt\/<\/a>. Modifi\u00e9e et bonifi\u00e9e par les membres du CIA.) <\/p>\r\n\t\t\t\t\t\t  <\/div>\r\n\t\t\t\t\t\t<\/div>\r\n\t\t\t\t\t<\/div>\r\n\t\t\t\t\t<!-- Inner panel End -->\r\n\t\t\t\t\t\r\n\t\t\t\t\t\t\t\t\r\n\t\t\t\t\t<!-- Inner panel Start -->\r\n\t\t\t\t\t<div class=\"wpsm_panel wpsm_panel-default\">\r\n\t\t\t\t\t\t<div class=\"wpsm_panel-heading\" role=\"tab\" >\r\n\t\t\t\t\t\t  <h4 class=\"wpsm_panel-title\">\r\n\t\t\t\t\t\t\t<a  class=\"collapsed\"  data-toggle=\"collapse\" data-parent=\"#wpsm_accordion_1183 \" href=\"javascript:void(0)\" data-target=\"#ac_1183_collapse2\" onclick=\"do_resize()\">\r\n\t\t\t\t\t\t\t\t\t\t\t\t\t\t\t\t\t<span class=\"ac_open_cl_icon fa fa-plus\"><\/span>\r\n\t\t\t\t\t\t\t\t\t\r\n\t\t\t\t\t\t\t\t \r\n\t\t\t\t\t\t\t\t<span class=\"ac_title_class\">\r\n\t\t\t\t\t\t\t\t\t2. Quels sont les principaux types d\u2019IA ?\t\t\t\t\t\t\t\t<\/span>\r\n\t\t\t\t\t\t\t<\/a>\r\n\t\t\t\t\t\t  <\/h4>\r\n\t\t\t\t\t\t<\/div>\r\n\t\t\t\t\t\t<div id=\"ac_1183_collapse2\" class=\"wpsm_panel-collapse collapse \"  >\r\n\t\t\t\t\t\t  <div class=\"wpsm_panel-body\">\r\n\t\t\t\t\t\t\t<ul>\r\n  <li>Robot conversationnel: programme informatique qui simule une conversation avec des \u00eatres humains. Il utilise l'intelligence artificielle et le traitement du langage naturel pour comprendre et r\u00e9pondre aux messages des utilisateurs de mani\u00e8re interactive (ex.: ChatGPT, Bard, Mon IA de SnapChat).<\/li>\r\n  <li>G\u00e9n\u00e9rateur d'images: mod\u00e8le d'intelligence artificielle utilis\u00e9 pour g\u00e9n\u00e9rer de nouvelles images r\u00e9alistes. Il analyse un ensemble de donn\u00e9es d'images existantes, identifie les motifs et les caract\u00e9ristiques communes, puis g\u00e9n\u00e8re de nouvelles images bas\u00e9es sur ces informations (ex.: DALL-E, MidJourney, Stable Diffusion).<\/li>\r\n  <li>Outils de reconnaissance d'image: programme informatique qui utilise des algorithmes d'apprentissage automatique pour identifier et classifier des objets, des personnes ou des motifs dans des images ou la recherche d'images. (ex.\u00a0: Google Image Recognition)<\/li>\r\n  <li>Traducteur automatique: outil qui utilise l'intelligence artificielle pour traduire du texte d'une langue \u00e0 une autre de mani\u00e8re automatique. Ils peuvent \u00eatre utiles pour la lecture de documents d\u2019une autre langue et ainsi faciliter la compr\u00e9hension de sources originales (ex.: DeepLTranslate, Google traduction).<\/li>\r\n  <li>Outils de reconnaissance vocale: mod\u00e8le d\u2019intelligence artificielle qui convertit la parole en texte. Ils sont utilis\u00e9s dans les syst\u00e8mes de transcription automatique, les assistants vocaux et les applications de dict\u00e9e.<\/li>\r\n  <li>IA \u00e9motionnelle: outil d'analyse de sentiment qui utilise le traitement du langage naturel pour d\u00e9terminer les \u00e9motions et les opinions exprim\u00e9es dans un texte. Peut \u00eatre utilis\u00e9 pour analyser les commentaires des \u00e9tudiants, les opinions sur les sujets d'\u00e9tude, ou pour effectuer des \u00e9tudes de march\u00e9.<\/li>\r\n  <li>Syst\u00e8mes de recommandation: programmes informatiques qui utilisent des algorithmes d'apprentissage automatique pour analyser les pr\u00e9f\u00e9rences et les comportements des utilisateurs, afin de leur recommander des produits, des services ou du contenu adapt\u00e9 \u00e0 leurs int\u00e9r\u00eats (ex.: ALI).<\/li>\r\n  <li>IA de programmation par les pairs : Logiciel autonome capable d\u2019utiliser des mod\u00e8les de langage avanc\u00e9s pour g\u00e9n\u00e9rer automatiquement des suggestions de code en temps r\u00e9el (ex.: GitHub Copilot) . <\/li>\r\n<\/ul>\r\n<p>(OPENAI. \u00ab Robot conversationnel expliqu\u00e9 \u00bb, dans ChatGPT [intelligence artificielle], 1er juin 2023, <a href=\"https:\/\/openai.com\/blog\/chatgpt\/\" target=\"_blank\">https:\/\/openai.com\/blog\/chatgpt\/<\/a>. Modifi\u00e9 et bonifi\u00e9 par les membres du CIA.)<\/p>\r\n\t\t\t\t\t\t  <\/div>\r\n\t\t\t\t\t\t<\/div>\r\n\t\t\t\t\t<\/div>\r\n\t\t\t\t\t<!-- Inner panel End -->\r\n\t\t\t\t\t\r\n\t\t\t\t\t\t\t\t\r\n\t\t\t\t\t<!-- Inner panel Start -->\r\n\t\t\t\t\t<div class=\"wpsm_panel wpsm_panel-default\">\r\n\t\t\t\t\t\t<div class=\"wpsm_panel-heading\" role=\"tab\" >\r\n\t\t\t\t\t\t  <h4 class=\"wpsm_panel-title\">\r\n\t\t\t\t\t\t\t<a  class=\"collapsed\"  data-toggle=\"collapse\" data-parent=\"#wpsm_accordion_1183 \" href=\"javascript:void(0)\" data-target=\"#ac_1183_collapse3\" onclick=\"do_resize()\">\r\n\t\t\t\t\t\t\t\t\t\t\t\t\t\t\t\t\t<span class=\"ac_open_cl_icon fa fa-plus\"><\/span>\r\n\t\t\t\t\t\t\t\t\t\r\n\t\t\t\t\t\t\t\t \r\n\t\t\t\t\t\t\t\t<span class=\"ac_title_class\">\r\n\t\t\t\t\t\t\t\t\t3. Quelles sont les limites des outils d\u2019IA?\t\t\t\t\t\t\t\t<\/span>\r\n\t\t\t\t\t\t\t<\/a>\r\n\t\t\t\t\t\t  <\/h4>\r\n\t\t\t\t\t\t<\/div>\r\n\t\t\t\t\t\t<div id=\"ac_1183_collapse3\" class=\"wpsm_panel-collapse collapse \"  >\r\n\t\t\t\t\t\t  <div class=\"wpsm_panel-body\">\r\n\t\t\t\t\t\t\t<ul>\r\n  <li>Actuellement, ChatGPT ne peut r\u00e9pondre \u00e0 aucune question sur des faits survenus apr\u00e8s 2021, puisque sa base de donn\u00e9es a \u00e9t\u00e9 extraite du web cette ann\u00e9e-l\u00e0.<\/li>\r\n  <li>Il est programm\u00e9 pour refuser de r\u00e9pondre \u00e0 certaines demandes inappropri\u00e9es (par exemple, donner des instructions pour commettre un acte ill\u00e9gal).<\/li>\r\n  <li>Il peut commettre des erreurs factuelles. Il ne fait que g\u00e9n\u00e9rer la s\u00e9quence de mots la plus probable pour r\u00e9pondre \u00e0 une requ\u00eate, il n\u2019est pas capable d\u2019en \u00e9valuer la validit\u00e9.<\/li>\r\n  <li>Il ne cite pas ses sources, ou le fait parfois incorrectement.<\/li>\r\n  <li>Il reproduit les biais pr\u00e9sents dans sa base de donn\u00e9es.<\/li>\r\n  <li>Il a des connaissances limit\u00e9es sur certains sujets plus pointus.<\/li>\r\n  <li>Bien qu\u2019il g\u00e9n\u00e8re des textes originaux, il ne fait pas preuve de cr\u00e9ativit\u00e9 \u00e0 proprement parler. Il ne va pas au-del\u00e0 des contenus existants, il imite des styles.<\/li>\r\n<\/ul>\r\n<p>(SIGOUIN, Caroline. \u00ab <em>ChatGPT et les outils d\u2019intelligence artificielle : quelles implications pour l\u2019enseignement? \u00bb dans <\/em>Universit\u00e9 du Qu\u00e9bec en Abitibi-T\u00e9miscamingue, <a href=\"https:\/\/enseigner-soutien.uqat.ca\/ressources\/chatgpt\" target=\"_blank\">https:\/\/enseigner-soutien.uqat.ca\/ressources\/chatgpt<\/a> (Page consult\u00e9e le [29 juin 2023])<\/p>\r\n\t\t\t\t\t\t  <\/div>\r\n\t\t\t\t\t\t<\/div>\r\n\t\t\t\t\t<\/div>\r\n\t\t\t\t\t<!-- Inner panel End -->\r\n\t\t\t\t\t\r\n\t\t\t\t\t\t\t\t\r\n\t\t\t\t\t<!-- Inner panel Start -->\r\n\t\t\t\t\t<div class=\"wpsm_panel wpsm_panel-default\">\r\n\t\t\t\t\t\t<div class=\"wpsm_panel-heading\" role=\"tab\" >\r\n\t\t\t\t\t\t  <h4 class=\"wpsm_panel-title\">\r\n\t\t\t\t\t\t\t<a  class=\"collapsed\"  data-toggle=\"collapse\" data-parent=\"#wpsm_accordion_1183 \" href=\"javascript:void(0)\" data-target=\"#ac_1183_collapse4\" onclick=\"do_resize()\">\r\n\t\t\t\t\t\t\t\t\t\t\t\t\t\t\t\t\t<span class=\"ac_open_cl_icon fa fa-plus\"><\/span>\r\n\t\t\t\t\t\t\t\t\t\r\n\t\t\t\t\t\t\t\t \r\n\t\t\t\t\t\t\t\t<span class=\"ac_title_class\">\r\n\t\t\t\t\t\t\t\t\t4. Les informations fournies par l\u2019IA sont-elles fiables?\t\t\t\t\t\t\t\t<\/span>\r\n\t\t\t\t\t\t\t<\/a>\r\n\t\t\t\t\t\t  <\/h4>\r\n\t\t\t\t\t\t<\/div>\r\n\t\t\t\t\t\t<div id=\"ac_1183_collapse4\" class=\"wpsm_panel-collapse collapse \"  >\r\n\t\t\t\t\t\t  <div class=\"wpsm_panel-body\">\r\n\t\t\t\t\t\t\t<p>Non. Lorsque l'algorithme ou les donn\u00e9es sur lesquelles une IA apprend contiennent des erreurs ou des biais, elle peut reproduire ces donn\u00e9es erron\u00e9es et cr\u00e9er de fausses informations. Vous risquez d\u2019utiliser des donn\u00e9es erron\u00e9es, et en plus, cela peut renforcir les pr\u00e9jug\u00e9s, les st\u00e9r\u00e9otypes et la discrimination envers certains groupes. Vous devez v\u00e9rifier m\u00e9ticuleusement les informations fournies par une IA. La meilleure fa\u00e7on de le faire est de trouver au moins deux r\u00e9f\u00e9rences fiables qui corroborent l\u2019information.<\/p>\r\n<p>(QU\u00c9BEC. COMMISSION DE L\u2019\u00c9THIQUE EN SCIENCE ET EN TECHNOLOGIE. \u00ab Les enjeux \u00e9thiques et p\u00e9dagogiques de l\u2019utilisation des intelligences artificielles g\u00e9n\u00e9ratives en enseignement sup\u00e9rieur. \u00bb, 2023, <a href=\"https:\/\/ethique.gouv.qc.ca\/fr\/projets-en-cours\/les-enjeux-ethiques-et-pedagogiques-de-l-utilisation-des-intelligences-artificielles-generatives-en-enseignement-superieur\/\" target=\"_blank\">https:\/\/ethique.gouv.qc.ca\/fr\/projets-en-cours\/les-enjeux-ethiques-et-pedagogiques-de-l-utilisation-des-intelligences-artificielles-generatives-en-enseignement-superieur\/<\/a> \u00a0(Page consult\u00e9e le [29 juin 2023])<\/p>\t\t\t\t\t\t  <\/div>\r\n\t\t\t\t\t\t<\/div>\r\n\t\t\t\t\t<\/div>\r\n\t\t\t\t\t<!-- Inner panel End -->\r\n\t\t\t\t\t\r\n\t\t\t\t\t\t\t\t\r\n\t\t\t\t\t<!-- Inner panel Start -->\r\n\t\t\t\t\t<div class=\"wpsm_panel wpsm_panel-default\">\r\n\t\t\t\t\t\t<div class=\"wpsm_panel-heading\" role=\"tab\" >\r\n\t\t\t\t\t\t  <h4 class=\"wpsm_panel-title\">\r\n\t\t\t\t\t\t\t<a  class=\"collapsed\"  data-toggle=\"collapse\" data-parent=\"#wpsm_accordion_1183 \" href=\"javascript:void(0)\" data-target=\"#ac_1183_collapse5\" onclick=\"do_resize()\">\r\n\t\t\t\t\t\t\t\t\t\t\t\t\t\t\t\t\t<span class=\"ac_open_cl_icon fa fa-plus\"><\/span>\r\n\t\t\t\t\t\t\t\t\t\r\n\t\t\t\t\t\t\t\t \r\n\t\t\t\t\t\t\t\t<span class=\"ac_title_class\">\r\n\t\t\t\t\t\t\t\t\t5. \u00c0 qui appartient le contenu g\u00e9n\u00e9r\u00e9 par les outils d\u2019IA?\t\t\t\t\t\t\t\t<\/span>\r\n\t\t\t\t\t\t\t<\/a>\r\n\t\t\t\t\t\t  <\/h4>\r\n\t\t\t\t\t\t<\/div>\r\n\t\t\t\t\t\t<div id=\"ac_1183_collapse5\" class=\"wpsm_panel-collapse collapse \"  >\r\n\t\t\t\t\t\t  <div class=\"wpsm_panel-body\">\r\n\t\t\t\t\t\t\t<p><em>Remarque\u00a0: cette r\u00e9ponse ne peut pas \u00eatre consid\u00e9r\u00e9e comme un avis l\u00e9gal, pour des informations propres \u00e0 votre situation ou votre juridiction, vous devez consulter un avocat sp\u00e9cialis\u00e9 en propri\u00e9t\u00e9 intellectuelle.<\/em><\/p>\r\n<p>Le statut juridique du contenu g\u00e9n\u00e9r\u00e9 par une IA est un sujet complexe et en \u00e9volution, car les lois n'ont pas encore pleinement assimil\u00e9 les implications juridiques de cette technologie. <\/p>\r\n<p>Voici cependant quelques principes g\u00e9n\u00e9raux qui peuvent s'appliquer : <\/p>\r\n<ul>\r\n  <li>L'IA n\u2019est pas une entit\u00e9 juridique capable d'\u00eatre l'autrice d'une \u0153uvre. <\/li>\r\n  <li>Le contenu g\u00e9n\u00e9r\u00e9 par l\u2019IA n\u2019est pas consid\u00e9r\u00e9 comme une \u0153uvre originale par la loi au Canada.<\/li>\r\n  <li>Les contrats et les accords entre les parties peuvent jouer un r\u00f4le significatif dans la d\u00e9termination de la propri\u00e9t\u00e9 du contenu g\u00e9n\u00e9r\u00e9 par une IA.<\/li>\r\n<\/ul>\r\n\t\t\t\t\t\t  <\/div>\r\n\t\t\t\t\t\t<\/div>\r\n\t\t\t\t\t<\/div>\r\n\t\t\t\t\t<!-- Inner panel End -->\r\n\t\t\t\t\t\r\n\t\t\t\t\t\t\t\t\r\n\t\t\t\t\t<!-- Inner panel Start -->\r\n\t\t\t\t\t<div class=\"wpsm_panel wpsm_panel-default\">\r\n\t\t\t\t\t\t<div class=\"wpsm_panel-heading\" role=\"tab\" >\r\n\t\t\t\t\t\t  <h4 class=\"wpsm_panel-title\">\r\n\t\t\t\t\t\t\t<a  class=\"collapsed\"  data-toggle=\"collapse\" data-parent=\"#wpsm_accordion_1183 \" href=\"javascript:void(0)\" data-target=\"#ac_1183_collapse6\" onclick=\"do_resize()\">\r\n\t\t\t\t\t\t\t\t\t\t\t\t\t\t\t\t\t<span class=\"ac_open_cl_icon fa fa-plus\"><\/span>\r\n\t\t\t\t\t\t\t\t\t\r\n\t\t\t\t\t\t\t\t \r\n\t\t\t\t\t\t\t\t<span class=\"ac_title_class\">\r\n\t\t\t\t\t\t\t\t\t6. Pourquoi dois-je citer l\u2019utilisation de l\u2019IA dans mes travaux ?\t\t\t\t\t\t\t\t<\/span>\r\n\t\t\t\t\t\t\t<\/a>\r\n\t\t\t\t\t\t  <\/h4>\r\n\t\t\t\t\t\t<\/div>\r\n\t\t\t\t\t\t<div id=\"ac_1183_collapse6\" class=\"wpsm_panel-collapse collapse \"  >\r\n\t\t\t\t\t\t  <div class=\"wpsm_panel-body\">\r\n\t\t\t\t\t\t\t<p>Pour bien \u00e9valuer votre travail et rendre compte de vos apprentissages r\u00e9els, il est important de savoir quelles parties et quelle proportion du travail vous sont imputables. La transparence est essentielle dans votre utilisation des outils d\u2019IA pour que l\u2019on puisse vous guider ad\u00e9quatement dans l\u2019acquisition des connaissances et des habilet\u00e9s primordiales n\u00e9cessaires \u00e0 votre formation. C\u2019est votre responsabilit\u00e9 de faire preuve d\u2019int\u00e9grit\u00e9 et d\u2019honn\u00eatet\u00e9.<\/p>\t\t\t\t\t\t  <\/div>\r\n\t\t\t\t\t\t<\/div>\r\n\t\t\t\t\t<\/div>\r\n\t\t\t\t\t<!-- Inner panel End -->\r\n\t\t\t\t\t\r\n\t\t\t\t\t\t\t\t\r\n\t\t\t\t\t<!-- Inner panel Start -->\r\n\t\t\t\t\t<div class=\"wpsm_panel wpsm_panel-default\">\r\n\t\t\t\t\t\t<div class=\"wpsm_panel-heading\" role=\"tab\" >\r\n\t\t\t\t\t\t  <h4 class=\"wpsm_panel-title\">\r\n\t\t\t\t\t\t\t<a  class=\"collapsed\"  data-toggle=\"collapse\" data-parent=\"#wpsm_accordion_1183 \" href=\"javascript:void(0)\" data-target=\"#ac_1183_collapse7\" onclick=\"do_resize()\">\r\n\t\t\t\t\t\t\t\t\t\t\t\t\t\t\t\t\t<span class=\"ac_open_cl_icon fa fa-plus\"><\/span>\r\n\t\t\t\t\t\t\t\t\t\r\n\t\t\t\t\t\t\t\t \r\n\t\t\t\t\t\t\t\t<span class=\"ac_title_class\">\r\n\t\t\t\t\t\t\t\t\t7. Comment dois-je citer l\u2019utilisation de l\u2019IA?\t\t\t\t\t\t\t\t<\/span>\r\n\t\t\t\t\t\t\t<\/a>\r\n\t\t\t\t\t\t  <\/h4>\r\n\t\t\t\t\t\t<\/div>\r\n\t\t\t\t\t\t<div id=\"ac_1183_collapse7\" class=\"wpsm_panel-collapse collapse \"  >\r\n\t\t\t\t\t\t  <div class=\"wpsm_panel-body\">\r\n\t\t\t\t\t\t\t<p><em>Ces informations sont fournies \u00e0 titre de guide. V\u00e9rifiez les exigences de votre enseignant\u00b7e en mati\u00e8re de citation.<\/em><\/p>\r\n<br>\r\n     <img decoding=\"async\" src=\"https:\/\/centretic.com\/etudiants\/wp-content\/uploads\/sites\/3\/2024\/03\/Citation-IA-p1.jpg\"><\/a>\r\n<br>\r\n    <img decoding=\"async\" src=\"https:\/\/centretic.com\/etudiants\/wp-content\/uploads\/sites\/3\/2024\/03\/Citation-IA-p2.jpg\"><\/a>\r\n<p><strong>T\u00e9l\u00e9charger la\r\n<a href=\"https:\/\/centretic.com\/etudiants\/wp-content\/uploads\/sites\/3\/2024\/03\/Citation-IA.pdf\" target=\"_blank\"> version PDF <\/a>de l'infographie.<\/strong><\/p>\t\t\t\t\t\t  <\/div>\r\n\t\t\t\t\t\t<\/div>\r\n\t\t\t\t\t<\/div>\r\n\t\t\t\t\t<!-- Inner panel End -->\r\n\t\t\t\t\t\r\n\t\t\t\t\t\t\t\t\r\n\t\t\t\t\t<!-- Inner panel Start -->\r\n\t\t\t\t\t<div class=\"wpsm_panel wpsm_panel-default\">\r\n\t\t\t\t\t\t<div class=\"wpsm_panel-heading\" role=\"tab\" >\r\n\t\t\t\t\t\t  <h4 class=\"wpsm_panel-title\">\r\n\t\t\t\t\t\t\t<a  class=\"collapsed\"  data-toggle=\"collapse\" data-parent=\"#wpsm_accordion_1183 \" href=\"javascript:void(0)\" data-target=\"#ac_1183_collapse8\" onclick=\"do_resize()\">\r\n\t\t\t\t\t\t\t\t\t\t\t\t\t\t\t\t\t<span class=\"ac_open_cl_icon fa fa-plus\"><\/span>\r\n\t\t\t\t\t\t\t\t\t\r\n\t\t\t\t\t\t\t\t \r\n\t\t\t\t\t\t\t\t<span class=\"ac_title_class\">\r\n\t\t\t\t\t\t\t\t\t8. Est-ce qu\u2019utiliser des outils d\u2019IA pour r\u00e9diger mes travaux est consid\u00e9r\u00e9 comme de la tricherie ?\t\t\t\t\t\t\t\t<\/span>\r\n\t\t\t\t\t\t\t<\/a>\r\n\t\t\t\t\t\t  <\/h4>\r\n\t\t\t\t\t\t<\/div>\r\n\t\t\t\t\t\t<div id=\"ac_1183_collapse8\" class=\"wpsm_panel-collapse collapse \"  >\r\n\t\t\t\t\t\t  <div class=\"wpsm_panel-body\">\r\n\t\t\t\t\t\t\t<p>Cela d\u00e9pend. L\u2019utilisation de l\u2019IA lors des travaux et \u00e9valuations peut \u00eatre permise, elle peut \u00eatre limit\u00e9e ou elle peut \u00eatre interdite. Si vous utilisez des outils d\u2019IA de fa\u00e7on inad\u00e9quate, sans le mentionner et\/ou sans autorisation, cela sera effectivement consid\u00e9r\u00e9 comme de la tricherie ou une fraude scolaire. Vous serez passible de sanctions disciplinaires. Dans le doute, posez des questions \u00e0 votre enseignant\u00b7e et clarifiez les directives avec elle ou avec lui.<\/p>\t\t\t\t\t\t  <\/div>\r\n\t\t\t\t\t\t<\/div>\r\n\t\t\t\t\t<\/div>\r\n\t\t\t\t\t<!-- Inner panel End -->\r\n\t\t\t\t\t\r\n\t\t\t\t\t\t\t\t\r\n\t\t\t\t\t<!-- Inner panel Start -->\r\n\t\t\t\t\t<div class=\"wpsm_panel wpsm_panel-default\">\r\n\t\t\t\t\t\t<div class=\"wpsm_panel-heading\" role=\"tab\" >\r\n\t\t\t\t\t\t  <h4 class=\"wpsm_panel-title\">\r\n\t\t\t\t\t\t\t<a  class=\"collapsed\"  data-toggle=\"collapse\" data-parent=\"#wpsm_accordion_1183 \" href=\"javascript:void(0)\" data-target=\"#ac_1183_collapse9\" onclick=\"do_resize()\">\r\n\t\t\t\t\t\t\t\t\t\t\t\t\t\t\t\t\t<span class=\"ac_open_cl_icon fa fa-plus\"><\/span>\r\n\t\t\t\t\t\t\t\t\t\r\n\t\t\t\t\t\t\t\t \r\n\t\t\t\t\t\t\t\t<span class=\"ac_title_class\">\r\n\t\t\t\t\t\t\t\t\t9. Comment savoir si mon utilisation des outils d\u2019IA est ad\u00e9quate ?\t\t\t\t\t\t\t\t<\/span>\r\n\t\t\t\t\t\t\t<\/a>\r\n\t\t\t\t\t\t  <\/h4>\r\n\t\t\t\t\t\t<\/div>\r\n\t\t\t\t\t\t<div id=\"ac_1183_collapse9\" class=\"wpsm_panel-collapse collapse \"  >\r\n\t\t\t\t\t\t  <div class=\"wpsm_panel-body\">\r\n\t\t\t\t\t\t\t<p>Avant les \u00e9valuations et les travaux, votre enseignant\u00b7e vous informera des r\u00e8gles qui entourent l'utilisation ou non des outils d'intelligence artificielle dans le cadre de l'\u00e9valuation ou du travail demand\u00e9. Vous devrez vous conformer \u00e0 ces instructions. Dans le doute, posez des questions \u00e0 votre enseignant\u00b7e et clarifiez les directives avec elle ou avec lui.<\/p>\t\t\t\t\t\t  <\/div>\r\n\t\t\t\t\t\t<\/div>\r\n\t\t\t\t\t<\/div>\r\n\t\t\t\t\t<!-- Inner panel End -->\r\n\t\t\t\t\t\r\n\t\t\t\t\t\t\t<\/div>\r\n\t\t\t\r\n<script type=\"text\/javascript\">\r\n\t\r\n\t\tfunction do_resize(){\r\n\r\n\t\t\tvar width=jQuery( '.wpsm_panel .wpsm_panel-body iframe' ).width();\r\n\t\t\tvar height=jQuery( '.wpsm_panel .wpsm_panel-body iframe' ).height();\r\n\r\n\t\t\tvar toggleSize = true;\r\n\t\t\tjQuery('iframe').animate({\r\n\t\t\t    width: toggleSize ? width : 640,\r\n\t\t\t    height: toggleSize ? height : 360\r\n\t\t\t  }, 250);\r\n\r\n\t\t\t  toggleSize = !toggleSize;\r\n\t\t}\r\n\t\t\r\n<\/script>\t\n","protected":false},"excerpt":{"rendered":"","protected":false},"author":1,"featured_media":0,"parent":1243,"menu_order":1,"comment_status":"closed","ping_status":"closed","template":"","meta":{"footnotes":""},"class_list":["post-1184","page","type-page","status-publish","hentry","entry","grid"],"_links":{"self":[{"href":"https:\/\/centretic.com\/etudiants\/wp-json\/wp\/v2\/pages\/1184","targetHints":{"allow":["GET"]}}],"collection":[{"href":"https:\/\/centretic.com\/etudiants\/wp-json\/wp\/v2\/pages"}],"about":[{"href":"https:\/\/centretic.com\/etudiants\/wp-json\/wp\/v2\/types\/page"}],"author":[{"embeddable":true,"href":"https:\/\/centretic.com\/etudiants\/wp-json\/wp\/v2\/users\/1"}],"replies":[{"embeddable":true,"href":"https:\/\/centretic.com\/etudiants\/wp-json\/wp\/v2\/comments?post=1184"}],"version-history":[{"count":9,"href":"https:\/\/centretic.com\/etudiants\/wp-json\/wp\/v2\/pages\/1184\/revisions"}],"predecessor-version":[{"id":1252,"href":"https:\/\/centretic.com\/etudiants\/wp-json\/wp\/v2\/pages\/1184\/revisions\/1252"}],"up":[{"embeddable":true,"href":"https:\/\/centretic.com\/etudiants\/wp-json\/wp\/v2\/pages\/1243"}],"wp:attachment":[{"href":"https:\/\/centretic.com\/etudiants\/wp-json\/wp\/v2\/media?parent=1184"}],"curies":[{"name":"wp","href":"https:\/\/api.w.org\/{rel}","templated":true}]}}