{"id":952,"date":"2019-06-18T12:24:27","date_gmt":"2019-06-18T16:24:27","guid":{"rendered":"https:\/\/tictactruc.com?page_id=952"},"modified":"2024-02-09T11:12:40","modified_gmt":"2024-02-09T16:12:40","slug":"apprentissage-actif","status":"publish","type":"page","link":"https:\/\/centretic.com\/enseignants\/apprentissage-actif\/","title":{"rendered":"Apprentissage actif"},"content":{"rendered":"\n<p>Int\u00e9ress\u00e9\u00b7e par l\u2019apprentissage actif et collaboratif? Cette section est faite pour vous! De nombreuses ressources y sont pr\u00e9sent\u00e9es. Bonne exploration!<\/p>\n\n\n\n<div class=\"wp-block-columns is-layout-flex wp-container-core-columns-is-layout-9d6595d7 wp-block-columns-is-layout-flex\">\n<div class=\"wp-block-column is-layout-flow wp-block-column-is-layout-flow\">\n<h4 class=\"wp-block-heading\"><a href=\"https:\/\/centretic.com\/enseignants\/claac\/a-la-decouverte-des-fanactifs\/\">\u00c0 la d\u00e9couverte des FanActifs<\/a><\/h4>\n\n\n<div class=\"wp-block-image\">\n<figure class=\"aligncenter size-large\"><img loading=\"lazy\" decoding=\"async\" width=\"1024\" height=\"683\" src=\"https:\/\/centretic.com\/enseignants\/wp-content\/uploads\/sites\/2\/2023\/05\/classe-03-1024x683.jpg\" alt=\"\" class=\"wp-image-4109\" srcset=\"https:\/\/centretic.com\/enseignants\/wp-content\/uploads\/sites\/2\/2023\/05\/classe-03-1024x683.jpg 1024w, https:\/\/centretic.com\/enseignants\/wp-content\/uploads\/sites\/2\/2023\/05\/classe-03-300x200.jpg 300w, https:\/\/centretic.com\/enseignants\/wp-content\/uploads\/sites\/2\/2023\/05\/classe-03-768x512.jpg 768w, https:\/\/centretic.com\/enseignants\/wp-content\/uploads\/sites\/2\/2023\/05\/classe-03-1536x1024.jpg 1536w, https:\/\/centretic.com\/enseignants\/wp-content\/uploads\/sites\/2\/2023\/05\/classe-03-640x427.jpg 640w, https:\/\/centretic.com\/enseignants\/wp-content\/uploads\/sites\/2\/2023\/05\/classe-03-1100x733.jpg 1100w, https:\/\/centretic.com\/enseignants\/wp-content\/uploads\/sites\/2\/2023\/05\/classe-03-1440x960.jpg 1440w, https:\/\/centretic.com\/enseignants\/wp-content\/uploads\/sites\/2\/2023\/05\/classe-03.jpg 1920w\" sizes=\"auto, (max-width: 1024px) 100vw, 1024px\" \/><\/figure>\n<\/div>\n\n\n<p>Cet espace d\u00e9voile qui sont les FanActifs, les mentors et les meneuses de CLAAC.<\/p>\n\n\n\n<p>Envie de conna\u00eetre les activit\u00e9s coups de c\u0153ur de nos mentors? N\u2019h\u00e9sitez pas \u00e0 visiter cette page.<\/p>\n<\/div>\n\n\n\n<div class=\"wp-block-column is-layout-flow wp-block-column-is-layout-flow\">\n<h4 class=\"wp-block-heading\"><a href=\"https:\/\/centretic.com\/enseignants\/claac\/la-claac-et-ses-bienfaits\/\">La CLAAC et ses bienfaits<\/a><\/h4>\n\n\n\n<figure class=\"wp-block-image size-full\"><img loading=\"lazy\" decoding=\"async\" width=\"1024\" height=\"684\" src=\"https:\/\/centretic.com\/enseignants\/wp-content\/uploads\/sites\/2\/2023\/05\/classe-09-1.jpg\" alt=\"\" class=\"wp-image-4170\" srcset=\"https:\/\/centretic.com\/enseignants\/wp-content\/uploads\/sites\/2\/2023\/05\/classe-09-1.jpg 1024w, https:\/\/centretic.com\/enseignants\/wp-content\/uploads\/sites\/2\/2023\/05\/classe-09-1-300x200.jpg 300w, https:\/\/centretic.com\/enseignants\/wp-content\/uploads\/sites\/2\/2023\/05\/classe-09-1-768x513.jpg 768w, https:\/\/centretic.com\/enseignants\/wp-content\/uploads\/sites\/2\/2023\/05\/classe-09-1-640x428.jpg 640w\" sizes=\"auto, (max-width: 1024px) 100vw, 1024px\" \/><\/figure>\n\n\n\n<p>Apprenez-en plus sur l\u2019am\u00e9nagement de la CLAAC et les bienfaits de l\u2019apprentissage actif et collaboratif.<\/p>\n<\/div>\n<\/div>\n\n\n\n<div class=\"wp-block-columns is-layout-flex wp-container-core-columns-is-layout-9d6595d7 wp-block-columns-is-layout-flex\">\n<div class=\"wp-block-column is-layout-flow wp-block-column-is-layout-flow\">\n<h4 class=\"wp-block-heading\"><a href=\"https:\/\/centretic.com\/enseignants\/apprentissage-actif\/temoignages-de-fanactifs\/\">T\u00e9moignages de FanActifs<\/a><\/h4>\n\n\n<div class=\"wp-block-image\">\n<figure class=\"aligncenter size-large\"><img loading=\"lazy\" decoding=\"async\" width=\"1024\" height=\"683\" src=\"https:\/\/centretic.com\/enseignants\/wp-content\/uploads\/sites\/2\/2024\/02\/Claac-temoignages-1024x683.jpg\" alt=\"\" class=\"wp-image-4380\" srcset=\"https:\/\/centretic.com\/enseignants\/wp-content\/uploads\/sites\/2\/2024\/02\/Claac-temoignages-1024x683.jpg 1024w, https:\/\/centretic.com\/enseignants\/wp-content\/uploads\/sites\/2\/2024\/02\/Claac-temoignages-300x200.jpg 300w, https:\/\/centretic.com\/enseignants\/wp-content\/uploads\/sites\/2\/2024\/02\/Claac-temoignages-768x512.jpg 768w, https:\/\/centretic.com\/enseignants\/wp-content\/uploads\/sites\/2\/2024\/02\/Claac-temoignages-1536x1024.jpg 1536w, https:\/\/centretic.com\/enseignants\/wp-content\/uploads\/sites\/2\/2024\/02\/Claac-temoignages-640x427.jpg 640w, https:\/\/centretic.com\/enseignants\/wp-content\/uploads\/sites\/2\/2024\/02\/Claac-temoignages-1100x733.jpg 1100w, https:\/\/centretic.com\/enseignants\/wp-content\/uploads\/sites\/2\/2024\/02\/Claac-temoignages-1440x960.jpg 1440w, https:\/\/centretic.com\/enseignants\/wp-content\/uploads\/sites\/2\/2024\/02\/Claac-temoignages.jpg 1920w\" sizes=\"auto, (max-width: 1024px) 100vw, 1024px\" \/><\/figure>\n<\/div>\n\n\n<p>Des enseignant\u00b7es ont accept\u00e9 g\u00e9n\u00e9reusement de donner de leur temps pour raconter leur exp\u00e9rience dans la classe d\u2019apprentissage actif et collaboratif.<\/p>\n<\/div>\n\n\n\n<div class=\"wp-block-column is-layout-flow wp-block-column-is-layout-flow\">\n<h4 class=\"wp-block-heading\"><a href=\"https:\/\/centretic.com\/enseignants\/claac\/nos-ressources-incontournables\/\">Nos ressources incontournables<\/a><\/h4>\n\n\n\n<figure class=\"wp-block-image size-large\"><img loading=\"lazy\" decoding=\"async\" width=\"1024\" height=\"683\" src=\"https:\/\/centretic.com\/enseignants\/wp-content\/uploads\/sites\/2\/2023\/05\/classe-08-1024x683.jpg\" alt=\"\" class=\"wp-image-4157\" srcset=\"https:\/\/centretic.com\/enseignants\/wp-content\/uploads\/sites\/2\/2023\/05\/classe-08-1024x683.jpg 1024w, https:\/\/centretic.com\/enseignants\/wp-content\/uploads\/sites\/2\/2023\/05\/classe-08-300x200.jpg 300w, https:\/\/centretic.com\/enseignants\/wp-content\/uploads\/sites\/2\/2023\/05\/classe-08-768x512.jpg 768w, https:\/\/centretic.com\/enseignants\/wp-content\/uploads\/sites\/2\/2023\/05\/classe-08-1536x1024.jpg 1536w, https:\/\/centretic.com\/enseignants\/wp-content\/uploads\/sites\/2\/2023\/05\/classe-08-640x427.jpg 640w, https:\/\/centretic.com\/enseignants\/wp-content\/uploads\/sites\/2\/2023\/05\/classe-08-1100x733.jpg 1100w, https:\/\/centretic.com\/enseignants\/wp-content\/uploads\/sites\/2\/2023\/05\/classe-08-1440x960.jpg 1440w, https:\/\/centretic.com\/enseignants\/wp-content\/uploads\/sites\/2\/2023\/05\/classe-08.jpg 1920w\" sizes=\"auto, (max-width: 1024px) 100vw, 1024px\" \/><\/figure>\n\n\n\n<p>D\u00e9couvrez des outils pratico-pratiques pour concevoir un sc\u00e9nario p\u00e9dagogique misant sur l\u2019apprentissage actif et collaboratif. Vous y trouverez \u00e9galement plusieurs activit\u00e9s d\u2019apprentissage engageantes que vous pourrez exp\u00e9rimenter avec vos \u00e9tudiant\u00b7es.<\/p>\n<\/div>\n<\/div>\n","protected":false},"excerpt":{"rendered":"<p>Int\u00e9ress\u00e9\u00b7e par l\u2019apprentissage actif et collaboratif? Cette section est faite pour vous! De nombreuses ressources [&hellip;]<\/p>\n","protected":false},"author":1,"featured_media":0,"parent":0,"menu_order":0,"comment_status":"closed","ping_status":"closed","template":"","meta":{"footnotes":""},"class_list":["post-952","page","type-page","status-publish","hentry","entry","grid"],"_links":{"self":[{"href":"https:\/\/centretic.com\/enseignants\/wp-json\/wp\/v2\/pages\/952","targetHints":{"allow":["GET"]}}],"collection":[{"href":"https:\/\/centretic.com\/enseignants\/wp-json\/wp\/v2\/pages"}],"about":[{"href":"https:\/\/centretic.com\/enseignants\/wp-json\/wp\/v2\/types\/page"}],"author":[{"embeddable":true,"href":"https:\/\/centretic.com\/enseignants\/wp-json\/wp\/v2\/users\/1"}],"replies":[{"embeddable":true,"href":"https:\/\/centretic.com\/enseignants\/wp-json\/wp\/v2\/comments?post=952"}],"version-history":[{"count":19,"href":"https:\/\/centretic.com\/enseignants\/wp-json\/wp\/v2\/pages\/952\/revisions"}],"predecessor-version":[{"id":4385,"href":"https:\/\/centretic.com\/enseignants\/wp-json\/wp\/v2\/pages\/952\/revisions\/4385"}],"wp:attachment":[{"href":"https:\/\/centretic.com\/enseignants\/wp-json\/wp\/v2\/media?parent=952"}],"curies":[{"name":"wp","href":"https:\/\/api.w.org\/{rel}","templated":true}]}}