{"id":4722,"date":"2025-06-26T08:21:51","date_gmt":"2025-06-26T12:21:51","guid":{"rendered":"https:\/\/centretic.com\/enseignants\/?page_id=4722"},"modified":"2025-09-18T07:32:41","modified_gmt":"2025-09-18T11:32:41","slug":"enseignant%c2%b7es-devenez-des-allie%c2%b7es-de-la-conquete-du-numerique","status":"publish","type":"page","link":"https:\/\/centretic.com\/enseignants\/ressources\/enseignant%c2%b7es-devenez-des-allie%c2%b7es-de-la-conquete-du-numerique\/","title":{"rendered":"Enseignant\u00b7es, devenez des alli\u00e9\u00b7es de la conqu\u00eate du num\u00e9rique!"},"content":{"rendered":"\n<div class=\"wp-block-columns is-layout-flex wp-container-core-columns-is-layout-9d6595d7 wp-block-columns-is-layout-flex\">\n<div class=\"wp-block-column is-layout-flow wp-block-column-is-layout-flow\" style=\"flex-basis:66.66%\">\n<p><strong>\u00ab \u00c0 la conqu\u00eate du num\u00e9rique \u00bb<\/strong> est une formation interactive offerte sur Moodle, pens\u00e9e pour accompagner les nouveaux arrivants au C\u00e9gep de Jonqui\u00e8re et au CECC dans leur appropriation des outils num\u00e9riques essentiels \u00e0 leur r\u00e9ussite. Elle vise \u00e0 :<\/p>\n<\/div>\n\n\n\n<div class=\"wp-block-column is-layout-flow wp-block-column-is-layout-flow\" style=\"flex-basis:33.33%\">\n<figure class=\"wp-block-image size-full\"><img loading=\"lazy\" decoding=\"async\" width=\"201\" height=\"135\" src=\"https:\/\/centretic.com\/enseignants\/wp-content\/uploads\/sites\/2\/2025\/06\/cible.jpg\" alt=\"\" class=\"wp-image-4725\"\/><\/figure>\n<\/div>\n<\/div>\n\n\n\n<ul class=\"wp-block-list\">\n<li><strong>R\u00e9duire les in\u00e9galit\u00e9s num\u00e9riques<\/strong> \u00e0 l\u2019entr\u00e9e au coll\u00e9gial.<\/li>\n\n\n\n<li><strong>Favoriser l\u2019autonomie<\/strong> des \u00e9tudiant\u00b7es dans l\u2019utilisation des plateformes comme Microsoft 365, Teams, Outlook, Col.NET, Moodle, etc.<\/li>\n\n\n\n<li><strong>D\u00e9velopper des comp\u00e9tences transversales<\/strong> : gestion du temps, concentration, int\u00e9grit\u00e9 intellectuelle, communication num\u00e9rique, etc.<\/li>\n<\/ul>\n\n\n\n<p><strong>Pourquoi encourager vos \u00e9tudiant\u00b7es \u00e0 suivre la formation?<\/strong><\/p>\n\n\n\n<p><strong>Pour les personnes apprenantes :<\/strong><\/p>\n\n\n\n<ul class=\"wp-block-list\">\n<li>Elles acqui\u00e8rent des comp\u00e9tences concr\u00e8tes et imm\u00e9diatement utiles dans vos cours.<\/li>\n\n\n\n<li>Elles gagnent en autonomie, en efficacit\u00e9 et en confiance.<\/li>\n\n\n\n<li>Elles peuvent participer \u00e0 des <strong>\u00e9v\u00e9nements de groupe<\/strong> o\u00f9 la formation est r\u00e9alis\u00e9e dans un cadre motivant et collaboratif.<\/li>\n<\/ul>\n\n\n\n<p><strong>Pour vous :<\/strong><\/p>\n\n\n\n<ul class=\"wp-block-list\">\n<li>Moins de temps consacr\u00e9 \u00e0 expliquer les bases techniques.<\/li>\n\n\n\n<li>Des \u00e9tudiant\u00b7es mieux pr\u00e9par\u00e9\u00b7es \u00e0 utiliser les outils num\u00e9riques de mani\u00e8re responsable.<\/li>\n\n\n\n<li>Un soutien compl\u00e9mentaire \u00e0 vos interventions p\u00e9dagogiques.<\/li>\n<\/ul>\n\n\n\n<p><strong>Un aper\u00e7u du contenu<\/strong><\/p>\n\n\n\n<p>La formation est divis\u00e9e en <strong>blocs th\u00e9matiques<\/strong> (10), chacun abordant une comp\u00e9tence cl\u00e9. Cette <a href=\"https:\/\/centretic.com\/enseignants\/wp-content\/uploads\/sites\/2\/2025\/07\/A-La-Conquete-Du-Numerique_Fiche_2025-06-20_VF.pdf\" target=\"_blank\" rel=\"noreferrer noopener\">fiche<\/a> (PDF) pr\u00e9sente le contenu de la formation. Certains blocs comprennent :<\/p>\n\n\n\n<ul class=\"wp-block-list\">\n<li>Une <strong>auto\u00e9valuation<\/strong> en d\u00e9but ou fin de parcours;<\/li>\n\n\n\n<li>Des <strong>activit\u00e9s interactives<\/strong>;<\/li>\n\n\n\n<li>Un <strong>passage \u00e0 l\u2019action<\/strong> concret;<\/li>\n\n\n\n<li>Des <strong>aide-m\u00e9moires t\u00e9l\u00e9chargeables<\/strong>.<\/li>\n<\/ul>\n\n\n\n<p><strong>Devenez ambassadeur ou ambassadrice!<\/strong> Vous souhaitez :<\/p>\n\n\n\n<ul class=\"wp-block-list\">\n<li><strong>Recommander la formation<\/strong> \u00e0 vos \u00e9tudiant\u00b7es?<\/li>\n\n\n\n<li><strong>Int\u00e9grer certains blocs<\/strong> dans vos cours?<\/li>\n\n\n\n<li><strong>Partager vos observations<\/strong> sur les besoins num\u00e9riques de votre programme?<\/li>\n<\/ul>\n\n\n\n<p>Vous pouvez explorer les contenus selon les difficult\u00e9s fr\u00e9quemment rencontr\u00e9es par vos \u00e9tudiant\u00b7es gr\u00e2ce \u00e0 une <a href=\"https:\/\/centretic.com\/enseignants\/wp-content\/uploads\/sites\/2\/2025\/07\/Activite-Appropriation-Contenu_Grille.docx\" target=\"_blank\" rel=\"noreferrer noopener\">grille d\u2019appropriation<\/a> (DOCX) con\u00e7ue pour vous. Vous pouvez diriger vos \u00e9tudiant\u00b7es sur la page Web d\u00e9di\u00e9e \u00e0 la formation dans la <a href=\"https:\/\/centretic.com\/etudiants\/a-la-conquete-du-numerique\/\">section \u00c9tudiant\u00b7es<\/a> du Centre TIC.<\/p>\n\n\n\n<p><strong>En cas de probl\u00e8me<\/strong> avec Moodle, contactez Guillaume Fillion <a href=\"mailto:guillaumefillion@cegepjonquiere.ca\">(guillaumefillion@cegepjonquiere.ca<\/a>).<\/p>\n\n\n\n<p><strong>Pour en savoir plus<br><\/strong><a href=\"https:\/\/centretic.com\/enseignants\/wp-content\/uploads\/sites\/2\/2025\/09\/ALaConqueteDuNumerique_Contenus_2025-09-18.pdf\" target=\"_blank\" rel=\"noreferrer noopener\">Consultez la foire aux questions<\/a><br>Contactez <strong>Isabelle Tremblay,<\/strong> conseill\u00e8re p\u00e9dagogique.<br><a href=\"https:\/\/teams.microsoft.com\/l\/chat\/0\/0?users=isabelletremblay@cegepjonquiere.ca\" target=\"_blank\" rel=\"noreferrer noopener\">Rejoindre sur Teams<\/a><\/p>\n","protected":false},"excerpt":{"rendered":"<p>\u00ab \u00c0 la conqu\u00eate du num\u00e9rique \u00bb est une formation interactive offerte sur Moodle, pens\u00e9e [&hellip;]<\/p>\n","protected":false},"author":1,"featured_media":0,"parent":4517,"menu_order":0,"comment_status":"closed","ping_status":"closed","template":"","meta":{"footnotes":""},"class_list":["post-4722","page","type-page","status-publish","hentry","entry","grid"],"_links":{"self":[{"href":"https:\/\/centretic.com\/enseignants\/wp-json\/wp\/v2\/pages\/4722","targetHints":{"allow":["GET"]}}],"collection":[{"href":"https:\/\/centretic.com\/enseignants\/wp-json\/wp\/v2\/pages"}],"about":[{"href":"https:\/\/centretic.com\/enseignants\/wp-json\/wp\/v2\/types\/page"}],"author":[{"embeddable":true,"href":"https:\/\/centretic.com\/enseignants\/wp-json\/wp\/v2\/users\/1"}],"replies":[{"embeddable":true,"href":"https:\/\/centretic.com\/enseignants\/wp-json\/wp\/v2\/comments?post=4722"}],"version-history":[{"count":14,"href":"https:\/\/centretic.com\/enseignants\/wp-json\/wp\/v2\/pages\/4722\/revisions"}],"predecessor-version":[{"id":4829,"href":"https:\/\/centretic.com\/enseignants\/wp-json\/wp\/v2\/pages\/4722\/revisions\/4829"}],"up":[{"embeddable":true,"href":"https:\/\/centretic.com\/enseignants\/wp-json\/wp\/v2\/pages\/4517"}],"wp:attachment":[{"href":"https:\/\/centretic.com\/enseignants\/wp-json\/wp\/v2\/media?parent=4722"}],"curies":[{"name":"wp","href":"https:\/\/api.w.org\/{rel}","templated":true}]}}