{"id":4659,"date":"2025-04-23T14:13:43","date_gmt":"2025-04-23T18:13:43","guid":{"rendered":"https:\/\/centretic.com\/enseignants\/?page_id=4659"},"modified":"2026-03-17T07:15:20","modified_gmt":"2026-03-17T11:15:20","slug":"documents-a-telecharger","status":"publish","type":"page","link":"https:\/\/centretic.com\/enseignants\/documents-a-telecharger\/","title":{"rendered":"Documents \u00e0 t\u00e9l\u00e9charger"},"content":{"rendered":"\n<div class=\"wp-block-columns is-layout-flex wp-container-core-columns-is-layout-9d6595d7 wp-block-columns-is-layout-flex\">\n<div class=\"wp-block-column is-layout-flow wp-block-column-is-layout-flow\" style=\"flex-basis:33.33%\"><div class=\"wp-block-image\">\n<figure class=\"aligncenter size-large is-resized\"><a href=\"https:\/\/centretic.com\/enseignants\/wp-content\/uploads\/sites\/2\/2024\/02\/Citation-IA.pdf\" target=\"_blank\" rel=\" noreferrer noopener\"><img loading=\"lazy\" decoding=\"async\" width=\"791\" height=\"1024\" src=\"https:\/\/centretic.com\/enseignants\/wp-content\/uploads\/sites\/2\/2024\/02\/Citation-IA-p1-791x1024.jpg\" alt=\"\" class=\"wp-image-4391\" style=\"width:104px;height:auto\" srcset=\"https:\/\/centretic.com\/enseignants\/wp-content\/uploads\/sites\/2\/2024\/02\/Citation-IA-p1-791x1024.jpg 791w, https:\/\/centretic.com\/enseignants\/wp-content\/uploads\/sites\/2\/2024\/02\/Citation-IA-p1-232x300.jpg 232w, https:\/\/centretic.com\/enseignants\/wp-content\/uploads\/sites\/2\/2024\/02\/Citation-IA-p1-768x994.jpg 768w, https:\/\/centretic.com\/enseignants\/wp-content\/uploads\/sites\/2\/2024\/02\/Citation-IA-p1-1187x1536.jpg 1187w, https:\/\/centretic.com\/enseignants\/wp-content\/uploads\/sites\/2\/2024\/02\/Citation-IA-p1-640x828.jpg 640w, https:\/\/centretic.com\/enseignants\/wp-content\/uploads\/sites\/2\/2024\/02\/Citation-IA-p1-1100x1424.jpg 1100w, https:\/\/centretic.com\/enseignants\/wp-content\/uploads\/sites\/2\/2024\/02\/Citation-IA-p1.jpg 1275w\" sizes=\"auto, (max-width: 791px) 100vw, 791px\" \/><\/a><\/figure>\n<\/div><\/div>\n\n\n\n<div class=\"wp-block-column is-layout-flow wp-block-column-is-layout-flow\" style=\"flex-basis:66.66%\">\n<p><a href=\"https:\/\/centretic.com\/enseignants\/wp-content\/uploads\/sites\/2\/2024\/02\/Citation-IA.pdf\" target=\"_blank\" rel=\"noreferrer noopener\">Citation IA<\/a> (PDF) : Lorsque vous utilisez ou modifiez du texte g\u00e9n\u00e9r\u00e9 par IA dans un travail ou une \u00e9valuation, il est essentiel de le mentionner.<\/p>\n<\/div>\n<\/div>\n\n\n\n<div class=\"wp-block-columns is-layout-flex wp-container-core-columns-is-layout-9d6595d7 wp-block-columns-is-layout-flex\">\n<div class=\"wp-block-column is-layout-flow wp-block-column-is-layout-flow\" style=\"flex-basis:33.33%\"><div class=\"wp-block-image\">\n<figure class=\"aligncenter size-large is-resized\"><a href=\"https:\/\/centretic.com\/enseignants\/wp-content\/uploads\/sites\/2\/2024\/09\/IA-Grill-evaluation-du-risque-de-tricherie.pdf\" target=\"_blank\" rel=\" noreferrer noopener\"><img loading=\"lazy\" decoding=\"async\" width=\"1024\" height=\"787\" src=\"https:\/\/centretic.com\/enseignants\/wp-content\/uploads\/sites\/2\/2024\/09\/IA-Grill-evaluation-du-risque-de-tricherie-1024x787.png\" alt=\"\" class=\"wp-image-4566\" style=\"width:104px;height:auto\" srcset=\"https:\/\/centretic.com\/enseignants\/wp-content\/uploads\/sites\/2\/2024\/09\/IA-Grill-evaluation-du-risque-de-tricherie-1024x787.png 1024w, https:\/\/centretic.com\/enseignants\/wp-content\/uploads\/sites\/2\/2024\/09\/IA-Grill-evaluation-du-risque-de-tricherie-300x231.png 300w, https:\/\/centretic.com\/enseignants\/wp-content\/uploads\/sites\/2\/2024\/09\/IA-Grill-evaluation-du-risque-de-tricherie-768x591.png 768w, https:\/\/centretic.com\/enseignants\/wp-content\/uploads\/sites\/2\/2024\/09\/IA-Grill-evaluation-du-risque-de-tricherie-640x492.png 640w, https:\/\/centretic.com\/enseignants\/wp-content\/uploads\/sites\/2\/2024\/09\/IA-Grill-evaluation-du-risque-de-tricherie-1100x846.png 1100w, https:\/\/centretic.com\/enseignants\/wp-content\/uploads\/sites\/2\/2024\/09\/IA-Grill-evaluation-du-risque-de-tricherie.png 1190w\" sizes=\"auto, (max-width: 1024px) 100vw, 1024px\" \/><\/a><\/figure>\n<\/div><\/div>\n\n\n\n<div class=\"wp-block-column is-layout-flow wp-block-column-is-layout-flow\" style=\"flex-basis:66.66%\">\n<p><a href=\"https:\/\/centretic.com\/enseignants\/wp-content\/uploads\/sites\/2\/2024\/09\/IA-Grill-evaluation-du-risque-de-tricherie.pdf\" target=\"_blank\" rel=\"noreferrer noopener\">Grile d&rsquo;\u00e9valuation du risque de tricherie<\/a> (PDF) : Vous pouvez utiliser la grille d&rsquo;\u00e9valuation du risque de tricherie suivante pour r\u00e9fl\u00e9chir aux diff\u00e9rents \u00e9l\u00e9ments qui peuvent influencer le risque de tricherie lors de vos \u00e9valuations.<\/p>\n<\/div>\n<\/div>\n\n\n\n<div class=\"wp-block-columns is-layout-flex wp-container-core-columns-is-layout-9d6595d7 wp-block-columns-is-layout-flex\">\n<div class=\"wp-block-column is-layout-flow wp-block-column-is-layout-flow\" style=\"flex-basis:33.33%\"><div class=\"wp-block-image\">\n<figure class=\"aligncenter size-full is-resized\"><a href=\"https:\/\/centretic.com\/enseignants\/wp-content\/uploads\/sites\/2\/2025\/04\/Fiches-utilisation-ethique-IA-enseignants.pdf\" target=\"_blank\" rel=\" noreferrer noopener\"><img loading=\"lazy\" decoding=\"async\" width=\"1275\" height=\"825\" src=\"https:\/\/centretic.com\/enseignants\/wp-content\/uploads\/sites\/2\/2025\/04\/Fiches-utilisation-ethique-IA-enseignants.png\" alt=\"\" class=\"wp-image-4679\" style=\"width:104px;height:auto\" srcset=\"https:\/\/centretic.com\/enseignants\/wp-content\/uploads\/sites\/2\/2025\/04\/Fiches-utilisation-ethique-IA-enseignants.png 1275w, https:\/\/centretic.com\/enseignants\/wp-content\/uploads\/sites\/2\/2025\/04\/Fiches-utilisation-ethique-IA-enseignants-300x194.png 300w, https:\/\/centretic.com\/enseignants\/wp-content\/uploads\/sites\/2\/2025\/04\/Fiches-utilisation-ethique-IA-enseignants-1024x663.png 1024w, https:\/\/centretic.com\/enseignants\/wp-content\/uploads\/sites\/2\/2025\/04\/Fiches-utilisation-ethique-IA-enseignants-768x497.png 768w, https:\/\/centretic.com\/enseignants\/wp-content\/uploads\/sites\/2\/2025\/04\/Fiches-utilisation-ethique-IA-enseignants-640x414.png 640w, https:\/\/centretic.com\/enseignants\/wp-content\/uploads\/sites\/2\/2025\/04\/Fiches-utilisation-ethique-IA-enseignants-1100x712.png 1100w\" sizes=\"auto, (max-width: 1275px) 100vw, 1275px\" \/><\/a><\/figure>\n<\/div><\/div>\n\n\n\n<div class=\"wp-block-column is-layout-flow wp-block-column-is-layout-flow\" style=\"flex-basis:66.66%\">\n<p><a href=\"https:\/\/centretic.com\/enseignants\/wp-content\/uploads\/sites\/2\/2025\/04\/Fiches-utilisation-ethique-IA-enseignants.pdf\" target=\"_blank\" rel=\"noreferrer noopener\">Fiches d&rsquo;utilisation e\u0301thique de l&rsquo;IA par les enseignant\u00b7es<\/a> (PDF) : Conseils pour utiliser l&rsquo;IA en classe.<\/p>\n<\/div>\n<\/div>\n\n\n\n<div class=\"wp-block-columns is-layout-flex wp-container-core-columns-is-layout-9d6595d7 wp-block-columns-is-layout-flex\">\n<div class=\"wp-block-column is-layout-flow wp-block-column-is-layout-flow\" style=\"flex-basis:33.33%\"><div class=\"wp-block-image\">\n<figure class=\"aligncenter size-full is-resized\"><a href=\"https:\/\/centretic.com\/enseignants\/wp-content\/uploads\/sites\/2\/2025\/04\/IA_Contrat-utilisation.docx\" target=\"_blank\" rel=\" noreferrer noopener\"><img loading=\"lazy\" decoding=\"async\" width=\"676\" height=\"961\" src=\"https:\/\/centretic.com\/enseignants\/wp-content\/uploads\/sites\/2\/2025\/04\/Contrat-IA.png\" alt=\"\" class=\"wp-image-4668\" style=\"width:104px;height:auto\" srcset=\"https:\/\/centretic.com\/enseignants\/wp-content\/uploads\/sites\/2\/2025\/04\/Contrat-IA.png 676w, https:\/\/centretic.com\/enseignants\/wp-content\/uploads\/sites\/2\/2025\/04\/Contrat-IA-211x300.png 211w, https:\/\/centretic.com\/enseignants\/wp-content\/uploads\/sites\/2\/2025\/04\/Contrat-IA-640x910.png 640w\" sizes=\"auto, (max-width: 676px) 100vw, 676px\" \/><\/a><\/figure>\n<\/div><\/div>\n\n\n\n<div class=\"wp-block-column is-layout-flow wp-block-column-is-layout-flow\" style=\"flex-basis:66.66%\">\n<p><a href=\"https:\/\/centretic.com\/enseignants\/wp-content\/uploads\/sites\/2\/2025\/04\/IA_Contrat-utilisation.docx\" target=\"_blank\" rel=\"noreferrer noopener\">Contrat d&rsquo;utilisation de l&rsquo;IA<\/a> (DOCX) : L\u2019utilisation de l\u2019intelligence artificielle (IA) lors des travaux et \u00e9valuations peut \u00eatre permise, limit\u00e9e ou interdite.<\/p>\n<\/div>\n<\/div>\n","protected":false},"excerpt":{"rendered":"<p>Citation IA (PDF) : Lorsque vous utilisez ou modifiez du texte g\u00e9n\u00e9r\u00e9 par IA dans [&hellip;]<\/p>\n","protected":false},"author":1,"featured_media":0,"parent":0,"menu_order":0,"comment_status":"closed","ping_status":"closed","template":"","meta":{"footnotes":""},"class_list":["post-4659","page","type-page","status-publish","hentry","entry","grid"],"_links":{"self":[{"href":"https:\/\/centretic.com\/enseignants\/wp-json\/wp\/v2\/pages\/4659","targetHints":{"allow":["GET"]}}],"collection":[{"href":"https:\/\/centretic.com\/enseignants\/wp-json\/wp\/v2\/pages"}],"about":[{"href":"https:\/\/centretic.com\/enseignants\/wp-json\/wp\/v2\/types\/page"}],"author":[{"embeddable":true,"href":"https:\/\/centretic.com\/enseignants\/wp-json\/wp\/v2\/users\/1"}],"replies":[{"embeddable":true,"href":"https:\/\/centretic.com\/enseignants\/wp-json\/wp\/v2\/comments?post=4659"}],"version-history":[{"count":12,"href":"https:\/\/centretic.com\/enseignants\/wp-json\/wp\/v2\/pages\/4659\/revisions"}],"predecessor-version":[{"id":4878,"href":"https:\/\/centretic.com\/enseignants\/wp-json\/wp\/v2\/pages\/4659\/revisions\/4878"}],"wp:attachment":[{"href":"https:\/\/centretic.com\/enseignants\/wp-json\/wp\/v2\/media?parent=4659"}],"curies":[{"name":"wp","href":"https:\/\/api.w.org\/{rel}","templated":true}]}}