{"id":4567,"date":"2024-09-27T08:39:54","date_gmt":"2024-09-27T12:39:54","guid":{"rendered":"https:\/\/centretic.com\/enseignants\/?page_id=4567"},"modified":"2025-12-16T12:47:00","modified_gmt":"2025-12-16T17:47:00","slug":"studio-balado","status":"publish","type":"page","link":"https:\/\/centretic.com\/enseignants\/ressources\/studio-balado\/","title":{"rendered":"Studio balado"},"content":{"rendered":"\n<div class=\"wp-block-columns is-layout-flex wp-container-core-columns-is-layout-9d6595d7 wp-block-columns-is-layout-flex\">\n<div class=\"wp-block-column is-layout-flow wp-block-column-is-layout-flow\" style=\"flex-basis:33.33%\">\n<figure class=\"wp-block-image size-full\"><img decoding=\"async\" src=\"https:\/\/centretic.com\/enseignants\/wp-content\/uploads\/sites\/2\/2024\/09\/Studio-balado-visuel.jpg\" alt=\"\" class=\"wp-image-4569\"\/><\/figure>\n<\/div>\n\n\n\n<div class=\"wp-block-column is-layout-flow wp-block-column-is-layout-flow\" style=\"flex-basis:66.66%\">\n<p><strong>Pr\u00e9sentation du Studio balado du CR\u00c9<\/strong>&nbsp;<\/p>\n\n\n\n<p>Bienvenue au Studio balado du C\u00e9gep de Jonqui\u00e8re, un espace d\u00e9di\u00e9 \u00e0 la r\u00e9alisation de projets p\u00e9dagogiques innovants\u2009! Situ\u00e9 dans le local\u202f418.2 au CR\u00c9, notre studio peut accueillir jusqu\u2019\u00e0 4\u202fpersonnes, offrant ainsi un environnement propice \u00e0 la cr\u00e9ation de mat\u00e9riel p\u00e9dagogique ou \u00e0 la r\u00e9alisation de projets \u00e9tudiants.&nbsp;<\/p>\n\n\n\n<p><strong>Caract\u00e9ristiques du Studio balado<\/strong>&nbsp;<\/p>\n\n\n\n<p>Notre studio balado est con\u00e7u pour \u00eatre <strong>simple d\u2019utilisation<\/strong>, dans un esprit \u00ab facile et rapide \u00bb. Accessible \u00e0 tous, il ne n\u00e9cessite aucune comp\u00e9tence technique avanc\u00e9e, ce qui permet \u00e0 chacun de se concentrer sur le contenu sans se soucier des aspects techniques.&nbsp;<\/p>\n\n\n\n<p><\/p>\n<\/div>\n<\/div>\n\n\n\n<p>Le studio est \u00e9quip\u00e9 d\u2019<strong>\u00e9quipements professionnels<\/strong> pour garantir une qualit\u00e9 sonore optimale. De plus, une <strong>assistance technique<\/strong> est disponible pour vous accompagner en cas de besoin li\u00e9 \u00e0 l\u2019utilisation des \u00e9quipements. Notez qu\u2019<strong>aucun service de montage n\u2019est offert <\/strong>par le personnel du CR\u00c9.&nbsp;<\/p>\n\n\n\n<p><strong>Ressources et Aide<\/strong>&nbsp;<\/p>\n\n\n\n<p>Sur cette page, vous trouverez\u202f:<\/p>\n\n\n\n<ul class=\"wp-block-list\">\n<li>Les <strong><a href=\"https:\/\/centretic.com\/enseignants\/wp-content\/uploads\/sites\/2\/2024\/09\/Studio-balado-regles.jpg\" target=\"_blank\" rel=\"noreferrer noopener\" data-rel=\"lightbox-image-0\" data-rl_title=\"\" data-rl_caption=\"\" title=\"\">r\u00e8gles d\u2019utilisation<\/a><\/strong> \u00e0 respecter pour assurer le bon fonctionnement de l\u2019espace et du mat\u00e9riel.&nbsp;<\/li>\n<\/ul>\n\n\n\n<ul class=\"wp-block-list\">\n<li>Des <strong><a href=\"https:\/\/centretic.com\/enseignants\/wp-content\/uploads\/sites\/2\/2024\/09\/Eductive_Balado-Recommandations.pdf\" target=\"_blank\" rel=\"noreferrer noopener\">fiches technop\u00e9dagogiques<\/a><\/strong> pour vous aider \u00e0 int\u00e9grer le balado dans vos pratiques p\u00e9dagogiques.&nbsp;<\/li>\n<\/ul>\n\n\n\n<ul class=\"wp-block-list\">\n<li>Des <strong><a href=\"https:\/\/centretic.com\/enseignants\/wp-content\/uploads\/sites\/2\/2024\/09\/Eductive_Balado-Procedurier-Audacity.pdf\" target=\"_blank\" rel=\"noreferrer noopener\">fiches-tutoriels<\/a><\/strong> pour l\u2019utilisation du logiciel Audacity, afin de faciliter l\u2019\u00e9dition et le montage de vos enregistrements.&nbsp;<\/li>\n<\/ul>\n\n\n\n<div class=\"wp-block-columns is-layout-flex wp-container-core-columns-is-layout-9d6595d7 wp-block-columns-is-layout-flex\">\n<div class=\"wp-block-column is-layout-flow wp-block-column-is-layout-flow\">\n<figure class=\"wp-block-image size-full\"><img loading=\"lazy\" decoding=\"async\" width=\"960\" height=\"640\" src=\"https:\/\/centretic.com\/enseignants\/wp-content\/uploads\/sites\/2\/2025\/08\/studio-balado-2.jpg\" alt=\"\" class=\"wp-image-4750\" srcset=\"https:\/\/centretic.com\/enseignants\/wp-content\/uploads\/sites\/2\/2025\/08\/studio-balado-2.jpg 960w, https:\/\/centretic.com\/enseignants\/wp-content\/uploads\/sites\/2\/2025\/08\/studio-balado-2-300x200.jpg 300w, https:\/\/centretic.com\/enseignants\/wp-content\/uploads\/sites\/2\/2025\/08\/studio-balado-2-768x512.jpg 768w, https:\/\/centretic.com\/enseignants\/wp-content\/uploads\/sites\/2\/2025\/08\/studio-balado-2-640x427.jpg 640w\" sizes=\"auto, (max-width: 960px) 100vw, 960px\" \/><\/figure>\n<\/div>\n\n\n\n<div class=\"wp-block-column is-vertically-aligned-center is-layout-flow wp-block-column-is-layout-flow\">\n<p>Que vous soyez enseignant souhaitant enrichir vos cours ou \u00e9tudiant \u00e0 la recherche d\u2019un moyen cr\u00e9atif pour pr\u00e9senter un projet, le studio balado est \u00e0 votre disposition pour donner vie \u00e0 vos id\u00e9es\u2009!\u00a0<\/p>\n<\/div>\n<\/div>\n","protected":false},"excerpt":{"rendered":"<p>Pr\u00e9sentation du Studio balado du CR\u00c9&nbsp; Bienvenue au Studio balado du C\u00e9gep de Jonqui\u00e8re, un [&hellip;]<\/p>\n","protected":false},"author":1,"featured_media":0,"parent":4517,"menu_order":0,"comment_status":"closed","ping_status":"closed","template":"","meta":{"footnotes":""},"class_list":["post-4567","page","type-page","status-publish","hentry","entry","grid"],"_links":{"self":[{"href":"https:\/\/centretic.com\/enseignants\/wp-json\/wp\/v2\/pages\/4567","targetHints":{"allow":["GET"]}}],"collection":[{"href":"https:\/\/centretic.com\/enseignants\/wp-json\/wp\/v2\/pages"}],"about":[{"href":"https:\/\/centretic.com\/enseignants\/wp-json\/wp\/v2\/types\/page"}],"author":[{"embeddable":true,"href":"https:\/\/centretic.com\/enseignants\/wp-json\/wp\/v2\/users\/1"}],"replies":[{"embeddable":true,"href":"https:\/\/centretic.com\/enseignants\/wp-json\/wp\/v2\/comments?post=4567"}],"version-history":[{"count":15,"href":"https:\/\/centretic.com\/enseignants\/wp-json\/wp\/v2\/pages\/4567\/revisions"}],"predecessor-version":[{"id":4837,"href":"https:\/\/centretic.com\/enseignants\/wp-json\/wp\/v2\/pages\/4567\/revisions\/4837"}],"up":[{"embeddable":true,"href":"https:\/\/centretic.com\/enseignants\/wp-json\/wp\/v2\/pages\/4517"}],"wp:attachment":[{"href":"https:\/\/centretic.com\/enseignants\/wp-json\/wp\/v2\/media?parent=4567"}],"curies":[{"name":"wp","href":"https:\/\/api.w.org\/{rel}","templated":true}]}}