{"id":4519,"date":"2024-06-20T08:17:29","date_gmt":"2024-06-20T12:17:29","guid":{"rendered":"https:\/\/centretic.com\/enseignants\/?page_id=4519"},"modified":"2026-03-24T14:06:11","modified_gmt":"2026-03-24T18:06:11","slug":"comite-tic","status":"publish","type":"page","link":"https:\/\/centretic.com\/enseignants\/ressources\/comite-tic\/","title":{"rendered":"Comit\u00e9 TIC"},"content":{"rendered":"\n<p><strong>Mandat du Comit\u00e9 TIC institutionnel<\/strong><\/p>\n\n\n\n<div class=\"wp-block-columns is-layout-flex wp-container-core-columns-is-layout-9d6595d7 wp-block-columns-is-layout-flex\">\n<div class=\"wp-block-column is-layout-flow wp-block-column-is-layout-flow\">\n<p>Le comit\u00e9 a pour mandat de discuter et de trouver des solutions aux enjeux li\u00e9s \u00e0 l\u2019int\u00e9gration efficace du num\u00e9rique dans les pratiques d\u2019enseignement et d\u2019apprentissage. Plus pr\u00e9cis\u00e9ment, il doit \u00e9laborer un plan d\u2019action, veiller \u00e0 sa r\u00e9alisation, \u00e0 son \u00e9valuation et, au besoin, apporter les ajustements n\u00e9cessaires pour obtenir les r\u00e9sultats escompt\u00e9s.<\/p>\n<\/div>\n\n\n\n<div class=\"wp-block-column is-layout-flow wp-block-column-is-layout-flow\" style=\"flex-basis:280px\">\n<figure class=\"wp-block-image size-full is-resized is-style-default\"><img loading=\"lazy\" decoding=\"async\" width=\"960\" height=\"540\" src=\"https:\/\/centretic.com\/enseignants\/wp-content\/uploads\/sites\/2\/2024\/09\/ComiteTIC1.jpg\" alt=\"\" class=\"wp-image-4551\" style=\"width:361px;height:auto\" srcset=\"https:\/\/centretic.com\/enseignants\/wp-content\/uploads\/sites\/2\/2024\/09\/ComiteTIC1.jpg 960w, https:\/\/centretic.com\/enseignants\/wp-content\/uploads\/sites\/2\/2024\/09\/ComiteTIC1-300x169.jpg 300w, https:\/\/centretic.com\/enseignants\/wp-content\/uploads\/sites\/2\/2024\/09\/ComiteTIC1-768x432.jpg 768w, https:\/\/centretic.com\/enseignants\/wp-content\/uploads\/sites\/2\/2024\/09\/ComiteTIC1-640x360.jpg 640w\" sizes=\"auto, (max-width: 960px) 100vw, 960px\" \/><\/figure>\n<\/div>\n<\/div>\n\n\n\n<p><strong>Liste des membres du comit\u00e9<\/strong><\/p>\n\n\n\n<p>Plus d\u2019une dizaine de membres de personnels de direction, de soutien, enseignant et professionnel mettent \u00e0 profit leur expertise. \u00c0 cette \u00e9quipe s\u2019ajoute plusieurs personnes non-membres qui contribuent \u00e0 la r\u00e9alisation de divers moyens pr\u00e9vus au plan d\u2019action.<\/p>\n\n\n\n<details class=\"wp-block-details is-layout-flow wp-block-details-is-layout-flow\"><summary><strong>Listes des membres par ann\u00e9e<\/strong><\/summary>\n<ul class=\"wp-block-list\">\n<li>Membres en 2025-2026 <strong><em><a href=\"https:\/\/centretic.com\/enseignants\/wp-content\/uploads\/sites\/2\/2025\/10\/MembresDuComite_2025-26.pdf\" target=\"_blank\" rel=\"noreferrer noopener\">T\u00e9l\u00e9charger la liste en format PDF<\/a><\/em><\/strong><\/li>\n\n\n\n<li>Membres en 2024-2025 <strong><em><a href=\"https:\/\/centretic.com\/enseignants\/wp-content\/uploads\/sites\/2\/2024\/09\/MembresDuComite_2024-25.pdf\" target=\"_blank\" rel=\"noreferrer noopener\">T\u00e9l\u00e9charger la liste en format PDF<\/a><\/em><\/strong><\/li>\n\n\n\n<li>Membres en 2023-2024 <strong><em><a href=\"https:\/\/centretic.com\/enseignants\/wp-content\/uploads\/sites\/2\/2024\/06\/MembresDuComite_2023-24.pdf\" target=\"_blank\" rel=\"noreferrer noopener\">T\u00e9l\u00e9charger la liste en format PDF<\/a><\/em><\/strong><\/li>\n\n\n\n<li>Membres en 2022-2023 <strong><em><a href=\"https:\/\/centretic.com\/enseignants\/wp-content\/uploads\/sites\/2\/2024\/06\/MembresDuComite_2022-23.pdf\" target=\"_blank\" rel=\"noreferrer noopener\">T\u00e9l\u00e9charger la liste en format PDF<\/a><\/em><\/strong><\/li>\n\n\n\n<li>Membres en 2021-2022 <strong><em><a href=\"https:\/\/centretic.com\/enseignants\/wp-content\/uploads\/sites\/2\/2024\/06\/MembresDuComite_2021-22.pdf\" target=\"_blank\" rel=\"noreferrer noopener\">T\u00e9l\u00e9charger la liste en format PDF<\/a><\/em><\/strong><\/li>\n<\/ul>\n<\/details>\n\n\n\n<hr style=\"color:#fff\" class=\"wp-block-separator has-alpha-channel-opacity\"\/>\n\n\n\n<p><strong>Plan d\u2019action du comit\u00e9 2025-2028<\/strong><\/p>\n\n\n\n<figure class=\"wp-block-image size-large\"><a href=\"https:\/\/centretic.com\/enseignants\/wp-content\/uploads\/sites\/2\/2026\/03\/image-scaled.png\" data-rel=\"lightbox-image-0\" data-rl_title=\"\" data-rl_caption=\"\" title=\"\"><img loading=\"lazy\" decoding=\"async\" width=\"1024\" height=\"575\" src=\"https:\/\/centretic.com\/enseignants\/wp-content\/uploads\/sites\/2\/2026\/03\/image-1024x575.png\" alt=\"\" class=\"wp-image-4882\" srcset=\"https:\/\/centretic.com\/enseignants\/wp-content\/uploads\/sites\/2\/2026\/03\/image-1024x575.png 1024w, https:\/\/centretic.com\/enseignants\/wp-content\/uploads\/sites\/2\/2026\/03\/image-300x168.png 300w, https:\/\/centretic.com\/enseignants\/wp-content\/uploads\/sites\/2\/2026\/03\/image-768x431.png 768w, https:\/\/centretic.com\/enseignants\/wp-content\/uploads\/sites\/2\/2026\/03\/image-1536x862.png 1536w, https:\/\/centretic.com\/enseignants\/wp-content\/uploads\/sites\/2\/2026\/03\/image-2048x1150.png 2048w, https:\/\/centretic.com\/enseignants\/wp-content\/uploads\/sites\/2\/2026\/03\/image-640x359.png 640w, https:\/\/centretic.com\/enseignants\/wp-content\/uploads\/sites\/2\/2026\/03\/image-1100x618.png 1100w, https:\/\/centretic.com\/enseignants\/wp-content\/uploads\/sites\/2\/2026\/03\/image-1440x809.png 1440w, https:\/\/centretic.com\/enseignants\/wp-content\/uploads\/sites\/2\/2026\/03\/image-2000x1123.png 2000w\" sizes=\"auto, (max-width: 1024px) 100vw, 1024px\" \/><\/a><\/figure>\n\n\n\n<p><strong>Plan d\u2019action et principales r\u00e9alisations du comit\u00e9 2024-2025<\/strong><\/p>\n\n\n\n<p>\u00ab&nbsp;Le num\u00e9rique au service de l\u2019enseignement et de l\u2019apprentissage&nbsp;\u00bb, voil\u00e0 le leitmotiv du comit\u00e9. Voici le plan d\u2019action en bref ainsi que les principales r\u00e9alisations du comit\u00e9 en 2024-2025. Bon visionnement ou bonne lecture!<\/p>\n\n\n\n<figure class=\"wp-block-embed is-type-video is-provider-youtube wp-block-embed-youtube wp-embed-aspect-16-9 wp-has-aspect-ratio\"><div class=\"wp-block-embed__wrapper\">\n<iframe loading=\"lazy\" title=\"Comit\u00e9 TIC - Plan d&#039;action en bref 2024-2025\" width=\"1100\" height=\"619\" src=\"https:\/\/www.youtube.com\/embed\/LQmhmzVWirk?feature=oembed\" frameborder=\"0\" allow=\"accelerometer; autoplay; clipboard-write; encrypted-media; gyroscope; picture-in-picture; web-share\" referrerpolicy=\"strict-origin-when-cross-origin\" allowfullscreen><\/iframe>\n<\/div><\/figure>\n\n\n\n<p>Plan d\u2019action et bilan 2024-2025 <em><strong><a href=\"https:\/\/centretic.com\/enseignants\/wp-content\/uploads\/sites\/2\/2025\/10\/PlanActionEnBref_2025-09-29_SansAnimation.pdf\" target=\"_blank\" rel=\"noreferrer noopener\">T\u00e9l\u00e9charger le PowerPoint en format PDF<\/a><\/strong><\/em><\/p>\n\n\n\n<p><\/p>\n","protected":false},"excerpt":{"rendered":"<p>Mandat du Comit\u00e9 TIC institutionnel Le comit\u00e9 a pour mandat de discuter et de trouver [&hellip;]<\/p>\n","protected":false},"author":1,"featured_media":0,"parent":4517,"menu_order":1,"comment_status":"closed","ping_status":"closed","template":"","meta":{"footnotes":""},"class_list":["post-4519","page","type-page","status-publish","hentry","entry","grid"],"_links":{"self":[{"href":"https:\/\/centretic.com\/enseignants\/wp-json\/wp\/v2\/pages\/4519","targetHints":{"allow":["GET"]}}],"collection":[{"href":"https:\/\/centretic.com\/enseignants\/wp-json\/wp\/v2\/pages"}],"about":[{"href":"https:\/\/centretic.com\/enseignants\/wp-json\/wp\/v2\/types\/page"}],"author":[{"embeddable":true,"href":"https:\/\/centretic.com\/enseignants\/wp-json\/wp\/v2\/users\/1"}],"replies":[{"embeddable":true,"href":"https:\/\/centretic.com\/enseignants\/wp-json\/wp\/v2\/comments?post=4519"}],"version-history":[{"count":27,"href":"https:\/\/centretic.com\/enseignants\/wp-json\/wp\/v2\/pages\/4519\/revisions"}],"predecessor-version":[{"id":4884,"href":"https:\/\/centretic.com\/enseignants\/wp-json\/wp\/v2\/pages\/4519\/revisions\/4884"}],"up":[{"embeddable":true,"href":"https:\/\/centretic.com\/enseignants\/wp-json\/wp\/v2\/pages\/4517"}],"wp:attachment":[{"href":"https:\/\/centretic.com\/enseignants\/wp-json\/wp\/v2\/media?parent=4519"}],"curies":[{"name":"wp","href":"https:\/\/api.w.org\/{rel}","templated":true}]}}