{"id":4402,"date":"2024-02-29T08:19:49","date_gmt":"2024-02-29T13:19:49","guid":{"rendered":"https:\/\/centretic.com\/enseignants\/?page_id=4402"},"modified":"2024-11-14T11:32:26","modified_gmt":"2024-11-14T16:32:26","slug":"capsules-video","status":"publish","type":"page","link":"https:\/\/centretic.com\/enseignants\/intelligence-artificielle\/capsules-video\/","title":{"rendered":"Capsules vid\u00e9o"},"content":{"rendered":"\n<div class=\"wp-block-columns is-layout-flex wp-container-core-columns-is-layout-9d6595d7 wp-block-columns-is-layout-flex\">\n<div class=\"wp-block-column is-layout-flow wp-block-column-is-layout-flow\">\n<p><strong>Simulations et jeux de r\u00f4le<\/strong><\/p>\n\n\n\n<p>Apprenez \u00e0 utiliser la fonction vocale de ChatGPT pour cr\u00e9er des jeux de r\u00f4le interactifs, permettant aux \u00e9tudiants de pratiquer dans des sc\u00e9narios r\u00e9alistes et engageants ! <a href=\"https:\/\/centretic.com\/enseignants\/wp-content\/uploads\/sites\/2\/2024\/11\/Gabarit-prompt-simulations-jeux-de-role.pdf\" target=\"_blank\" rel=\"noreferrer noopener\">T\u00e9l\u00e9charger le gabarit de requ\u00eate (PDF)<\/a><\/p>\n<\/div>\n\n\n\n<div class=\"wp-block-column is-layout-flow wp-block-column-is-layout-flow\">\n<figure class=\"wp-block-embed is-type-video is-provider-youtube wp-block-embed-youtube wp-embed-aspect-16-9 wp-has-aspect-ratio\"><div class=\"wp-block-embed__wrapper\">\n<iframe loading=\"lazy\" title=\"Simulations et jeux de ro\u0302le\" width=\"1100\" height=\"619\" src=\"https:\/\/www.youtube.com\/embed\/cWRjvlUKEW4?feature=oembed\" frameborder=\"0\" allow=\"accelerometer; autoplay; clipboard-write; encrypted-media; gyroscope; picture-in-picture; web-share\" referrerpolicy=\"strict-origin-when-cross-origin\" allowfullscreen><\/iframe>\n<\/div><\/figure>\n<\/div>\n<\/div>\n\n\n\n<hr class=\"wp-block-separator has-alpha-channel-opacity is-style-dots\"\/>\n\n\n\n<div class=\"wp-block-columns is-layout-flex wp-container-core-columns-is-layout-9d6595d7 wp-block-columns-is-layout-flex\">\n<div class=\"wp-block-column is-layout-flow wp-block-column-is-layout-flow\">\n<figure class=\"wp-block-embed is-type-video is-provider-youtube wp-block-embed-youtube wp-embed-aspect-16-9 wp-has-aspect-ratio\"><div class=\"wp-block-embed__wrapper\">\n<iframe loading=\"lazy\" title=\"Intelligence artificielle - Faire une requete\" width=\"1100\" height=\"619\" src=\"https:\/\/www.youtube.com\/embed\/Imrw08HZFAQ?feature=oembed\" frameborder=\"0\" allow=\"accelerometer; autoplay; clipboard-write; encrypted-media; gyroscope; picture-in-picture; web-share\" referrerpolicy=\"strict-origin-when-cross-origin\" allowfullscreen><\/iframe>\n<\/div><\/figure>\n<\/div>\n\n\n\n<div class=\"wp-block-column is-layout-flow wp-block-column-is-layout-flow\">\n<p><strong>Comment faire une requ\u00eate?<\/strong><\/p>\n\n\n\n<p>Apprenez \u00e0 formuler une requ\u00eate en vue d\u2019utiliser les robots conversationnels et les g\u00e9n\u00e9rateurs d\u2019images.<\/p>\n<\/div>\n<\/div>\n\n\n\n<hr class=\"wp-block-separator has-alpha-channel-opacity is-style-dots\"\/>\n\n\n\n<div class=\"wp-block-columns is-layout-flex wp-container-core-columns-is-layout-9d6595d7 wp-block-columns-is-layout-flex\">\n<div class=\"wp-block-column is-layout-flow wp-block-column-is-layout-flow\">\n<p><strong>La recherche sur Internet avec Perplexity.ai<\/strong><\/p>\n\n\n\n<p>Moteur de recherche associ\u00e9 avec un agent conversationnel, Perplexity vous offre non seulement une r\u00e9ponse textuelle \u00e0 votre question, mais aussi une liste de site Web, des images et des vid\u00e9os qui se rapportent \u00e0 cette r\u00e9ponse.<\/p>\n<\/div>\n\n\n\n<div class=\"wp-block-column is-layout-flow wp-block-column-is-layout-flow\">\n<figure class=\"wp-block-embed is-type-video is-provider-youtube wp-block-embed-youtube wp-embed-aspect-16-9 wp-has-aspect-ratio\"><div class=\"wp-block-embed__wrapper\">\n<iframe loading=\"lazy\" title=\"Intelligence artificielle - Perplexity\" width=\"1100\" height=\"619\" src=\"https:\/\/www.youtube.com\/embed\/12RSxo9oky0?feature=oembed\" frameborder=\"0\" allow=\"accelerometer; autoplay; clipboard-write; encrypted-media; gyroscope; picture-in-picture; web-share\" referrerpolicy=\"strict-origin-when-cross-origin\" allowfullscreen><\/iframe>\n<\/div><\/figure>\n<\/div>\n<\/div>\n\n\n\n<hr class=\"wp-block-separator has-alpha-channel-opacity is-style-dots\"\/>\n\n\n\n<div class=\"wp-block-columns is-layout-flex wp-container-core-columns-is-layout-9d6595d7 wp-block-columns-is-layout-flex\">\n<div class=\"wp-block-column is-layout-flow wp-block-column-is-layout-flow\">\n<figure class=\"wp-block-embed is-type-video is-provider-youtube wp-block-embed-youtube wp-embed-aspect-16-9 wp-has-aspect-ratio\"><div class=\"wp-block-embed__wrapper\">\n<iframe loading=\"lazy\" title=\"Intelligence artificielle - Firefly\" width=\"1100\" height=\"619\" src=\"https:\/\/www.youtube.com\/embed\/4rjM5iNKvIU?feature=oembed\" frameborder=\"0\" allow=\"accelerometer; autoplay; clipboard-write; encrypted-media; gyroscope; picture-in-picture; web-share\" referrerpolicy=\"strict-origin-when-cross-origin\" allowfullscreen><\/iframe>\n<\/div><\/figure>\n<\/div>\n\n\n\n<div class=\"wp-block-column is-layout-flow wp-block-column-is-layout-flow\">\n<p><strong>G\u00e9n\u00e9ration et recoloration d\u2019images dans Adobe Illustrator<\/strong><\/p>\n\n\n\n<p>L\u2019IA g\u00e9n\u00e9rative d\u2019Adobe, Firefly, est int\u00e9gr\u00e9e directement dans les logiciels Photoshop et Illustrator. D\u00e9couvrez un exemple d\u2019utilisation de Firefly comme outil p\u00e9dagogique tr\u00e8s utile en design graphique.<\/p>\n<\/div>\n<\/div>\n\n\n\n<hr class=\"wp-block-separator has-alpha-channel-opacity is-style-dots\"\/>\n\n\n\n<div class=\"wp-block-columns is-layout-flex wp-container-core-columns-is-layout-9d6595d7 wp-block-columns-is-layout-flex\">\n<div class=\"wp-block-column is-layout-flow wp-block-column-is-layout-flow\">\n<p><strong>Gamma et Firefly<\/strong><\/p>\n\n\n\n<p>Gamma est un g\u00e9n\u00e9rateur de pr\u00e9sentation style Powerpoint de mani\u00e8re automatis\u00e9e. Firefly est un g\u00e9n\u00e9rateur d\u2019images simple \u00e0 utiliser.<\/p>\n<\/div>\n\n\n\n<div class=\"wp-block-column is-layout-flow wp-block-column-is-layout-flow\">\n<figure class=\"wp-block-embed is-type-video is-provider-youtube wp-block-embed-youtube wp-embed-aspect-16-9 wp-has-aspect-ratio\"><div class=\"wp-block-embed__wrapper\">\n<iframe loading=\"lazy\" title=\"Intelligence artificielle - Gamma Firefly\" width=\"1100\" height=\"619\" src=\"https:\/\/www.youtube.com\/embed\/lXlph1Igwe8?feature=oembed\" frameborder=\"0\" allow=\"accelerometer; autoplay; clipboard-write; encrypted-media; gyroscope; picture-in-picture; web-share\" referrerpolicy=\"strict-origin-when-cross-origin\" allowfullscreen><\/iframe>\n<\/div><\/figure>\n<\/div>\n<\/div>\n\n\n\n<hr class=\"wp-block-separator has-alpha-channel-opacity is-style-dots\"\/>\n\n\n\n<div class=\"wp-block-columns is-layout-flex wp-container-core-columns-is-layout-9d6595d7 wp-block-columns-is-layout-flex\">\n<div class=\"wp-block-column is-layout-flow wp-block-column-is-layout-flow\">\n<figure class=\"wp-block-embed is-type-video is-provider-youtube wp-block-embed-youtube wp-embed-aspect-16-9 wp-has-aspect-ratio\"><div class=\"wp-block-embed__wrapper\">\n<iframe loading=\"lazy\" title=\"Intelligence artificielle - Research Rabbit\" width=\"1100\" height=\"619\" src=\"https:\/\/www.youtube.com\/embed\/hlEB6zRL2zQ?feature=oembed\" frameborder=\"0\" allow=\"accelerometer; autoplay; clipboard-write; encrypted-media; gyroscope; picture-in-picture; web-share\" referrerpolicy=\"strict-origin-when-cross-origin\" allowfullscreen><\/iframe>\n<\/div><\/figure>\n<\/div>\n\n\n\n<div class=\"wp-block-column is-layout-flow wp-block-column-is-layout-flow\">\n<p><strong>Research Rabbit : Moteur de recherche bibliom\u00e9trique<\/strong><\/p>\n\n\n\n<p>\u00c0 partir de mots-cl\u00e9s ou d\u2019articles soumis au moteur de recherche, Research Rabbit cartographie la litt\u00e9rature scientifique qui provient de Semantic Scholar et PubMed pour montrer les liens de collaborations ou de citations entre les articles. Une fa\u00e7on tr\u00e8s diff\u00e9rente de chercher des sources !<\/p>\n<\/div>\n<\/div>\n\n\n\n<hr class=\"wp-block-separator has-alpha-channel-opacity is-style-dots\"\/>\n\n\n\n<div class=\"wp-block-columns is-layout-flex wp-container-core-columns-is-layout-9d6595d7 wp-block-columns-is-layout-flex\">\n<div class=\"wp-block-column is-layout-flow wp-block-column-is-layout-flow\">\n<p><strong><strong>\u00c9laboration d\u2019un protocole de laboratoire avec ChatGPT<\/strong><\/strong><\/p>\n\n\n\n<p>Utilisez ChatGPT afin de mettre sur pied un nouveau protocole de laboratoire bas\u00e9 sur vos crit\u00e8res d\u2019\u00e9valuation.<\/p>\n<\/div>\n\n\n\n<div class=\"wp-block-column is-layout-flow wp-block-column-is-layout-flow\">\n<figure class=\"wp-block-embed is-type-video is-provider-youtube wp-block-embed-youtube wp-embed-aspect-16-9 wp-has-aspect-ratio\"><div class=\"wp-block-embed__wrapper\">\n<iframe loading=\"lazy\" title=\"Intelligence artificielle - ChatGPT Protocole laboratoire\" width=\"1100\" height=\"619\" src=\"https:\/\/www.youtube.com\/embed\/7qx5CpjPX0s?feature=oembed\" frameborder=\"0\" allow=\"accelerometer; autoplay; clipboard-write; encrypted-media; gyroscope; picture-in-picture; web-share\" referrerpolicy=\"strict-origin-when-cross-origin\" allowfullscreen><\/iframe>\n<\/div><\/figure>\n<\/div>\n<\/div>\n\n\n\n<hr class=\"wp-block-separator has-alpha-channel-opacity is-style-dots\"\/>\n\n\n\n<div class=\"wp-block-columns is-layout-flex wp-container-core-columns-is-layout-9d6595d7 wp-block-columns-is-layout-flex\">\n<div class=\"wp-block-column is-layout-flow wp-block-column-is-layout-flow\">\n<figure class=\"wp-block-embed is-type-video is-provider-youtube wp-block-embed-youtube wp-embed-aspect-16-9 wp-has-aspect-ratio\"><div class=\"wp-block-embed__wrapper\">\n<iframe loading=\"lazy\" title=\"Intelligence artificielle - ChatGPT Cas clinique\" width=\"1100\" height=\"619\" src=\"https:\/\/www.youtube.com\/embed\/5giJ92rNY2Y?feature=oembed\" frameborder=\"0\" allow=\"accelerometer; autoplay; clipboard-write; encrypted-media; gyroscope; picture-in-picture; web-share\" referrerpolicy=\"strict-origin-when-cross-origin\" allowfullscreen><\/iframe>\n<\/div><\/figure>\n<\/div>\n\n\n\n<div class=\"wp-block-column is-layout-flow wp-block-column-is-layout-flow\">\n<p><strong>Cr\u00e9er un cas clinique pour des fins d\u2019\u00e9valuation avec ChatGPT<\/strong><\/p>\n\n\n\n<p>Voyez comment utiliser ChatGPT pour produire un cas clinique en lien avec les comp\u00e9tences de votre cours.<\/p>\n<\/div>\n<\/div>\n","protected":false},"excerpt":{"rendered":"<p>Simulations et jeux de r\u00f4le Apprenez \u00e0 utiliser la fonction vocale de ChatGPT pour cr\u00e9er [&hellip;]<\/p>\n","protected":false},"author":1,"featured_media":0,"parent":4394,"menu_order":4,"comment_status":"closed","ping_status":"closed","template":"","meta":{"footnotes":""},"class_list":["post-4402","page","type-page","status-publish","hentry","entry","grid"],"_links":{"self":[{"href":"https:\/\/centretic.com\/enseignants\/wp-json\/wp\/v2\/pages\/4402","targetHints":{"allow":["GET"]}}],"collection":[{"href":"https:\/\/centretic.com\/enseignants\/wp-json\/wp\/v2\/pages"}],"about":[{"href":"https:\/\/centretic.com\/enseignants\/wp-json\/wp\/v2\/types\/page"}],"author":[{"embeddable":true,"href":"https:\/\/centretic.com\/enseignants\/wp-json\/wp\/v2\/users\/1"}],"replies":[{"embeddable":true,"href":"https:\/\/centretic.com\/enseignants\/wp-json\/wp\/v2\/comments?post=4402"}],"version-history":[{"count":20,"href":"https:\/\/centretic.com\/enseignants\/wp-json\/wp\/v2\/pages\/4402\/revisions"}],"predecessor-version":[{"id":4604,"href":"https:\/\/centretic.com\/enseignants\/wp-json\/wp\/v2\/pages\/4402\/revisions\/4604"}],"up":[{"embeddable":true,"href":"https:\/\/centretic.com\/enseignants\/wp-json\/wp\/v2\/pages\/4394"}],"wp:attachment":[{"href":"https:\/\/centretic.com\/enseignants\/wp-json\/wp\/v2\/media?parent=4402"}],"curies":[{"name":"wp","href":"https:\/\/api.w.org\/{rel}","templated":true}]}}