{"id":4396,"date":"2024-02-29T08:15:33","date_gmt":"2024-02-29T13:15:33","guid":{"rendered":"https:\/\/centretic.com\/enseignants\/?page_id=4396"},"modified":"2025-10-21T07:18:07","modified_gmt":"2025-10-21T11:18:07","slug":"presentation-du-comite","status":"publish","type":"page","link":"https:\/\/centretic.com\/enseignants\/intelligence-artificielle\/presentation-du-comite\/","title":{"rendered":"Pr\u00e9sentation du comit\u00e9"},"content":{"rendered":"\n<div class=\"wp-block-columns is-layout-flex wp-container-core-columns-is-layout-9d6595d7 wp-block-columns-is-layout-flex\">\n<div class=\"wp-block-column is-layout-flow wp-block-column-is-layout-flow\" style=\"flex-basis:33.33%\">\n<figure class=\"wp-block-image size-full\"><img loading=\"lazy\" decoding=\"async\" width=\"400\" height=\"397\" src=\"https:\/\/centretic.com\/enseignants\/wp-content\/uploads\/sites\/2\/2023\/08\/Logo-CIA-.png\" alt=\"\" class=\"wp-image-4276\" srcset=\"https:\/\/centretic.com\/enseignants\/wp-content\/uploads\/sites\/2\/2023\/08\/Logo-CIA-.png 400w, https:\/\/centretic.com\/enseignants\/wp-content\/uploads\/sites\/2\/2023\/08\/Logo-CIA--300x298.png 300w, https:\/\/centretic.com\/enseignants\/wp-content\/uploads\/sites\/2\/2023\/08\/Logo-CIA--150x150.png 150w\" sizes=\"auto, (max-width: 400px) 100vw, 400px\" \/><\/figure>\n<\/div>\n\n\n\n<div class=\"wp-block-column is-layout-flow wp-block-column-is-layout-flow\" style=\"flex-basis:66.66%\">\n<p style=\"font-size:18px\">\u00c0 la session d\u2019hiver 2023, le comit\u00e9 <em>Intelligence artificielle<\/em> du C\u00e9gep de Jonqui\u00e8re a \u00e9t\u00e9 mis en place en vue d\u2019accompagner la communaut\u00e9 coll\u00e9giale dans son appropriation de l\u2019intelligence artificielle (IA). Fort de son aspect multidisciplinaire, ce comit\u00e9 est une plateforme de collaboration, d&rsquo;expertise, de consultation et de recommandation. Il a pour mission de d\u00e9finir les meilleures pratiques et de proposer des orientations pour l&rsquo;int\u00e9gration responsable et efficace de l&rsquo;IA dans les contextes d&rsquo;enseignement et d&rsquo;apprentissage.<\/p>\n<\/div>\n<\/div>\n\n\n\n<p><strong>Les membres du comit\u00e9 Intelligence artificielle pour l\u2019ann\u00e9e 2025-2026 sont\u00a0:<\/strong><\/p>\n\n\n\n<figure class=\"wp-block-table is-style-stripes\" style=\"font-size:18px\"><table><tbody><tr><td>\u00c9ric Bardet<\/td><td>Enseignant, administration, CECC<\/td><\/tr><tr><td>M\u00e9lanie Bouchard<\/td><td>Technicienne en documentation<\/td><\/tr><tr><td>Olivier Bradette<\/td><td>Enseignante, \u00e9ducation sp\u00e9cialis\u00e9e<\/td><\/tr><tr><td>Guillaume Fillion<\/td><td>Conseiller p\u00e9dagogique, Mastera<\/td><\/tr><tr><td>Alexandra H\u00e9bert<\/td><td>Directrice adjointe, DEVE<\/td><\/tr><tr><td>Annie Hudon<\/td><td>Enseignante, administration<\/td><\/tr><tr><td>Simon Labrecque<\/td><td>Conseiller p\u00e9dagogique<\/td><\/tr><tr><td>Charles Perron-Desmeules<\/td><td>Enseignant, philosophie<\/td><\/tr><tr><td>Elyse Pichette<\/td><td>Enseignante, int\u00e9gration multim\u00e9dia<\/td><\/tr><tr><td>Alexandra Rivard<\/td><td>Enseignante, fran\u00e7ais, langue et litt\u00e9rature<\/td><\/tr><\/tr><tr><td>Roxanne Simard<\/td><td>Enseignante, communication dans les m\u00e9dias<\/td><\/tr><\/tbody><\/table><\/figure>\n\n\n\n<p><\/p>\n","protected":false},"excerpt":{"rendered":"<p>\u00c0 la session d\u2019hiver 2023, le comit\u00e9 Intelligence artificielle du C\u00e9gep de Jonqui\u00e8re a \u00e9t\u00e9 [&hellip;]<\/p>\n","protected":false},"author":1,"featured_media":0,"parent":4394,"menu_order":1,"comment_status":"closed","ping_status":"closed","template":"","meta":{"footnotes":""},"class_list":["post-4396","page","type-page","status-publish","hentry","entry","grid"],"_links":{"self":[{"href":"https:\/\/centretic.com\/enseignants\/wp-json\/wp\/v2\/pages\/4396","targetHints":{"allow":["GET"]}}],"collection":[{"href":"https:\/\/centretic.com\/enseignants\/wp-json\/wp\/v2\/pages"}],"about":[{"href":"https:\/\/centretic.com\/enseignants\/wp-json\/wp\/v2\/types\/page"}],"author":[{"embeddable":true,"href":"https:\/\/centretic.com\/enseignants\/wp-json\/wp\/v2\/users\/1"}],"replies":[{"embeddable":true,"href":"https:\/\/centretic.com\/enseignants\/wp-json\/wp\/v2\/comments?post=4396"}],"version-history":[{"count":11,"href":"https:\/\/centretic.com\/enseignants\/wp-json\/wp\/v2\/pages\/4396\/revisions"}],"predecessor-version":[{"id":4791,"href":"https:\/\/centretic.com\/enseignants\/wp-json\/wp\/v2\/pages\/4396\/revisions\/4791"}],"up":[{"embeddable":true,"href":"https:\/\/centretic.com\/enseignants\/wp-json\/wp\/v2\/pages\/4394"}],"wp:attachment":[{"href":"https:\/\/centretic.com\/enseignants\/wp-json\/wp\/v2\/media?parent=4396"}],"curies":[{"name":"wp","href":"https:\/\/api.w.org\/{rel}","templated":true}]}}