{"id":4394,"date":"2024-02-29T08:12:10","date_gmt":"2024-02-29T13:12:10","guid":{"rendered":"https:\/\/centretic.com\/enseignants\/?page_id=4394"},"modified":"2025-08-28T08:21:02","modified_gmt":"2025-08-28T12:21:02","slug":"intelligence-artificielle","status":"publish","type":"page","link":"https:\/\/centretic.com\/enseignants\/intelligence-artificielle\/","title":{"rendered":"Intelligence artificielle"},"content":{"rendered":"\n<figure class=\"wp-block-image size-thumbnail\"><img loading=\"lazy\" decoding=\"async\" width=\"150\" height=\"150\" src=\"https:\/\/centretic.com\/enseignants\/wp-content\/uploads\/sites\/2\/2023\/08\/Logo-CIA--150x150.png\" alt=\"\" class=\"wp-image-4276\" srcset=\"https:\/\/centretic.com\/enseignants\/wp-content\/uploads\/sites\/2\/2023\/08\/Logo-CIA--150x150.png 150w, https:\/\/centretic.com\/enseignants\/wp-content\/uploads\/sites\/2\/2023\/08\/Logo-CIA--300x298.png 300w, https:\/\/centretic.com\/enseignants\/wp-content\/uploads\/sites\/2\/2023\/08\/Logo-CIA-.png 400w\" sizes=\"auto, (max-width: 150px) 100vw, 150px\" \/><\/figure>\n\n\n\n<ul class=\"wp-block-list\">\n<li><strong><a href=\"https:\/\/centretic.com\/enseignants\/intelligence-artificielle\/presentation-du-comite\/\">Pr\u00e9sentation des membres du comit\u00e9 sur l&rsquo;IA<\/a><\/strong>&nbsp;: D\u00e9couvrez les enseignantes et enseignants et les membres du personnel qui travaillent \u00e0 l&rsquo;utilisation cr\u00e9ative et responsable de l&rsquo;IA dans notre institution.<\/li>\n\n\n\n<li><strong><a href=\"https:\/\/centretic.com\/enseignants\/intelligence-artificielle\/balises-institutionnelles\/\">R\u00e8gles institutionnelles d&rsquo;utilisation de l&rsquo;IA<\/a><\/strong>&nbsp;: Prenez connaissance des principes qui guident l&rsquo;utilisation de l&rsquo;IA dans notre institution, afin de favoriser un usage \u00e9thique de cette technologie.<\/li>\n\n\n\n<li><strong><a href=\"https:\/\/centretic.com\/enseignants\/documents-a-telecharger\/\"><strong>Documents \u00e0 t\u00e9l\u00e9charger<\/strong><\/a><\/strong>\u00a0: Profitez de ces documents pour enrichir votre r\u00e9flexion et vos pratiques en mati\u00e8re d\u2019int\u00e9gration de l\u2019IA en enseignement sup\u00e9rieur.<\/li>\n\n\n\n<li><strong><a href=\"https:\/\/centretic.com\/enseignants\/intelligence-artificielle\/foire-aux-questions\/\">Foire aux questions (FAQ)<\/a><\/strong>&nbsp;: Trouvez des r\u00e9ponses aux questions les plus fr\u00e9quentes sur l&rsquo;IA et ses enjeux en enseignement sup\u00e9rieur.<\/li>\n\n\n\n<li><strong><a href=\"https:\/\/centretic.com\/enseignants\/intelligence-artificielle\/capsules-video\/\">Capsules vid\u00e9o<\/a><\/strong>&nbsp;: Visionnez des exemples concrets d&rsquo;utilisation de l&rsquo;IA en enseignement sup\u00e9rieur dans ces capsules vid\u00e9o courtes et explicatives.<\/li>\n<\/ul>\n","protected":false},"excerpt":{"rendered":"","protected":false},"author":1,"featured_media":0,"parent":0,"menu_order":0,"comment_status":"closed","ping_status":"closed","template":"","meta":{"footnotes":""},"class_list":["post-4394","page","type-page","status-publish","hentry","entry","grid"],"_links":{"self":[{"href":"https:\/\/centretic.com\/enseignants\/wp-json\/wp\/v2\/pages\/4394","targetHints":{"allow":["GET"]}}],"collection":[{"href":"https:\/\/centretic.com\/enseignants\/wp-json\/wp\/v2\/pages"}],"about":[{"href":"https:\/\/centretic.com\/enseignants\/wp-json\/wp\/v2\/types\/page"}],"author":[{"embeddable":true,"href":"https:\/\/centretic.com\/enseignants\/wp-json\/wp\/v2\/users\/1"}],"replies":[{"embeddable":true,"href":"https:\/\/centretic.com\/enseignants\/wp-json\/wp\/v2\/comments?post=4394"}],"version-history":[{"count":13,"href":"https:\/\/centretic.com\/enseignants\/wp-json\/wp\/v2\/pages\/4394\/revisions"}],"predecessor-version":[{"id":4755,"href":"https:\/\/centretic.com\/enseignants\/wp-json\/wp\/v2\/pages\/4394\/revisions\/4755"}],"wp:attachment":[{"href":"https:\/\/centretic.com\/enseignants\/wp-json\/wp\/v2\/media?parent=4394"}],"curies":[{"name":"wp","href":"https:\/\/api.w.org\/{rel}","templated":true}]}}