{"id":4364,"date":"2024-02-08T07:36:28","date_gmt":"2024-02-08T12:36:28","guid":{"rendered":"https:\/\/centretic.com\/enseignants\/?page_id=4364"},"modified":"2024-02-08T08:22:18","modified_gmt":"2024-02-08T13:22:18","slug":"temoignages-de-fanactifs","status":"publish","type":"page","link":"https:\/\/centretic.com\/enseignants\/apprentissage-actif\/temoignages-de-fanactifs\/","title":{"rendered":"T\u00e9moignages de FanActifs"},"content":{"rendered":"\n<div class=\"wp-block-columns is-layout-flex wp-container-core-columns-is-layout-9d6595d7 wp-block-columns-is-layout-flex\">\n<div class=\"wp-block-column is-layout-flow wp-block-column-is-layout-flow\" style=\"flex-basis:33.33%\">\n<figure class=\"wp-block-image size-medium is-style-default\"><img loading=\"lazy\" decoding=\"async\" width=\"300\" height=\"300\" src=\"https:\/\/centretic.com\/enseignants\/wp-content\/uploads\/sites\/2\/2023\/04\/logo-fanactifs-300x300.jpg\" alt=\"\" class=\"wp-image-4031\" srcset=\"https:\/\/centretic.com\/enseignants\/wp-content\/uploads\/sites\/2\/2023\/04\/logo-fanactifs-300x300.jpg 300w, https:\/\/centretic.com\/enseignants\/wp-content\/uploads\/sites\/2\/2023\/04\/logo-fanactifs-1024x1024.jpg 1024w, https:\/\/centretic.com\/enseignants\/wp-content\/uploads\/sites\/2\/2023\/04\/logo-fanactifs-150x150.jpg 150w, https:\/\/centretic.com\/enseignants\/wp-content\/uploads\/sites\/2\/2023\/04\/logo-fanactifs-768x768.jpg 768w, https:\/\/centretic.com\/enseignants\/wp-content\/uploads\/sites\/2\/2023\/04\/logo-fanactifs-1536x1536.jpg 1536w, https:\/\/centretic.com\/enseignants\/wp-content\/uploads\/sites\/2\/2023\/04\/logo-fanactifs-2048x2048.jpg 2048w, https:\/\/centretic.com\/enseignants\/wp-content\/uploads\/sites\/2\/2023\/04\/logo-fanactifs-640x640.jpg 640w, https:\/\/centretic.com\/enseignants\/wp-content\/uploads\/sites\/2\/2023\/04\/logo-fanactifs-1100x1100.jpg 1100w, https:\/\/centretic.com\/enseignants\/wp-content\/uploads\/sites\/2\/2023\/04\/logo-fanactifs-1440x1440.jpg 1440w, https:\/\/centretic.com\/enseignants\/wp-content\/uploads\/sites\/2\/2023\/04\/logo-fanactifs-2000x2000.jpg 2000w\" sizes=\"auto, (max-width: 300px) 100vw, 300px\" \/><\/figure>\n<\/div>\n\n\n\n<div class=\"wp-block-column is-layout-flow wp-block-column-is-layout-flow\" style=\"flex-basis:66.66%\">\n<p>Des enseignant\u00b7es ont accept\u00e9 g\u00e9n\u00e9reusement de donner de leur temps pour raconter leur exp\u00e9rience dans la classe d\u2019apprentissage actif et collaboratif (CLAAC). Bon visionnement!<\/p>\n<\/div>\n<\/div>\n\n\n\n<div class=\"wp-block-columns is-layout-flex wp-container-core-columns-is-layout-9d6595d7 wp-block-columns-is-layout-flex\">\n<div class=\"wp-block-column is-layout-flow wp-block-column-is-layout-flow\">\n<p><strong>Du temps de pr\u00e9paration bien investi<\/strong><\/p>\n\n\n\n<figure class=\"wp-block-embed is-type-video is-provider-youtube wp-block-embed-youtube wp-embed-aspect-16-9 wp-has-aspect-ratio\"><div class=\"wp-block-embed__wrapper\">\n<iframe loading=\"lazy\" title=\"CLAAC - Du temps de pr\u00e9paration bien investi\" width=\"1100\" height=\"619\" src=\"https:\/\/www.youtube.com\/embed\/xyC8x-7nSAw?feature=oembed\" frameborder=\"0\" allow=\"accelerometer; autoplay; clipboard-write; encrypted-media; gyroscope; picture-in-picture; web-share\" allowfullscreen><\/iframe>\n<\/div><\/figure>\n<\/div>\n\n\n\n<div class=\"wp-block-column is-layout-flow wp-block-column-is-layout-flow\">\n<p><strong>Le r\u00f4le de l\u2019enseignant\u00b7e dans une CLAAC<\/strong><\/p>\n\n\n\n<figure class=\"wp-block-embed is-type-video is-provider-youtube wp-block-embed-youtube wp-embed-aspect-16-9 wp-has-aspect-ratio\"><div class=\"wp-block-embed__wrapper\">\n<iframe loading=\"lazy\" title=\"CLAAC - Le r\u00f4le de l\u2019enseignant\u00b7e dans une CLAAC\" width=\"1100\" height=\"619\" src=\"https:\/\/www.youtube.com\/embed\/Jajj5p7Qjkg?feature=oembed\" frameborder=\"0\" allow=\"accelerometer; autoplay; clipboard-write; encrypted-media; gyroscope; picture-in-picture; web-share\" allowfullscreen><\/iframe>\n<\/div><\/figure>\n<\/div>\n<\/div>\n\n\n\n<div class=\"wp-block-columns is-layout-flex wp-container-core-columns-is-layout-9d6595d7 wp-block-columns-is-layout-flex\">\n<div class=\"wp-block-column is-layout-flow wp-block-column-is-layout-flow\">\n<p><strong>La CLAAC, au service de l\u2019apprentissage des maths<\/strong><\/p>\n\n\n\n<figure class=\"wp-block-embed is-type-video is-provider-youtube wp-block-embed-youtube wp-embed-aspect-16-9 wp-has-aspect-ratio\"><div class=\"wp-block-embed__wrapper\">\n<iframe loading=\"lazy\" title=\"CLAAC - La CLAAC, au service de l\u2019apprentissage des maths\" width=\"1100\" height=\"619\" src=\"https:\/\/www.youtube.com\/embed\/SDM7EYR-q60?feature=oembed\" frameborder=\"0\" allow=\"accelerometer; autoplay; clipboard-write; encrypted-media; gyroscope; picture-in-picture; web-share\" allowfullscreen><\/iframe>\n<\/div><\/figure>\n<\/div>\n\n\n\n<div class=\"wp-block-column is-layout-flow wp-block-column-is-layout-flow\">\n<p><strong>La CLAAC, le lieu privil\u00e9gi\u00e9 pour cr\u00e9er des liens<\/strong><\/p>\n\n\n\n<figure class=\"wp-block-embed is-type-video is-provider-youtube wp-block-embed-youtube wp-embed-aspect-16-9 wp-has-aspect-ratio\"><div class=\"wp-block-embed__wrapper\">\n<iframe loading=\"lazy\" title=\"CLAAC - La CLAAC, le lieu privil\u00e9gi\u00e9 pour cr\u00e9er des liens\" width=\"1100\" height=\"619\" src=\"https:\/\/www.youtube.com\/embed\/168FROqbUdE?feature=oembed\" frameborder=\"0\" allow=\"accelerometer; autoplay; clipboard-write; encrypted-media; gyroscope; picture-in-picture; web-share\" allowfullscreen><\/iframe>\n<\/div><\/figure>\n<\/div>\n<\/div>\n\n\n\n<div class=\"wp-block-columns is-layout-flex wp-container-core-columns-is-layout-9d6595d7 wp-block-columns-is-layout-flex\">\n<div class=\"wp-block-column is-layout-flow wp-block-column-is-layout-flow\">\n<p><strong>Interagir avec ses pair\u00b7es pour progresser<\/strong><\/p>\n\n\n\n<figure class=\"wp-block-embed is-type-video is-provider-youtube wp-block-embed-youtube wp-embed-aspect-16-9 wp-has-aspect-ratio\"><div class=\"wp-block-embed__wrapper\">\n<iframe loading=\"lazy\" title=\"CLAAC - Interagir avec ses pair\u00b7es pour progresser\" width=\"1100\" height=\"619\" src=\"https:\/\/www.youtube.com\/embed\/hx6ROaBcKdc?feature=oembed\" frameborder=\"0\" allow=\"accelerometer; autoplay; clipboard-write; encrypted-media; gyroscope; picture-in-picture; web-share\" allowfullscreen><\/iframe>\n<\/div><\/figure>\n<\/div>\n\n\n\n<div class=\"wp-block-column is-layout-flow wp-block-column-is-layout-flow\">\n<p><strong>Leur plus grande fiert\u00e9<\/strong><\/p>\n\n\n\n<figure class=\"wp-block-embed is-type-video is-provider-youtube wp-block-embed-youtube wp-embed-aspect-16-9 wp-has-aspect-ratio\"><div class=\"wp-block-embed__wrapper\">\n<iframe loading=\"lazy\" title=\"CLAAC - Leur plus grande fiert\u00e9\" width=\"1100\" height=\"619\" src=\"https:\/\/www.youtube.com\/embed\/aOqweaWozDg?feature=oembed\" frameborder=\"0\" allow=\"accelerometer; autoplay; clipboard-write; encrypted-media; gyroscope; picture-in-picture; web-share\" allowfullscreen><\/iframe>\n<\/div><\/figure>\n<\/div>\n<\/div>\n","protected":false},"excerpt":{"rendered":"<p>Des enseignant\u00b7es ont accept\u00e9 g\u00e9n\u00e9reusement de donner de leur temps pour raconter leur exp\u00e9rience dans [&hellip;]<\/p>\n","protected":false},"author":1,"featured_media":0,"parent":952,"menu_order":3,"comment_status":"closed","ping_status":"closed","template":"","meta":{"footnotes":""},"class_list":["post-4364","page","type-page","status-publish","hentry","entry","grid"],"_links":{"self":[{"href":"https:\/\/centretic.com\/enseignants\/wp-json\/wp\/v2\/pages\/4364","targetHints":{"allow":["GET"]}}],"collection":[{"href":"https:\/\/centretic.com\/enseignants\/wp-json\/wp\/v2\/pages"}],"about":[{"href":"https:\/\/centretic.com\/enseignants\/wp-json\/wp\/v2\/types\/page"}],"author":[{"embeddable":true,"href":"https:\/\/centretic.com\/enseignants\/wp-json\/wp\/v2\/users\/1"}],"replies":[{"embeddable":true,"href":"https:\/\/centretic.com\/enseignants\/wp-json\/wp\/v2\/comments?post=4364"}],"version-history":[{"count":10,"href":"https:\/\/centretic.com\/enseignants\/wp-json\/wp\/v2\/pages\/4364\/revisions"}],"predecessor-version":[{"id":4379,"href":"https:\/\/centretic.com\/enseignants\/wp-json\/wp\/v2\/pages\/4364\/revisions\/4379"}],"up":[{"embeddable":true,"href":"https:\/\/centretic.com\/enseignants\/wp-json\/wp\/v2\/pages\/952"}],"wp:attachment":[{"href":"https:\/\/centretic.com\/enseignants\/wp-json\/wp\/v2\/media?parent=4364"}],"curies":[{"name":"wp","href":"https:\/\/api.w.org\/{rel}","templated":true}]}}