{"id":4122,"date":"2023-05-29T10:49:19","date_gmt":"2023-05-29T14:49:19","guid":{"rendered":"https:\/\/centretic.com\/enseignants\/?page_id=4122"},"modified":"2025-12-15T08:54:08","modified_gmt":"2025-12-15T13:54:08","slug":"nos-ressources-incontournables","status":"publish","type":"page","link":"https:\/\/centretic.com\/enseignants\/apprentissage-actif\/nos-ressources-incontournables\/","title":{"rendered":"Nos ressources incontournables"},"content":{"rendered":"\n<h2 class=\"wp-block-heading\"><strong>Sc\u00e9nariser un cours misant sur l\u2019apprentissage actif et collaboratif&nbsp;<\/strong><\/h2>\n\n\n\n<div class=\"wp-block-columns is-layout-flex wp-container-core-columns-is-layout-9d6595d7 wp-block-columns-is-layout-flex\">\n<div class=\"wp-block-column is-layout-flow wp-block-column-is-layout-flow\" style=\"flex-basis:33.33%\">\n<p>Voici quelques outils utiles pour \u00e9laborer un sc\u00e9nario p\u00e9dagogique gagnant :<\/p>\n\n\n\n<ul class=\"wp-block-list\">\n<li><a href=\"https:\/\/centretic.com\/enseignants\/wp-content\/uploads\/sites\/2\/2023\/05\/ScenarioPed_CLAAC.pdf\" target=\"_blank\" rel=\"noreferrer noopener\">\u00c9l\u00e9ments d\u2019un sc\u00e9nario p\u00e9dagogique dans une CLAAC<\/a><\/li>\n\n\n\n<li><a href=\"https:\/\/centretic.com\/etudiants\/wp-content\/uploads\/sites\/3\/2025\/06\/Planif_scenario-ped-CLAAC_V3.pdf\" target=\"_blank\" rel=\"noreferrer noopener\">Outil de planification<\/a><\/li>\n\n\n\n<li><a href=\"https:\/\/centretic.com\/etudiants\/wp-content\/uploads\/sites\/3\/2025\/06\/Planif_scenario-ped-CLAAC_V3_Exemple.pdf\" target=\"_blank\" rel=\"noreferrer noopener\">Exemple de planification<\/a><\/li>\n\n\n\n<li><a href=\"https:\/\/centretic.com\/enseignants\/wp-content\/uploads\/sites\/2\/2023\/05\/ListeDeVerification.docx\">Liste de v\u00e9rification<\/a><\/li>\n<\/ul>\n<\/div>\n\n\n\n<div class=\"wp-block-column is-layout-flow wp-block-column-is-layout-flow\" style=\"flex-basis:66.66%\">\n<figure class=\"wp-block-image size-large\"><img loading=\"lazy\" decoding=\"async\" width=\"1024\" height=\"683\" src=\"https:\/\/centretic.com\/enseignants\/wp-content\/uploads\/sites\/2\/2023\/05\/classe-04-1024x683.jpg\" alt=\"\" class=\"wp-image-4110\" srcset=\"https:\/\/centretic.com\/enseignants\/wp-content\/uploads\/sites\/2\/2023\/05\/classe-04-1024x683.jpg 1024w, https:\/\/centretic.com\/enseignants\/wp-content\/uploads\/sites\/2\/2023\/05\/classe-04-300x200.jpg 300w, https:\/\/centretic.com\/enseignants\/wp-content\/uploads\/sites\/2\/2023\/05\/classe-04-768x512.jpg 768w, https:\/\/centretic.com\/enseignants\/wp-content\/uploads\/sites\/2\/2023\/05\/classe-04-1536x1024.jpg 1536w, https:\/\/centretic.com\/enseignants\/wp-content\/uploads\/sites\/2\/2023\/05\/classe-04-640x427.jpg 640w, https:\/\/centretic.com\/enseignants\/wp-content\/uploads\/sites\/2\/2023\/05\/classe-04-1100x733.jpg 1100w, https:\/\/centretic.com\/enseignants\/wp-content\/uploads\/sites\/2\/2023\/05\/classe-04-1440x960.jpg 1440w, https:\/\/centretic.com\/enseignants\/wp-content\/uploads\/sites\/2\/2023\/05\/classe-04.jpg 1920w\" sizes=\"auto, (max-width: 1024px) 100vw, 1024px\" \/><\/figure>\n<\/div>\n<\/div>\n\n\n\n<h2 class=\"wp-block-heading\">Engager ses \u00e9tudiant\u00b7es : une bo\u00eete \u00e0 outils pr\u00eate \u00e0 l&#8217;emploi<\/h2>\n\n\n\n<div class=\"wp-block-group is-nowrap is-layout-flex wp-container-core-group-is-layout-ad2f72ca wp-block-group-is-layout-flex\">\n<p>Cette bo\u00eete \u00e0 outils propose une banque de <strong>fiches d\u2019activit\u00e9s simples et transf\u00e9rables<\/strong> pour soutenir l\u2019apprentissage actif en classe. Organis\u00e9es autour de moments cl\u00e9s de l\u2019apprentissage (avant, pendant, apr\u00e8s), les fiches permettent de transformer des situations p\u00e9dagogiques courantes \u2014 lecture, \u00e9coute, r\u00e9vision, mise en pratique \u2014 en occasions d\u2019engagement cognitif r\u00e9el.<\/p>\n\n\n\n<figure class=\"wp-block-image size-large\"><a href=\"https:\/\/centretic.com\/enseignants\/wp-content\/uploads\/sites\/2\/2025\/12\/Boite-a-outils-Engagement-actif-1.pdf\" target=\"_blank\" rel=\" noreferrer noopener\"><img loading=\"lazy\" decoding=\"async\" width=\"791\" height=\"1024\" src=\"https:\/\/centretic.com\/enseignants\/wp-content\/uploads\/sites\/2\/2025\/12\/Boite-a-outils-Engagement-actif-1_Page_01-791x1024.png\" alt=\"\" class=\"wp-image-4814\" srcset=\"https:\/\/centretic.com\/enseignants\/wp-content\/uploads\/sites\/2\/2025\/12\/Boite-a-outils-Engagement-actif-1_Page_01-791x1024.png 791w, https:\/\/centretic.com\/enseignants\/wp-content\/uploads\/sites\/2\/2025\/12\/Boite-a-outils-Engagement-actif-1_Page_01-232x300.png 232w, https:\/\/centretic.com\/enseignants\/wp-content\/uploads\/sites\/2\/2025\/12\/Boite-a-outils-Engagement-actif-1_Page_01-768x994.png 768w, https:\/\/centretic.com\/enseignants\/wp-content\/uploads\/sites\/2\/2025\/12\/Boite-a-outils-Engagement-actif-1_Page_01-1187x1536.png 1187w, https:\/\/centretic.com\/enseignants\/wp-content\/uploads\/sites\/2\/2025\/12\/Boite-a-outils-Engagement-actif-1_Page_01-1583x2048.png 1583w, https:\/\/centretic.com\/enseignants\/wp-content\/uploads\/sites\/2\/2025\/12\/Boite-a-outils-Engagement-actif-1_Page_01-640x828.png 640w, https:\/\/centretic.com\/enseignants\/wp-content\/uploads\/sites\/2\/2025\/12\/Boite-a-outils-Engagement-actif-1_Page_01-1100x1424.png 1100w, https:\/\/centretic.com\/enseignants\/wp-content\/uploads\/sites\/2\/2025\/12\/Boite-a-outils-Engagement-actif-1_Page_01-1440x1864.png 1440w, https:\/\/centretic.com\/enseignants\/wp-content\/uploads\/sites\/2\/2025\/12\/Boite-a-outils-Engagement-actif-1_Page_01.png 1700w\" sizes=\"auto, (max-width: 791px) 100vw, 791px\" \/><\/a><\/figure>\n<\/div>\n\n\n\n<p><\/p>\n\n\n\n<h2 class=\"wp-block-heading\"><\/h2>\n\n\n\n<h2 class=\"wp-block-heading\"><strong><strong>Activit\u00e9s d\u2019apprentissage engageantes<\/strong><\/strong><\/h2>\n\n\n\n<p>D\u00e9couvrez les activit\u00e9s concoct\u00e9es par les mentor\u00b7es et les meneuses de CLAAC pouvant \u00eatre facilement adapt\u00e9es \u00e0 diff\u00e9rentes disciplines.<a id=\"_msocom_1\"><\/a><\/p>\n\n\n\n<div class=\"wp-block-columns is-layout-flex wp-container-core-columns-is-layout-9d6595d7 wp-block-columns-is-layout-flex\">\n<div class=\"wp-block-column is-layout-flow wp-block-column-is-layout-flow\">\n<p><strong>Pr\u00e9senter son plan de cours de mani\u00e8re active<\/strong><\/p>\n\n\n\n<ul class=\"wp-block-list\">\n<li><a href=\"https:\/\/centretic.com\/enseignants\/wp-content\/uploads\/sites\/2\/2023\/05\/Presenter-son-plan-de-cours-de-maniere-active.pdf\" target=\"_blank\" rel=\"noreferrer noopener\">Pr\u00e9senter son plan de cours de mani\u00e8re active<\/a><\/li>\n\n\n\n<li><a href=\"https:\/\/centretic.com\/enseignants\/wp-content\/uploads\/sites\/2\/2023\/05\/Recette-pour-presenter-son-plan-de-cours-de-maniere-active.pdf\" target=\"_blank\" rel=\"noreferrer noopener\">Recette pour pr\u00e9senter son plan de cours de mani\u00e8re active<\/a><\/li>\n<\/ul>\n<\/div>\n\n\n\n<div class=\"wp-block-column is-layout-flow wp-block-column-is-layout-flow\">\n<p><strong>R\u00e9soudre un probl\u00e8me de mani\u00e8re collaborative<\/strong><\/p>\n\n\n\n<ul class=\"wp-block-list\">\n<li><a href=\"https:\/\/centretic.com\/enseignants\/wp-content\/uploads\/sites\/2\/2023\/05\/Atelier-de-prise-de-decision_RichardLeduc.pdf\" target=\"_blank\" rel=\"noreferrer noopener\">Atelier de prise de d\u00e9cision<\/a><\/li>\n\n\n\n<li><a href=\"https:\/\/centretic.com\/enseignants\/wp-content\/uploads\/sites\/2\/2025\/06\/ActiviteCoupDeCoeur_RonaDeniseYuAsensi.pdf\" target=\"_blank\" rel=\"noreferrer noopener\">Deal or No Deal (Le Banquier)<\/a> <sup>Nouveau<\/sup><\/li>\n\n\n\n<li><a href=\"https:\/\/centretic.com\/enseignants\/wp-content\/uploads\/sites\/2\/2023\/05\/Course-de-chevaux_LucieEtAudrey.pdf\" target=\"_blank\" rel=\"noreferrer noopener\">La course de chevaux<\/a><\/li>\n\n\n\n<li><a href=\"https:\/\/centretic.com\/enseignants\/wp-content\/uploads\/sites\/2\/2023\/05\/Mini-prof_LucieEtAudrey.pdf\" target=\"_blank\" rel=\"noreferrer noopener\">Le mini-prof<\/a><\/li>\n\n\n\n<li><a href=\"https:\/\/centretic.com\/enseignants\/wp-content\/uploads\/sites\/2\/2023\/05\/Le-ricochet_LucieEtAudrey.pdf\" target=\"_blank\" rel=\"noreferrer noopener\">Le Ricochet<\/a><\/li>\n\n\n\n<li><a href=\"https:\/\/centretic.com\/enseignants\/wp-content\/uploads\/sites\/2\/2025\/06\/ActiviteCoupDeCoeur_AudreyBrochu.pdf\" target=\"_blank\" rel=\"noreferrer noopener\">Pratique d&rsquo;\u00e9valuation d&rsquo;un proc\u00e9d\u00e9 de soins (PAP)<\/a> <sup>Nouveau<\/sup><\/li>\n\n\n\n<li><a href=\"https:\/\/centretic.com\/enseignants\/wp-content\/uploads\/sites\/2\/2025\/06\/ActiviteCoupDeCoeur_Association_CarolineGagnon.pdf\" target=\"_blank\" rel=\"noreferrer noopener\">Quiz comp\u00e9titif de r\u00e9vision<\/a> <sup>Nouveau<\/sup><\/li>\n<\/ul>\n<\/div>\n<\/div>\n\n\n\n<div class=\"wp-block-columns is-layout-flex wp-container-core-columns-is-layout-9d6595d7 wp-block-columns-is-layout-flex\">\n<div class=\"wp-block-column is-layout-flow wp-block-column-is-layout-flow\">\n<p><strong>S\u2019approprier du nouveau contenu en <em>faisant<\/em><\/strong><\/p>\n\n\n\n<ul class=\"wp-block-list\">\n<li><a href=\"https:\/\/centretic.com\/enseignants\/wp-content\/uploads\/sites\/2\/2025\/06\/ActiviteCoupDeCoeur_JulieBureau.pdf\" target=\"_blank\" rel=\"noreferrer noopener\">\u00c0 la d\u00e9couverte des solutions acido-basique<\/a> <sup>Nouveau<\/sup><\/li>\n\n\n\n<li><a href=\"https:\/\/centretic.com\/enseignants\/wp-content\/uploads\/sites\/2\/2025\/06\/ActiviteCoupDeCoeur_Association_CarolineGagnon.pdf\" target=\"_blank\" rel=\"noreferrer noopener\">Association d&rsquo;information<\/a> <sup>Nouveau<\/sup><\/li>\n\n\n\n<li><a href=\"https:\/\/centretic.com\/enseignants\/wp-content\/uploads\/sites\/2\/2025\/06\/ActiviteCoupCoeur_Francis_Lavoie.pdf\" target=\"_blank\" rel=\"noreferrer noopener\">Comprendre l&rsquo;environnement client\/serveur<\/a> <sup>Nouveau<\/sup><\/li>\n\n\n\n<li><a href=\"https:\/\/centretic.com\/enseignants\/wp-content\/uploads\/sites\/2\/2024\/06\/Activite_Sebastien.pdf\" target=\"_blank\" rel=\"noreferrer noopener\">Course wikip\u00e9dienne<\/a><\/li>\n\n\n\n<li><a href=\"https:\/\/centretic.com\/enseignants\/wp-content\/uploads\/sites\/2\/2025\/06\/ActiviteCoupDeCoeur_GabrielMarcouxChabot.pdf\" target=\"_blank\" rel=\"noreferrer noopener\">D\u00e9couverte des caract\u00e9ristiques d&rsquo;un courant litt\u00e9raire<\/a> <sup>Nouveau<\/sup><\/li>\n\n\n\n<li><a href=\"https:\/\/centretic.com\/enseignants\/wp-content\/uploads\/sites\/2\/2023\/05\/Des-sophismes-et-des-memes_ManonLortie.pdf\" target=\"_blank\" rel=\"noreferrer noopener\">Des sophismes et des m\u00e8mes<\/a><\/li>\n\n\n\n<li><a rel=\"noreferrer noopener\" href=\"https:\/\/centretic.com\/enseignants\/wp-content\/uploads\/sites\/2\/2023\/05\/La-nouvelle-tournante_DanielleFournier.pdf\" target=\"_blank\">La nouvelle tournante<\/a><\/li>\n\n\n\n<li><a href=\"https:\/\/centretic.com\/enseignants\/wp-content\/uploads\/sites\/2\/2023\/05\/Le-questionnaire-de-lecture_DanielleFournier.pdf\" target=\"_blank\" rel=\"noreferrer noopener\">Le questionnaire de lecture<\/a><\/li>\n\n\n\n<li><a href=\"https:\/\/centretic.com\/enseignants\/wp-content\/uploads\/sites\/2\/2024\/06\/Activite_Marie-Philip.pdf\" target=\"_blank\" rel=\"noreferrer noopener\">Salon du livre<\/a><\/li>\n<\/ul>\n<\/div>\n\n\n\n<div class=\"wp-block-column is-layout-flow wp-block-column-is-layout-flow\">\n<p><strong>R\u00e9viser, r\u00e9activer ou consolider les apprentissages<\/strong><\/p>\n\n\n\n<ul class=\"wp-block-list\">\n<li><a href=\"https:\/\/centretic.com\/enseignants\/wp-content\/uploads\/sites\/2\/2025\/02\/Activite_ChasseAuTresor_AudreyEtLucie.pdf\" target=\"_blank\" rel=\"noreferrer noopener\">Chasse au tr\u00e9sor (jeu d&rsquo;\u00e9vasion)<\/a><\/li>\n\n\n\n<li><a href=\"https:\/\/centretic.com\/enseignants\/wp-content\/uploads\/sites\/2\/2023\/05\/Creation-d-un-examen_LucieEtAudrey.pdf\" target=\"_blank\" rel=\"noreferrer noopener\">Cr\u00e9ation d&rsquo;un examen<\/a><\/li>\n\n\n\n<li><a href=\"https:\/\/centretic.com\/enseignants\/wp-content\/uploads\/sites\/2\/2023\/05\/Jeopardy_SherleyGirard.pdf\" target=\"_blank\" rel=\"noreferrer noopener\">Jeopardy<\/a><\/li>\n\n\n\n<li><a rel=\"noreferrer noopener\" href=\"https:\/\/centretic.com\/enseignants\/wp-content\/uploads\/sites\/2\/2023\/05\/Jeu-de-revision_ManonLortie.pdf\" target=\"_blank\">Jeu de r\u00e9vision<\/a><\/li>\n\n\n\n<li><a href=\"https:\/\/centretic.com\/enseignants\/wp-content\/uploads\/sites\/2\/2023\/05\/Le-rapido_LucieEtAudrey.pdf\" target=\"_blank\" rel=\"noreferrer noopener\">Le rapido<\/a><\/li>\n\n\n\n<li><a href=\"https:\/\/centretic.com\/enseignants\/wp-content\/uploads\/sites\/2\/2023\/05\/Serpents-et-echelles_LucieEtAudrey.pdf\" target=\"_blank\" rel=\"noreferrer noopener\">Serpents et \u00e9chelles<\/a><\/li>\n<\/ul>\n<\/div>\n<\/div>\n\n\n\n<div class=\"wp-block-columns is-layout-flex wp-container-core-columns-is-layout-9d6595d7 wp-block-columns-is-layout-flex\">\n<div class=\"wp-block-column is-layout-flow wp-block-column-is-layout-flow\">\n<p><strong>\u00c9valuation<\/strong><\/p>\n\n\n\n<ul class=\"wp-block-list\">\n<li><a href=\"https:\/\/centretic.com\/enseignants\/wp-content\/uploads\/sites\/2\/2024\/06\/Activite_Vincent.pdf\" target=\"_blank\" rel=\"noreferrer noopener\">Auto\u00e9valuation et rencontre individuelle, un duo gagnant<\/a><\/li>\n\n\n\n<li><a href=\"https:\/\/centretic.com\/enseignants\/wp-content\/uploads\/sites\/2\/2024\/06\/Activite_Lydia.pdf\" target=\"_blank\" rel=\"noreferrer noopener\">Bingo des savoirs<\/a><\/li>\n<\/ul>\n<\/div>\n<\/div>\n\n\n\n<h2 class=\"wp-block-heading\"><strong><strong>24 techniques pour engager ses \u00e9tudiant\u00b7es sur le plan cognitif<\/strong><\/strong><\/h2>\n\n\n\n<div style=\"width: 100%;\"><div style=\"position: relative; padding-bottom: 56.25%; padding-top: 0; height: 0;\"><iframe loading=\"lazy\" title=\"Techniques pour engager ses \u00e9tudiant\u00b7es au plan cognitif en classe\" frameborder=\"0\" width=\"1200px\" height=\"675px\" style=\"position: absolute; top: 0; left: 0; width: 100%; height: 100%;\" src=\"https:\/\/view.genial.ly\/646e52f6f729830012fe8e2b\" type=\"text\/html\" allowscriptaccess=\"always\" allowfullscreen=\"true\" scrolling=\"yes\" allownetworking=\"all\"><\/iframe> <\/div> <\/div>\n","protected":false},"excerpt":{"rendered":"<p>Sc\u00e9nariser un cours misant sur l\u2019apprentissage actif et collaboratif&nbsp; Voici quelques outils utiles pour \u00e9laborer [&hellip;]<\/p>\n","protected":false},"author":1,"featured_media":0,"parent":952,"menu_order":0,"comment_status":"closed","ping_status":"closed","template":"","meta":{"footnotes":""},"class_list":["post-4122","page","type-page","status-publish","hentry","entry","grid"],"_links":{"self":[{"href":"https:\/\/centretic.com\/enseignants\/wp-json\/wp\/v2\/pages\/4122","targetHints":{"allow":["GET"]}}],"collection":[{"href":"https:\/\/centretic.com\/enseignants\/wp-json\/wp\/v2\/pages"}],"about":[{"href":"https:\/\/centretic.com\/enseignants\/wp-json\/wp\/v2\/types\/page"}],"author":[{"embeddable":true,"href":"https:\/\/centretic.com\/enseignants\/wp-json\/wp\/v2\/users\/1"}],"replies":[{"embeddable":true,"href":"https:\/\/centretic.com\/enseignants\/wp-json\/wp\/v2\/comments?post=4122"}],"version-history":[{"count":32,"href":"https:\/\/centretic.com\/enseignants\/wp-json\/wp\/v2\/pages\/4122\/revisions"}],"predecessor-version":[{"id":4822,"href":"https:\/\/centretic.com\/enseignants\/wp-json\/wp\/v2\/pages\/4122\/revisions\/4822"}],"up":[{"embeddable":true,"href":"https:\/\/centretic.com\/enseignants\/wp-json\/wp\/v2\/pages\/952"}],"wp:attachment":[{"href":"https:\/\/centretic.com\/enseignants\/wp-json\/wp\/v2\/media?parent=4122"}],"curies":[{"name":"wp","href":"https:\/\/api.w.org\/{rel}","templated":true}]}}