{"id":4094,"date":"2023-05-29T09:36:18","date_gmt":"2023-05-29T13:36:18","guid":{"rendered":"https:\/\/centretic.com\/enseignants\/?page_id=4094"},"modified":"2023-06-14T13:36:14","modified_gmt":"2023-06-14T17:36:14","slug":"la-claac-et-ses-bienfaits","status":"publish","type":"page","link":"https:\/\/centretic.com\/enseignants\/apprentissage-actif\/la-claac-et-ses-bienfaits\/","title":{"rendered":"La CLAAC et ses bienfaits"},"content":{"rendered":"\n<h2 class=\"wp-block-heading\"><strong>Am\u00e9nagement de la classe d\u2019apprentissage actif et collaboratif (201.1)<\/strong><\/h2>\n\n\n\n<div class=\"wp-block-columns is-layout-flex wp-container-core-columns-is-layout-9d6595d7 wp-block-columns-is-layout-flex\">\n<div class=\"wp-block-column is-layout-flow wp-block-column-is-layout-flow\" style=\"flex-basis:66.66%\">\n<figure class=\"wp-block-image size-full is-style-default\"><img loading=\"lazy\" decoding=\"async\" width=\"1024\" height=\"684\" src=\"https:\/\/centretic.com\/enseignants\/wp-content\/uploads\/sites\/2\/2023\/05\/classe-09-1.jpg\" alt=\"\" class=\"wp-image-4170\" srcset=\"https:\/\/centretic.com\/enseignants\/wp-content\/uploads\/sites\/2\/2023\/05\/classe-09-1.jpg 1024w, https:\/\/centretic.com\/enseignants\/wp-content\/uploads\/sites\/2\/2023\/05\/classe-09-1-300x200.jpg 300w, https:\/\/centretic.com\/enseignants\/wp-content\/uploads\/sites\/2\/2023\/05\/classe-09-1-768x513.jpg 768w, https:\/\/centretic.com\/enseignants\/wp-content\/uploads\/sites\/2\/2023\/05\/classe-09-1-640x428.jpg 640w\" sizes=\"auto, (max-width: 1024px) 100vw, 1024px\" \/><\/figure>\n<\/div>\n\n\n\n<div class=\"wp-block-column is-layout-flow wp-block-column-is-layout-flow\" style=\"flex-basis:33.33%\">\n<p>Chaque ilot de travail est muni d&rsquo;un ordinateur et d&rsquo;un \u00e9cran interactif.&nbsp;Le mobilier polyvalent permet diff\u00e9rentes configurations de travail en \u00e9quipe.&nbsp;<\/p>\n<\/div>\n<\/div>\n\n\n\n<h2 class=\"wp-block-heading\"><strong>Paroles d\u2019\u00e9tudiant\u00b7es<\/strong><a id=\"_msocom_1\"><\/a><\/h2>\n\n\n\n<div class=\"wp-block-columns is-layout-flex wp-container-core-columns-is-layout-9d6595d7 wp-block-columns-is-layout-flex\">\n<div class=\"wp-block-column is-layout-flow wp-block-column-is-layout-flow\" style=\"flex-basis:66.66%\">\n<p>Cette <a href=\"https:\/\/centretic.com\/enseignants\/wp-content\/uploads\/sites\/2\/2023\/05\/BD-Paroles-d-etudiant-es_Final.pdf\" target=\"_blank\" rel=\"noreferrer noopener\"><strong>bande dessin\u00e9e<\/strong><\/a> relate une rencontre fortuite entre deux amis coll\u00e9giens. Deux camarades, deux exp\u00e9riences scolaires fort diff\u00e9rentes. Un merci chaleureux \u00e0 mesdames Katerine Belley-Murray et Joanie Lemieux pour les illustrations.<\/p>\n<\/div>\n\n\n\n<div class=\"wp-block-column is-layout-flow wp-block-column-is-layout-flow\" style=\"flex-basis:33.33%\">\n<figure class=\"wp-block-image size-medium\"><a href=\"https:\/\/centretic.com\/enseignants\/wp-content\/uploads\/sites\/2\/2023\/05\/BD-Paroles-d-etudiant-es_Final-v2-scaled.jpg\" target=\"_blank\" rel=\"noreferrer noopener\" data-rel=\"lightbox-image-0\" data-rl_title=\"\" data-rl_caption=\"\" title=\"\"><img loading=\"lazy\" decoding=\"async\" width=\"222\" height=\"300\" src=\"https:\/\/centretic.com\/enseignants\/wp-content\/uploads\/sites\/2\/2023\/05\/BD-Paroles-d-etudiant-es_Final-v2-222x300.jpg\" alt=\"\" class=\"wp-image-4159\" srcset=\"https:\/\/centretic.com\/enseignants\/wp-content\/uploads\/sites\/2\/2023\/05\/BD-Paroles-d-etudiant-es_Final-v2-222x300.jpg 222w, https:\/\/centretic.com\/enseignants\/wp-content\/uploads\/sites\/2\/2023\/05\/BD-Paroles-d-etudiant-es_Final-v2-759x1024.jpg 759w, https:\/\/centretic.com\/enseignants\/wp-content\/uploads\/sites\/2\/2023\/05\/BD-Paroles-d-etudiant-es_Final-v2-768x1036.jpg 768w, https:\/\/centretic.com\/enseignants\/wp-content\/uploads\/sites\/2\/2023\/05\/BD-Paroles-d-etudiant-es_Final-v2-1138x1536.jpg 1138w, https:\/\/centretic.com\/enseignants\/wp-content\/uploads\/sites\/2\/2023\/05\/BD-Paroles-d-etudiant-es_Final-v2-1518x2048.jpg 1518w, https:\/\/centretic.com\/enseignants\/wp-content\/uploads\/sites\/2\/2023\/05\/BD-Paroles-d-etudiant-es_Final-v2-640x864.jpg 640w, https:\/\/centretic.com\/enseignants\/wp-content\/uploads\/sites\/2\/2023\/05\/BD-Paroles-d-etudiant-es_Final-v2-1100x1484.jpg 1100w, https:\/\/centretic.com\/enseignants\/wp-content\/uploads\/sites\/2\/2023\/05\/BD-Paroles-d-etudiant-es_Final-v2-1440x1943.jpg 1440w, https:\/\/centretic.com\/enseignants\/wp-content\/uploads\/sites\/2\/2023\/05\/BD-Paroles-d-etudiant-es_Final-v2-2000x2699.jpg 2000w, https:\/\/centretic.com\/enseignants\/wp-content\/uploads\/sites\/2\/2023\/05\/BD-Paroles-d-etudiant-es_Final-v2-scaled.jpg 1897w\" sizes=\"auto, (max-width: 222px) 100vw, 222px\" \/><\/a><\/figure>\n<\/div>\n<\/div>\n\n\n\n<h2 class=\"wp-block-heading\"><strong><strong>Des r\u00e9sultats prometteurs<\/strong><\/strong><\/h2>\n\n\n\n<div class=\"wp-block-columns is-layout-flex wp-container-core-columns-is-layout-9d6595d7 wp-block-columns-is-layout-flex\">\n<div class=\"wp-block-column is-layout-flow wp-block-column-is-layout-flow\">\n<figure class=\"wp-block-image size-large\"><img loading=\"lazy\" decoding=\"async\" width=\"1024\" height=\"683\" src=\"https:\/\/centretic.com\/enseignants\/wp-content\/uploads\/sites\/2\/2023\/05\/classe-03-1024x683.jpg\" alt=\"\" class=\"wp-image-4109\" srcset=\"https:\/\/centretic.com\/enseignants\/wp-content\/uploads\/sites\/2\/2023\/05\/classe-03-1024x683.jpg 1024w, https:\/\/centretic.com\/enseignants\/wp-content\/uploads\/sites\/2\/2023\/05\/classe-03-300x200.jpg 300w, https:\/\/centretic.com\/enseignants\/wp-content\/uploads\/sites\/2\/2023\/05\/classe-03-768x512.jpg 768w, https:\/\/centretic.com\/enseignants\/wp-content\/uploads\/sites\/2\/2023\/05\/classe-03-1536x1024.jpg 1536w, https:\/\/centretic.com\/enseignants\/wp-content\/uploads\/sites\/2\/2023\/05\/classe-03-640x427.jpg 640w, https:\/\/centretic.com\/enseignants\/wp-content\/uploads\/sites\/2\/2023\/05\/classe-03-1100x733.jpg 1100w, https:\/\/centretic.com\/enseignants\/wp-content\/uploads\/sites\/2\/2023\/05\/classe-03-1440x960.jpg 1440w, https:\/\/centretic.com\/enseignants\/wp-content\/uploads\/sites\/2\/2023\/05\/classe-03.jpg 1920w\" sizes=\"auto, (max-width: 1024px) 100vw, 1024px\" \/><\/figure>\n<\/div>\n\n\n\n<div class=\"wp-block-column is-layout-flow wp-block-column-is-layout-flow\">\n<p>Les <strong>effets de l\u2019apprentissage actif et collaboratif<\/strong> sur la motivation et l\u2019engagement des \u00e9tudiant\u00b7es&nbsp;:<\/p>\n\n\n\n<ul class=\"wp-block-list\">\n<li><strong>92 % sont motiv\u00e9s<\/strong> \u00e0 aller au cours donn\u00e9 dans la CLAAC.<\/li>\n\n\n\n<li><strong>93 %<\/strong> affirment que les <strong>interactions avec les pairs les aident \u00e0 progresser<\/strong>.<\/li>\n\n\n\n<li><strong>89 %<\/strong> d\u00e9clarent<strong> travailler activement<\/strong> en classe.<\/li>\n<\/ul>\n\n\n\n<p><\/p>\n<\/div>\n<\/div>\n\n\n\n<div class=\"wp-block-columns is-layout-flex wp-container-core-columns-is-layout-9d6595d7 wp-block-columns-is-layout-flex\">\n<div class=\"wp-block-column is-layout-flow wp-block-column-is-layout-flow\">\n<p>Ce que les \u00e9tudiant\u00b7es aiment le plus?&nbsp;<\/p>\n\n\n\n<ul class=\"wp-block-list\">\n<li>Le <strong>travail en \u00e9quipe<\/strong><\/li>\n\n\n\n<li>La <strong>relation entre les \u00e9tudiant\u00b7es et l\u2019enseignant\u00b7e<\/strong><\/li>\n\n\n\n<li>Les <strong>activit\u00e9s d\u2019apprentissage propos\u00e9es<\/strong><\/li>\n\n\n\n<li><strong>L\u2019environnement num\u00e9rique<\/strong> (t\u00e9l\u00e9viseur tactile, le fait que chaque \u00e9quipe dispose d\u2019un ordinateur)<\/li>\n<\/ul>\n\n\n\n<p><\/p>\n<\/div>\n\n\n\n<div class=\"wp-block-column is-layout-flow wp-block-column-is-layout-flow\">\n<figure class=\"wp-block-image size-large\"><img loading=\"lazy\" decoding=\"async\" width=\"1024\" height=\"683\" src=\"https:\/\/centretic.com\/enseignants\/wp-content\/uploads\/sites\/2\/2023\/05\/classe-08-1024x683.jpg\" alt=\"\" class=\"wp-image-4157\" srcset=\"https:\/\/centretic.com\/enseignants\/wp-content\/uploads\/sites\/2\/2023\/05\/classe-08-1024x683.jpg 1024w, https:\/\/centretic.com\/enseignants\/wp-content\/uploads\/sites\/2\/2023\/05\/classe-08-300x200.jpg 300w, https:\/\/centretic.com\/enseignants\/wp-content\/uploads\/sites\/2\/2023\/05\/classe-08-768x512.jpg 768w, https:\/\/centretic.com\/enseignants\/wp-content\/uploads\/sites\/2\/2023\/05\/classe-08-1536x1024.jpg 1536w, https:\/\/centretic.com\/enseignants\/wp-content\/uploads\/sites\/2\/2023\/05\/classe-08-640x427.jpg 640w, https:\/\/centretic.com\/enseignants\/wp-content\/uploads\/sites\/2\/2023\/05\/classe-08-1100x733.jpg 1100w, https:\/\/centretic.com\/enseignants\/wp-content\/uploads\/sites\/2\/2023\/05\/classe-08-1440x960.jpg 1440w, https:\/\/centretic.com\/enseignants\/wp-content\/uploads\/sites\/2\/2023\/05\/classe-08.jpg 1920w\" sizes=\"auto, (max-width: 1024px) 100vw, 1024px\" \/><\/figure>\n<\/div>\n<\/div>\n\n\n\n<div class=\"wp-block-columns is-layout-flex wp-container-core-columns-is-layout-9d6595d7 wp-block-columns-is-layout-flex\">\n<div class=\"wp-block-column is-layout-flow wp-block-column-is-layout-flow\">\n<figure class=\"wp-block-image size-large\"><img loading=\"lazy\" decoding=\"async\" width=\"1024\" height=\"683\" src=\"https:\/\/centretic.com\/enseignants\/wp-content\/uploads\/sites\/2\/2023\/05\/classe-06-1024x683.jpg\" alt=\"\" class=\"wp-image-4112\" srcset=\"https:\/\/centretic.com\/enseignants\/wp-content\/uploads\/sites\/2\/2023\/05\/classe-06-1024x683.jpg 1024w, https:\/\/centretic.com\/enseignants\/wp-content\/uploads\/sites\/2\/2023\/05\/classe-06-300x200.jpg 300w, https:\/\/centretic.com\/enseignants\/wp-content\/uploads\/sites\/2\/2023\/05\/classe-06-768x512.jpg 768w, https:\/\/centretic.com\/enseignants\/wp-content\/uploads\/sites\/2\/2023\/05\/classe-06-1536x1024.jpg 1536w, https:\/\/centretic.com\/enseignants\/wp-content\/uploads\/sites\/2\/2023\/05\/classe-06-640x427.jpg 640w, https:\/\/centretic.com\/enseignants\/wp-content\/uploads\/sites\/2\/2023\/05\/classe-06-1100x733.jpg 1100w, https:\/\/centretic.com\/enseignants\/wp-content\/uploads\/sites\/2\/2023\/05\/classe-06-1440x960.jpg 1440w, https:\/\/centretic.com\/enseignants\/wp-content\/uploads\/sites\/2\/2023\/05\/classe-06.jpg 1920w\" sizes=\"auto, (max-width: 1024px) 100vw, 1024px\" \/><\/figure>\n<\/div>\n\n\n\n<div class=\"wp-block-column is-layout-flow wp-block-column-is-layout-flow\">\n<p>Ces r\u00e9sultats sont tir\u00e9s d\u2019un <strong>sondage<\/strong> r\u00e9alis\u00e9 aupr\u00e8s de <strong>229 \u00e9tudiant\u00b7es<\/strong> qui ont fr\u00e9quent\u00e9 la CLAAC \u00e0 l\u2019hiver 2023. Les \u00e9tudiant\u00b7es proviennent de diverses disciplines (dont math\u00e9matiques, litt\u00e9rature et philosophie) et de diff\u00e9rents programmes d\u2019\u00e9tudes (dont Gestion de commerces, Arts visuels, Sciences, lettres et arts, Informatique et Sciences humaines).<\/p>\n<\/div>\n<\/div>\n\n\n\n<h2 class=\"wp-block-heading\"><\/h2>\n","protected":false},"excerpt":{"rendered":"<p>Am\u00e9nagement de la classe d\u2019apprentissage actif et collaboratif (201.1) Chaque ilot de travail est muni [&hellip;]<\/p>\n","protected":false},"author":1,"featured_media":0,"parent":952,"menu_order":0,"comment_status":"closed","ping_status":"closed","template":"","meta":{"footnotes":""},"class_list":["post-4094","page","type-page","status-publish","hentry","entry","grid"],"_links":{"self":[{"href":"https:\/\/centretic.com\/enseignants\/wp-json\/wp\/v2\/pages\/4094","targetHints":{"allow":["GET"]}}],"collection":[{"href":"https:\/\/centretic.com\/enseignants\/wp-json\/wp\/v2\/pages"}],"about":[{"href":"https:\/\/centretic.com\/enseignants\/wp-json\/wp\/v2\/types\/page"}],"author":[{"embeddable":true,"href":"https:\/\/centretic.com\/enseignants\/wp-json\/wp\/v2\/users\/1"}],"replies":[{"embeddable":true,"href":"https:\/\/centretic.com\/enseignants\/wp-json\/wp\/v2\/comments?post=4094"}],"version-history":[{"count":17,"href":"https:\/\/centretic.com\/enseignants\/wp-json\/wp\/v2\/pages\/4094\/revisions"}],"predecessor-version":[{"id":4210,"href":"https:\/\/centretic.com\/enseignants\/wp-json\/wp\/v2\/pages\/4094\/revisions\/4210"}],"up":[{"embeddable":true,"href":"https:\/\/centretic.com\/enseignants\/wp-json\/wp\/v2\/pages\/952"}],"wp:attachment":[{"href":"https:\/\/centretic.com\/enseignants\/wp-json\/wp\/v2\/media?parent=4094"}],"curies":[{"name":"wp","href":"https:\/\/api.w.org\/{rel}","templated":true}]}}