{"id":4030,"date":"2023-04-21T10:54:23","date_gmt":"2023-04-21T14:54:23","guid":{"rendered":"https:\/\/centretic.com\/enseignants\/?page_id=4030"},"modified":"2025-06-12T07:37:57","modified_gmt":"2025-06-12T11:37:57","slug":"a-la-decouverte-des-fanactifs","status":"publish","type":"page","link":"https:\/\/centretic.com\/enseignants\/apprentissage-actif\/a-la-decouverte-des-fanactifs\/","title":{"rendered":"\u00c0 la d\u00e9couverte des FanActifs"},"content":{"rendered":"\n<h2 class=\"wp-block-heading\">Qui sont les FanActifs&nbsp;?<\/h2>\n\n\n\n<div class=\"wp-block-columns is-layout-flex wp-container-core-columns-is-layout-9d6595d7 wp-block-columns-is-layout-flex\">\n<div class=\"wp-block-column is-layout-flow wp-block-column-is-layout-flow\" style=\"flex-basis:66.66%\">\n<p>Des enseignant\u00b7es qui misent sur l\u2019apprentissage actif et collaboratif pour engager les \u00e9tudiant\u00b7es dans leurs apprentissages. Anim\u00e9e par le d\u00e9sir de <em>faire apprendre autrement<\/em>, l&rsquo;\u00e9quipe enseignante explore de nouvelles pratiques p\u00e9dagogiques o\u00f9 les \u00e9l\u00e8ves sont amen\u00e9s \u00e0 r\u00e9aliser des t\u00e2ches leur permettant d\u2019\u00eatre actifs cognitivement (r\u00e9soudre des probl\u00e8mes, produire des contenus, pr\u00e9senter des concepts, etc.). L&rsquo;environnement technologique pr\u00e9sent dans la classe facilite l&rsquo;int\u00e9gration du num\u00e9rique dans l&rsquo;enseignement.<\/p>\n\n\n\n<p>Pour l&rsquo;ann\u00e9e 2025-2026, certains FanActifs exp\u00e9rimentent la p\u00e9dagogie active dans une classe traditionnelle, d&rsquo;autres dans une classe d&rsquo;apprentissage actif et collaboratif.<\/p>\n<\/div>\n\n\n\n<div class=\"wp-block-column is-layout-flow wp-block-column-is-layout-flow\" style=\"flex-basis:33.33%\">\n<figure class=\"wp-block-image size-large is-style-default\"><img loading=\"lazy\" decoding=\"async\" width=\"1024\" height=\"1024\" src=\"https:\/\/centretic.com\/enseignants\/wp-content\/uploads\/sites\/2\/2023\/04\/logo-fanactifs-1024x1024.jpg\" alt=\"\" class=\"wp-image-4031\" srcset=\"https:\/\/centretic.com\/enseignants\/wp-content\/uploads\/sites\/2\/2023\/04\/logo-fanactifs-1024x1024.jpg 1024w, https:\/\/centretic.com\/enseignants\/wp-content\/uploads\/sites\/2\/2023\/04\/logo-fanactifs-300x300.jpg 300w, https:\/\/centretic.com\/enseignants\/wp-content\/uploads\/sites\/2\/2023\/04\/logo-fanactifs-150x150.jpg 150w, https:\/\/centretic.com\/enseignants\/wp-content\/uploads\/sites\/2\/2023\/04\/logo-fanactifs-768x768.jpg 768w, https:\/\/centretic.com\/enseignants\/wp-content\/uploads\/sites\/2\/2023\/04\/logo-fanactifs-1536x1536.jpg 1536w, https:\/\/centretic.com\/enseignants\/wp-content\/uploads\/sites\/2\/2023\/04\/logo-fanactifs-2048x2048.jpg 2048w, https:\/\/centretic.com\/enseignants\/wp-content\/uploads\/sites\/2\/2023\/04\/logo-fanactifs-640x640.jpg 640w, https:\/\/centretic.com\/enseignants\/wp-content\/uploads\/sites\/2\/2023\/04\/logo-fanactifs-1100x1100.jpg 1100w, https:\/\/centretic.com\/enseignants\/wp-content\/uploads\/sites\/2\/2023\/04\/logo-fanactifs-1440x1440.jpg 1440w, https:\/\/centretic.com\/enseignants\/wp-content\/uploads\/sites\/2\/2023\/04\/logo-fanactifs-2000x2000.jpg 2000w\" sizes=\"auto, (max-width: 1024px) 100vw, 1024px\" \/><\/figure>\n<\/div>\n<\/div>\n\n\n\n<h2 class=\"wp-block-heading\">FanActifs 2025-2026<\/h2>\n\n\n\n<p>Des enseignantes et des enseignants curieux, ouverts aux id\u00e9es nouvelles, pr\u00eats \u00e0 bonifier leurs pratiques professionnelles et d\u00e9termin\u00e9s \u00e0 sortir de leur zone de confort.<\/p>\n\n\n\n<ul class=\"wp-block-list\">\n<li>M\u00e9lanie Beaudoin, Math\u00e9matiques<\/li>\n\n\n\n<li>Marie-H\u00e9l\u00e8ne Belley, Anglais<\/li>\n\n\n\n<li>Marc-Andr\u00e9 Bergeron, Fran\u00e7ais, langue et litt\u00e9rature<\/li>\n\n\n\n<li>Maryl\u00e8ne Bergeron, Sciences humaines<\/li>\n\n\n\n<li>Isabelle Bouchard, Physique<\/li>\n\n\n\n<li>Yannick C\u00f4t\u00e9, M\u00e9canique du b\u00e2timent<\/li>\n\n\n\n<li>Natasha Gaudreault, Administration<\/li>\n\n\n\n<li>Sonia Lavoie, Communication dans les m\u00e9dias<\/li>\n\n\n\n<li>Anie Murray, \u00c9ducation \u00e0 l&rsquo;enfance<\/li>\n\n\n\n<li>Martin Thibeault, Informatique<\/li>\n<\/ul>\n\n\n\n<h2 class=\"wp-block-heading\">FanActifs 2024-2025<\/h2>\n\n\n\n<ul class=\"wp-block-list\">\n<li>Julie Bureau, Chimie<\/li>\n\n\n\n<li>Audrey Brochu, Soins infirmiers<\/li>\n\n\n\n<li>Caroline Gagnon, Cin\u00e9ma et t\u00e9l\u00e9vision<\/li>\n\n\n\n<li>Francis Lavoie, Informatique<\/li>\n\n\n\n<li>Paul Jr Marchand, \u00c9ducation sp\u00e9cialis\u00e9e<\/li>\n\n\n\n<li>Gabriel Marcoux-Chabot, Fran\u00e7ais, langue et litt\u00e9rature<\/li>\n\n\n\n<li>Jo\u00eblle Veilleux, Chimie<\/li>\n\n\n\n<li>Rona Denise Yu Asensi, Langues modernes<\/li>\n<\/ul>\n\n\n\n<h2 class=\"wp-block-heading\">FanActifs 2023-2024<\/h2>\n\n\n\n<ul class=\"wp-block-list\">\n<li>Catherine Bergeron, \u00c9ducation sp\u00e9cialis\u00e9e<\/li>\n\n\n\n<li>Marie-Philip Bergeron, Fran\u00e7ais, langue et litt\u00e9rature <strong><a href=\"https:\/\/centretic.com\/enseignants\/wp-content\/uploads\/sites\/2\/2024\/06\/Activite_Marie-Philip.pdf\" target=\"_blank\" rel=\"noreferrer noopener\">Activit\u00e9 coup de coeur<\/a><\/strong><\/li>\n\n\n\n<li>Michael Bilodeau, M\u00e9canique du b\u00e2timent<\/li>\n\n\n\n<li>Lydia Dallaire, Communication publicitaire <strong><a href=\"https:\/\/centretic.com\/enseignants\/wp-content\/uploads\/sites\/2\/2024\/06\/Activite_Lydia.pdf\" target=\"_blank\" rel=\"noreferrer noopener\">Activit\u00e9 coup de coeur<\/a><\/strong><\/li>\n\n\n\n<li>S\u00e9bastien L\u00e9vesque, Philosophie <strong><a href=\"https:\/\/centretic.com\/enseignants\/wp-content\/uploads\/sites\/2\/2024\/06\/Activite_Sebastien.pdf\" target=\"_blank\" rel=\"noreferrer noopener\">Activit\u00e9 coup de coeur<\/a><\/strong><\/li>\n\n\n\n<li>Emmanuelle Mackay, \u00c9ducation sp\u00e9cialis\u00e9e<\/li>\n\n\n\n<li>Vincent Morin, Informatique <strong><a href=\"https:\/\/centretic.com\/enseignants\/wp-content\/uploads\/sites\/2\/2024\/06\/Activite_Vincent.pdf\" target=\"_blank\" rel=\"noreferrer noopener\">Activit\u00e9 coup de coeur<\/a><\/strong><\/li>\n<\/ul>\n\n\n\n<h2 class=\"wp-block-heading\"><strong>Mentor\u00b7es 2023-2025<\/strong><\/h2>\n\n\n\n<p>Vous faites partie de la communaut\u00e9 du C\u00e9gep de Jonqui\u00e8re et souhaitez \u00e9changer avec un ancien FanActif&nbsp;? Forte de son expertise en apprentissage actif, voici une \u00e9quipe int\u00e9ress\u00e9e \u00e0 partager son exp\u00e9rience&nbsp;:<\/p>\n\n\n\n<p>Liste des documents \u00e0 associer aux Activit\u00e9 coups de c\u0153ur par enseignant\u00b7e.<\/p>\n\n\n\n<div class=\"wp-block-columns is-layout-flex wp-container-core-columns-is-layout-9d6595d7 wp-block-columns-is-layout-flex\">\n<div class=\"wp-block-column is-layout-flow wp-block-column-is-layout-flow\">\n<p><strong>Lucie Bouchard<\/strong><\/p>\n\n\n\n<p>Enseignante<br>Math\u00e9matiques et statistiques<br><a href=\"https:\/\/teams.microsoft.com\/l\/chat\/0\/0?users=marctremblay@cegepjonquiere.ca\"><\/a><a href=\"https:\/\/teams.microsoft.com\/l\/chat\/0\/0?users=luciebouchard@cegepjonquiere.ca\">Rejoindre sur Teams<\/a><br><a rel=\"noreferrer noopener\" href=\"https:\/\/centretic.com\/enseignants\/wp-content\/uploads\/sites\/2\/2023\/05\/Mini-prof_LucieEtAudrey.pdf\" target=\"_blank\"><strong>Activit\u00e9 coup de c\u0153ur<\/strong><\/a><\/p>\n<\/div>\n\n\n\n<div class=\"wp-block-column is-layout-flow wp-block-column-is-layout-flow\">\n<p><strong>Audrey Lavoie<\/strong><\/p>\n\n\n\n<p>Enseignante<br>Math\u00e9matiques et statistiques<br><a href=\"https:\/\/teams.microsoft.com\/l\/chat\/0\/0?users=audreylavoie@cegepjonquiere.ca\">Rejoindre sur Teams<\/a><br><a rel=\"noreferrer noopener\" href=\"https:\/\/centretic.com\/enseignants\/wp-content\/uploads\/sites\/2\/2023\/05\/Course-de-chevaux_LucieEtAudrey.pdf\" target=\"_blank\"><strong>Activit\u00e9 coup de c\u0153ur<\/strong><\/a><\/p>\n<\/div>\n<\/div>\n\n\n\n<div class=\"wp-block-columns is-layout-flex wp-container-core-columns-is-layout-9d6595d7 wp-block-columns-is-layout-flex\">\n<div class=\"wp-block-column is-layout-flow wp-block-column-is-layout-flow\">\n<p><strong>Danielle Fournier<\/strong><\/p>\n\n\n\n<p>Enseignante<br>Fran\u00e7ais, langue et litt\u00e9rature<br><a href=\"https:\/\/teams.microsoft.com\/l\/chat\/0\/0?users=marctremblay@cegepjonquiere.ca\"><\/a><a href=\"https:\/\/teams.microsoft.com\/l\/chat\/0\/0?users=daniellefournier@cegepjonquiere.ca\">Rejoindre sur Teams<\/a><br><a href=\"https:\/\/centretic.com\/enseignants\/wp-content\/uploads\/sites\/2\/2023\/05\/La-nouvelle-tournante_DanielleFournier.pdf\" target=\"_blank\" rel=\"noreferrer noopener\"><strong>Activit\u00e9 coup de c\u0153ur<\/strong><\/a><\/p>\n<\/div>\n\n\n\n<div class=\"wp-block-column is-layout-flow wp-block-column-is-layout-flow\">\n<p><strong>Richard Leduc<\/strong><\/p>\n\n\n\n<p>Enseignant<br>Administration<br><a href=\"https:\/\/teams.microsoft.com\/l\/chat\/0\/0?users=richardleduc@cegepjonquiere.ca\">Rejoindre sur Teams<\/a><br><a href=\"https:\/\/centretic.com\/enseignants\/wp-content\/uploads\/sites\/2\/2023\/05\/Atelier-de-prise-de-decision_RichardLeduc.pdf\" target=\"_blank\" rel=\"noreferrer noopener\"><strong>Activit\u00e9 coup de c\u0153ur<\/strong><\/a><\/p>\n<\/div>\n<\/div>\n\n\n\n<div class=\"wp-block-columns is-layout-flex wp-container-core-columns-is-layout-9d6595d7 wp-block-columns-is-layout-flex\">\n<div class=\"wp-block-column is-layout-flow wp-block-column-is-layout-flow\">\n<p><strong>Sherley Girard<\/strong><\/p>\n\n\n\n<p>Enseignante<br>Arts visuels<br><a href=\"https:\/\/teams.microsoft.com\/l\/chat\/0\/0?users=marctremblay@cegepjonquiere.ca\"><\/a><a href=\"https:\/\/teams.microsoft.com\/l\/chat\/0\/0?users=sherleygirard@cegepjonquiere.ca\">Rejoindre sur Teams<\/a><br><a rel=\"noreferrer noopener\" href=\"https:\/\/centretic.com\/enseignants\/wp-content\/uploads\/sites\/2\/2023\/05\/Jeopardy_SherleyGirard.pdf\" target=\"_blank\"><strong>Activit\u00e9 coup de c\u0153ur<\/strong><\/a><\/p>\n<\/div>\n\n\n\n<div class=\"wp-block-column is-layout-flow wp-block-column-is-layout-flow\">\n<p><strong>Manon Lortie<\/strong><\/p>\n\n\n\n<p>Enseignante<br>Philosophie<br><a href=\"https:\/\/teams.microsoft.com\/l\/chat\/0\/0?users=manonlortie@cegepjonquiere.ca\">Rejoindre sur Teams<\/a><br><a rel=\"noreferrer noopener\" href=\"https:\/\/centretic.com\/enseignants\/wp-content\/uploads\/sites\/2\/2023\/05\/Des-sophismes-et-des-memes_ManonLortie.pdf\" target=\"_blank\"><strong>Activit\u00e9 coup de c\u0153ur<\/strong><\/a><\/p>\n<\/div>\n<\/div>\n\n\n\n<h2 class=\"wp-block-heading\"><strong><strong>Meneuses de CLAAC<\/strong><\/strong><\/h2>\n\n\n\n<p>Les FanActifs sont soutenus par une \u00e9quipe de conseill\u00e8res p\u00e9dagogiques engag\u00e9es et d\u00e9vou\u00e9es. Vous souhaitez obtenir plus d\u2019information sur la communaut\u00e9 des FanActifs ou la classe d\u2019apprentissage actif et collaboratif (CLAAC), n\u2019h\u00e9sitez pas \u00e0 communiquer avec nous.<\/p>\n\n\n\n<div class=\"wp-block-columns is-layout-flex wp-container-core-columns-is-layout-9d6595d7 wp-block-columns-is-layout-flex\">\n<div class=\"wp-block-column is-layout-flow wp-block-column-is-layout-flow\">\n<p><strong><strong><strong><strong>Audrey Girard<\/strong>&nbsp;<\/strong><\/strong><\/strong><\/p>\n\n\n\n<p>Conseill\u00e8re p\u00e9dagogique<br>Service d\u2019animation et de d\u00e9veloppement p\u00e9dagogiques&nbsp;<br><a href=\"https:\/\/teams.microsoft.com\/l\/chat\/0\/0?users=AudreyGirard@cegepjonquiere.ca\">Rejoindre sur Teams<\/a><br>418 547-2191, poste 6447<br>Local : 518.2<\/p>\n<\/div>\n\n\n\n<div class=\"wp-block-column is-layout-flow wp-block-column-is-layout-flow\">\n<p><strong><strong>Isabelle Tremblay<\/strong><\/strong><\/p>\n\n\n\n<p>Conseill\u00e8re p\u00e9dagogique TIC<br>Service d&rsquo;animation et de d\u00e9veloppement p\u00e9dagogiques<br><a href=\"https:\/\/teams.microsoft.com\/l\/chat\/0\/0?users=isabelletremblay@cegepjonquiere.ca\">Rejoindre sur Teams<\/a><br>418 547-2191, poste 6457<br>Local : 520.2<\/p>\n\n\n\n<p><\/p>\n<\/div>\n<\/div>\n","protected":false},"excerpt":{"rendered":"<p>Qui sont les FanActifs&nbsp;? Des enseignant\u00b7es qui misent sur l\u2019apprentissage actif et collaboratif pour engager [&hellip;]<\/p>\n","protected":false},"author":1,"featured_media":0,"parent":952,"menu_order":0,"comment_status":"closed","ping_status":"closed","template":"","meta":{"footnotes":""},"class_list":["post-4030","page","type-page","status-publish","hentry","entry","grid"],"_links":{"self":[{"href":"https:\/\/centretic.com\/enseignants\/wp-json\/wp\/v2\/pages\/4030","targetHints":{"allow":["GET"]}}],"collection":[{"href":"https:\/\/centretic.com\/enseignants\/wp-json\/wp\/v2\/pages"}],"about":[{"href":"https:\/\/centretic.com\/enseignants\/wp-json\/wp\/v2\/types\/page"}],"author":[{"embeddable":true,"href":"https:\/\/centretic.com\/enseignants\/wp-json\/wp\/v2\/users\/1"}],"replies":[{"embeddable":true,"href":"https:\/\/centretic.com\/enseignants\/wp-json\/wp\/v2\/comments?post=4030"}],"version-history":[{"count":35,"href":"https:\/\/centretic.com\/enseignants\/wp-json\/wp\/v2\/pages\/4030\/revisions"}],"predecessor-version":[{"id":4702,"href":"https:\/\/centretic.com\/enseignants\/wp-json\/wp\/v2\/pages\/4030\/revisions\/4702"}],"up":[{"embeddable":true,"href":"https:\/\/centretic.com\/enseignants\/wp-json\/wp\/v2\/pages\/952"}],"wp:attachment":[{"href":"https:\/\/centretic.com\/enseignants\/wp-json\/wp\/v2\/media?parent=4030"}],"curies":[{"name":"wp","href":"https:\/\/api.w.org\/{rel}","templated":true}]}}