{"id":3223,"date":"2021-05-18T11:43:33","date_gmt":"2021-05-18T15:43:33","guid":{"rendered":"https:\/\/centretic.com\/enseignants\/?page_id=3223"},"modified":"2021-11-02T08:43:58","modified_gmt":"2021-11-02T12:43:58","slug":"accompagner","status":"publish","type":"page","link":"https:\/\/centretic.com\/enseignants\/astuces-pedagogiques\/accompagner\/","title":{"rendered":"Accompagner"},"content":{"rendered":"\n<p>Cet espace propose diverses pistes d\u2019intervention pour soutenir les apprenant\u00b7es dans leur d\u00e9marche d\u2019apprentissage. Il rappelle le r\u00f4le essentiel jou\u00e9 par les enseignant\u00b7es sur la motivation, l\u2019engagement et la r\u00e9ussite de leurs \u00e9tudiant\u00b7es. <\/p>\n\n\n\n<h2 class=\"wp-block-heading\">Soutenir les \u00e9tudiant\u00b7es dans leur d\u00e9marche d\u2019apprentissage<\/h2>\n\n\n\n<div class=\"wp-block-columns is-layout-flex wp-container-core-columns-is-layout-9d6595d7 wp-block-columns-is-layout-flex\">\n<div class=\"wp-block-column is-layout-flow wp-block-column-is-layout-flow\">\n<figure class=\"wp-block-image size-large is-style-rounded\"><img loading=\"lazy\" decoding=\"async\" width=\"1024\" height=\"682\" src=\"https:\/\/centretic.com\/enseignants\/wp-content\/uploads\/sites\/2\/2021\/06\/photo-aide-etudiante-1024x682.jpg\" alt=\"\" class=\"wp-image-3509\" srcset=\"https:\/\/centretic.com\/enseignants\/wp-content\/uploads\/sites\/2\/2021\/06\/photo-aide-etudiante-1024x682.jpg 1024w, https:\/\/centretic.com\/enseignants\/wp-content\/uploads\/sites\/2\/2021\/06\/photo-aide-etudiante-300x200.jpg 300w, https:\/\/centretic.com\/enseignants\/wp-content\/uploads\/sites\/2\/2021\/06\/photo-aide-etudiante-768x512.jpg 768w, https:\/\/centretic.com\/enseignants\/wp-content\/uploads\/sites\/2\/2021\/06\/photo-aide-etudiante-640x427.jpg 640w, https:\/\/centretic.com\/enseignants\/wp-content\/uploads\/sites\/2\/2021\/06\/photo-aide-etudiante-1100x733.jpg 1100w, https:\/\/centretic.com\/enseignants\/wp-content\/uploads\/sites\/2\/2021\/06\/photo-aide-etudiante.jpg 1280w\" sizes=\"auto, (max-width: 1024px) 100vw, 1024px\" \/><\/figure>\n<\/div>\n\n\n\n<div class=\"wp-block-column is-layout-flow wp-block-column-is-layout-flow\">\n<h4 class=\"wp-block-heading\">Domaines o\u00f9 les \u00e9tudiant\u00b7es ont besoin de soutien<\/h4>\n\n\n\n<p>Les \u00e9tudiant\u00b7es ont besoin d\u2019\u00eatre soutenus dans leur d\u00e9marche d\u2019apprentissage sur diff\u00e9rents plans : technologique, motivationnel, cognitif, m\u00e9thodologique, socioaffectif et m\u00e9tacognitif.<\/p>\n\n\n\n<p>Cette <strong><a href=\"https:\/\/centretic.com\/enseignants\/wp-content\/uploads\/sites\/2\/2021\/11\/Accompagner_2021-05-06.pdf\" target=\"_blank\" rel=\"noreferrer noopener\">infographie<\/a><\/strong> pr\u00e9sente des exemples d\u2019intervention qui peuvent \u00eatre r\u00e9alis\u00e9es aupr\u00e8s d\u2019un individu ou de l\u2019ensemble du groupe.<\/p>\n<\/div>\n<\/div>\n\n\n\n<h2 class=\"wp-block-heading\">L&rsquo;importance de cr\u00e9er des liens<\/h2>\n\n\n\n<div class=\"wp-block-columns is-layout-flex wp-container-core-columns-is-layout-9d6595d7 wp-block-columns-is-layout-flex\">\n<div class=\"wp-block-column is-layout-flow wp-block-column-is-layout-flow\">\n<h4 class=\"wp-block-heading\">L&rsquo;effet enseignant<\/h4>\n\n\n\n<p>Il est reconnu que la relation qu\u2019entretient un.e enseignant\u00b7e avec ses \u00e9tudiant\u00b7es compte parmi les facteurs ayant le plus d\u2019influence sur leur r\u00e9ussite (Hattie, 2017).<\/p>\n\n\n\n<p>Cette <strong><a href=\"https:\/\/centretic.com\/enseignants\/wp-content\/uploads\/sites\/2\/2021\/06\/Fiche-Effet-enseignant.pdf\" target=\"_blank\" rel=\"noreferrer noopener\">fiche<\/a><\/strong> explique comment vous faites LA diff\u00e9rence. \u00c0 lire ou \u00e0 relire!<\/p>\n<\/div>\n\n\n\n<div class=\"wp-block-column is-layout-flow wp-block-column-is-layout-flow\">\n<figure class=\"wp-block-image size-large is-style-rounded\"><img loading=\"lazy\" decoding=\"async\" width=\"1024\" height=\"682\" src=\"https:\/\/centretic.com\/enseignants\/wp-content\/uploads\/sites\/2\/2021\/06\/photo-creer-des-liens-1024x682.jpg\" alt=\"\" class=\"wp-image-3505\" srcset=\"https:\/\/centretic.com\/enseignants\/wp-content\/uploads\/sites\/2\/2021\/06\/photo-creer-des-liens-1024x682.jpg 1024w, https:\/\/centretic.com\/enseignants\/wp-content\/uploads\/sites\/2\/2021\/06\/photo-creer-des-liens-300x200.jpg 300w, https:\/\/centretic.com\/enseignants\/wp-content\/uploads\/sites\/2\/2021\/06\/photo-creer-des-liens-768x512.jpg 768w, https:\/\/centretic.com\/enseignants\/wp-content\/uploads\/sites\/2\/2021\/06\/photo-creer-des-liens-640x427.jpg 640w, https:\/\/centretic.com\/enseignants\/wp-content\/uploads\/sites\/2\/2021\/06\/photo-creer-des-liens-1100x733.jpg 1100w, https:\/\/centretic.com\/enseignants\/wp-content\/uploads\/sites\/2\/2021\/06\/photo-creer-des-liens.jpg 1280w\" sizes=\"auto, (max-width: 1024px) 100vw, 1024px\" \/><\/figure>\n<\/div>\n<\/div>\n\n\n\n<div class=\"wp-block-columns is-layout-flex wp-container-core-columns-is-layout-9d6595d7 wp-block-columns-is-layout-flex\">\n<div class=\"wp-block-column is-layout-flow wp-block-column-is-layout-flow\">\n<figure class=\"wp-block-image size-large is-style-rounded\"><img loading=\"lazy\" decoding=\"async\" width=\"1024\" height=\"682\" src=\"https:\/\/centretic.com\/enseignants\/wp-content\/uploads\/sites\/2\/2021\/06\/photo-humour-1-1024x682.jpg\" alt=\"\" class=\"wp-image-3507\" srcset=\"https:\/\/centretic.com\/enseignants\/wp-content\/uploads\/sites\/2\/2021\/06\/photo-humour-1-1024x682.jpg 1024w, https:\/\/centretic.com\/enseignants\/wp-content\/uploads\/sites\/2\/2021\/06\/photo-humour-1-300x200.jpg 300w, https:\/\/centretic.com\/enseignants\/wp-content\/uploads\/sites\/2\/2021\/06\/photo-humour-1-768x512.jpg 768w, https:\/\/centretic.com\/enseignants\/wp-content\/uploads\/sites\/2\/2021\/06\/photo-humour-1-640x427.jpg 640w, https:\/\/centretic.com\/enseignants\/wp-content\/uploads\/sites\/2\/2021\/06\/photo-humour-1-1100x733.jpg 1100w, https:\/\/centretic.com\/enseignants\/wp-content\/uploads\/sites\/2\/2021\/06\/photo-humour-1.jpg 1280w\" sizes=\"auto, (max-width: 1024px) 100vw, 1024px\" \/><\/figure>\n<\/div>\n\n\n\n<div class=\"wp-block-column is-layout-flow wp-block-column-is-layout-flow\">\n<h4 class=\"wp-block-heading\">L\u2019impact de l\u2019humour sur les apprentissages<\/h4>\n\n\n\n<p>L\u2019utilisation de l\u2019humour en classe permet d\u2019instaurer un climat de classe positif, mais aussi de d\u00e9velopper une plus grande complicit\u00e9 entre enseignant\u00b7e et \u00e9tudiant\u00b7es et de favoriser l\u2019apprentissage (Bogatti, 2021). D\u00e9couvrez dans quelles conditions l\u2019humour peut seconder l\u2019apprentissage en <strong><a rel=\"noreferrer noopener\" href=\"https:\/\/centretic.com\/enseignants\/wp-content\/uploads\/sites\/2\/2021\/06\/Article-humour.pdf\" target=\"_blank\">cliquant ici<\/a><\/strong><a href=\"https:\/\/centretic.com\/enseignants\/wp-content\/uploads\/sites\/2\/2021\/06\/Article-humour.pdf\">.<\/a> Cette <strong><a rel=\"noreferrer noopener\" href=\"https:\/\/centretic.com\/enseignants\/wp-content\/uploads\/sites\/2\/2021\/06\/HUMOUR.pdf\" target=\"_blank\">figure<\/a><\/strong> pr\u00e9sente les effets de l\u2019humour selon diverses perspectives.  \u00c0 d\u00e9couvrir!<\/p>\n<\/div>\n<\/div>\n","protected":false},"excerpt":{"rendered":"<p>Cet espace propose diverses pistes d\u2019intervention pour soutenir les apprenant\u00b7es dans leur d\u00e9marche d\u2019apprentissage. Il [&hellip;]<\/p>\n","protected":false},"author":1,"featured_media":0,"parent":3167,"menu_order":5,"comment_status":"closed","ping_status":"closed","template":"","meta":{"footnotes":""},"class_list":["post-3223","page","type-page","status-publish","hentry","entry","grid"],"_links":{"self":[{"href":"https:\/\/centretic.com\/enseignants\/wp-json\/wp\/v2\/pages\/3223","targetHints":{"allow":["GET"]}}],"collection":[{"href":"https:\/\/centretic.com\/enseignants\/wp-json\/wp\/v2\/pages"}],"about":[{"href":"https:\/\/centretic.com\/enseignants\/wp-json\/wp\/v2\/types\/page"}],"author":[{"embeddable":true,"href":"https:\/\/centretic.com\/enseignants\/wp-json\/wp\/v2\/users\/1"}],"replies":[{"embeddable":true,"href":"https:\/\/centretic.com\/enseignants\/wp-json\/wp\/v2\/comments?post=3223"}],"version-history":[{"count":14,"href":"https:\/\/centretic.com\/enseignants\/wp-json\/wp\/v2\/pages\/3223\/revisions"}],"predecessor-version":[{"id":3674,"href":"https:\/\/centretic.com\/enseignants\/wp-json\/wp\/v2\/pages\/3223\/revisions\/3674"}],"up":[{"embeddable":true,"href":"https:\/\/centretic.com\/enseignants\/wp-json\/wp\/v2\/pages\/3167"}],"wp:attachment":[{"href":"https:\/\/centretic.com\/enseignants\/wp-json\/wp\/v2\/media?parent=3223"}],"curies":[{"name":"wp","href":"https:\/\/api.w.org\/{rel}","templated":true}]}}