{"id":3176,"date":"2021-05-18T08:31:24","date_gmt":"2021-05-18T12:31:24","guid":{"rendered":"https:\/\/centretic.com\/enseignants\/?page_id=3176"},"modified":"2024-02-29T08:22:34","modified_gmt":"2024-02-29T13:22:34","slug":"planifier-son-enseignement","status":"publish","type":"page","link":"https:\/\/centretic.com\/enseignants\/astuces-pedagogiques\/planifier-son-enseignement\/","title":{"rendered":"Planifier son enseignement"},"content":{"rendered":"\n<p>Concevoir un cours motivant, favorisant l\u2019engagement, l\u2019apprentissage et la r\u00e9ussite n\u00e9cessite une bonne planification. Voici des ressources pratiques et quelques conseils pour faciliter la conception de votre cours.<\/p>\n\n\n\n<div class=\"wp-block-columns is-layout-flex wp-container-core-columns-is-layout-9d6595d7 wp-block-columns-is-layout-flex\">\n<div class=\"wp-block-column is-layout-flow wp-block-column-is-layout-flow\">\n<h4 class=\"wp-block-heading\"><strong><strong>S\u2019assurer de l\u2019alignement p\u00e9dagogique<\/strong><\/strong><\/h4>\n\n\n\n<figure class=\"wp-block-image size-large\"><a href=\"https:\/\/centretic.com\/enseignants\/wp-content\/uploads\/sites\/2\/2021\/05\/Alignement_Pedagogique-1024x768.jpg\" data-rel=\"lightbox-image-0\" data-rl_title=\"\" data-rl_caption=\"\" title=\"\"><img loading=\"lazy\" decoding=\"async\" width=\"1024\" height=\"768\" src=\"https:\/\/centretic.com\/enseignants\/wp-content\/uploads\/sites\/2\/2021\/05\/Alignement_Pedagogique-1024x768.jpg\" alt=\"\" class=\"wp-image-3190\" srcset=\"https:\/\/centretic.com\/enseignants\/wp-content\/uploads\/sites\/2\/2021\/05\/Alignement_Pedagogique-1024x768.jpg 1024w, https:\/\/centretic.com\/enseignants\/wp-content\/uploads\/sites\/2\/2021\/05\/Alignement_Pedagogique-300x225.jpg 300w, https:\/\/centretic.com\/enseignants\/wp-content\/uploads\/sites\/2\/2021\/05\/Alignement_Pedagogique-768x576.jpg 768w, https:\/\/centretic.com\/enseignants\/wp-content\/uploads\/sites\/2\/2021\/05\/Alignement_Pedagogique-320x240.jpg 320w, https:\/\/centretic.com\/enseignants\/wp-content\/uploads\/sites\/2\/2021\/05\/Alignement_Pedagogique-640x480.jpg 640w, https:\/\/centretic.com\/enseignants\/wp-content\/uploads\/sites\/2\/2021\/05\/Alignement_Pedagogique-1100x825.jpg 1100w, https:\/\/centretic.com\/enseignants\/wp-content\/uploads\/sites\/2\/2021\/05\/Alignement_Pedagogique.jpg 1344w\" sizes=\"auto, (max-width: 1024px) 100vw, 1024px\" \/><\/a><\/figure>\n\n\n\n<p>L\u2019alignement p\u00e9dagogique permet de s\u2019assurer de la coh\u00e9rence entre les objectifs vis\u00e9s, les activit\u00e9s propos\u00e9es et les activit\u00e9s d\u2019\u00e9valuation.<\/p>\n\n\n\n<p>Howe propose dans cet <strong><a href=\"https:\/\/centretic.com\/enseignants\/wp-content\/uploads\/sites\/2\/2021\/05\/Tableau-analyse-cohe\u0301rence_Howe.pdf\" target=\"_blank\" rel=\"noreferrer noopener\">article<\/a><\/strong> un tableau d\u2019analyse de coh\u00e9rence.<\/p>\n<\/div>\n\n\n\n<div class=\"wp-block-column is-layout-flow wp-block-column-is-layout-flow\">\n<h4 class=\"wp-block-heading\"><strong><strong>Pr\u00e9voir des activit\u00e9s comportant un d\u00e9fi<\/strong><\/strong><\/h4>\n\n\n\n<figure class=\"wp-block-image size-large\"><a href=\"https:\/\/centretic.com\/enseignants\/wp-content\/uploads\/sites\/2\/2021\/05\/Defi.jpg\" data-rel=\"lightbox-image-1\" data-rl_title=\"\" data-rl_caption=\"\" title=\"\"><img loading=\"lazy\" decoding=\"async\" width=\"1024\" height=\"768\" src=\"https:\/\/centretic.com\/enseignants\/wp-content\/uploads\/sites\/2\/2021\/05\/Defi-1024x768.jpg\" alt=\"\" class=\"wp-image-3191\" srcset=\"https:\/\/centretic.com\/enseignants\/wp-content\/uploads\/sites\/2\/2021\/05\/Defi-1024x768.jpg 1024w, https:\/\/centretic.com\/enseignants\/wp-content\/uploads\/sites\/2\/2021\/05\/Defi-300x225.jpg 300w, https:\/\/centretic.com\/enseignants\/wp-content\/uploads\/sites\/2\/2021\/05\/Defi-768x576.jpg 768w, https:\/\/centretic.com\/enseignants\/wp-content\/uploads\/sites\/2\/2021\/05\/Defi-320x240.jpg 320w, https:\/\/centretic.com\/enseignants\/wp-content\/uploads\/sites\/2\/2021\/05\/Defi-640x480.jpg 640w, https:\/\/centretic.com\/enseignants\/wp-content\/uploads\/sites\/2\/2021\/05\/Defi-1100x825.jpg 1100w, https:\/\/centretic.com\/enseignants\/wp-content\/uploads\/sites\/2\/2021\/05\/Defi.jpg 1344w\" sizes=\"auto, (max-width: 1024px) 100vw, 1024px\" \/><\/a><\/figure>\n\n\n\n<p>Pour \u00eatre stimulantes, les activit\u00e9s d\u2019apprentissage doivent \u00eatre r\u00e9alisables et comporter une part de d\u00e9fi, c\u2019est-\u00e0-dire ne pas \u00eatre trop simple ou trop complexe.<\/p>\n<\/div>\n\n\n\n<div class=\"wp-block-column is-layout-flow wp-block-column-is-layout-flow\">\n<h4 class=\"wp-block-heading\"><strong><strong>Planifier une s\u00e9ance de cours structur\u00e9e<\/strong><\/strong><\/h4>\n\n\n\n<figure class=\"wp-block-image size-large\"><a href=\"https:\/\/centretic.com\/enseignants\/wp-content\/uploads\/sites\/2\/2021\/05\/Planification_d_une_seance_de_cours-1024x768.jpg\" data-rel=\"lightbox-image-2\" data-rl_title=\"\" data-rl_caption=\"\" title=\"\"><img loading=\"lazy\" decoding=\"async\" width=\"1024\" height=\"768\" src=\"https:\/\/centretic.com\/enseignants\/wp-content\/uploads\/sites\/2\/2021\/05\/Planification_d_une_seance_de_cours-1024x768.jpg\" alt=\"\" class=\"wp-image-3193\" srcset=\"https:\/\/centretic.com\/enseignants\/wp-content\/uploads\/sites\/2\/2021\/05\/Planification_d_une_seance_de_cours-1024x768.jpg 1024w, https:\/\/centretic.com\/enseignants\/wp-content\/uploads\/sites\/2\/2021\/05\/Planification_d_une_seance_de_cours-300x225.jpg 300w, https:\/\/centretic.com\/enseignants\/wp-content\/uploads\/sites\/2\/2021\/05\/Planification_d_une_seance_de_cours-768x576.jpg 768w, https:\/\/centretic.com\/enseignants\/wp-content\/uploads\/sites\/2\/2021\/05\/Planification_d_une_seance_de_cours-320x240.jpg 320w, https:\/\/centretic.com\/enseignants\/wp-content\/uploads\/sites\/2\/2021\/05\/Planification_d_une_seance_de_cours-640x480.jpg 640w, https:\/\/centretic.com\/enseignants\/wp-content\/uploads\/sites\/2\/2021\/05\/Planification_d_une_seance_de_cours-1100x825.jpg 1100w, https:\/\/centretic.com\/enseignants\/wp-content\/uploads\/sites\/2\/2021\/05\/Planification_d_une_seance_de_cours.jpg 1344w\" sizes=\"auto, (max-width: 1024px) 100vw, 1024px\" \/><\/a><\/figure>\n\n\n\n<p>La planification d\u2019une le\u00e7on comprend trois \u00e9tapes : l\u2019ouverture, le d\u00e9veloppement et la fermeture. Voici un <a href=\"https:\/\/centretic.com\/enseignants\/wp-content\/uploads\/sites\/2\/2021\/05\/PlanLecon_gabarit.docx\" target=\"_blank\" rel=\"noreferrer noopener\"><strong>gabarit<\/strong><\/a> de plan de le\u00e7on que vous pouvez utiliser pour planifier vos cours.<\/p>\n<\/div>\n<\/div>\n\n\n\n<div class=\"wp-block-columns is-layout-flex wp-container-core-columns-is-layout-9d6595d7 wp-block-columns-is-layout-flex\">\n<div class=\"wp-block-column is-layout-flow wp-block-column-is-layout-flow\" style=\"flex-basis:33.33%\">\n<h4 class=\"wp-block-heading\"><strong>Mod\u00e8le de plan de cours<\/strong><\/h4>\n\n\n\n<figure class=\"wp-block-image size-large\"><img loading=\"lazy\" decoding=\"async\" width=\"1024\" height=\"682\" src=\"https:\/\/centretic.com\/enseignants\/wp-content\/uploads\/sites\/2\/2021\/06\/photo-plan-de-cours-1024x682.jpg\" alt=\"\" class=\"wp-image-3494\" srcset=\"https:\/\/centretic.com\/enseignants\/wp-content\/uploads\/sites\/2\/2021\/06\/photo-plan-de-cours-1024x682.jpg 1024w, https:\/\/centretic.com\/enseignants\/wp-content\/uploads\/sites\/2\/2021\/06\/photo-plan-de-cours-300x200.jpg 300w, https:\/\/centretic.com\/enseignants\/wp-content\/uploads\/sites\/2\/2021\/06\/photo-plan-de-cours-768x512.jpg 768w, https:\/\/centretic.com\/enseignants\/wp-content\/uploads\/sites\/2\/2021\/06\/photo-plan-de-cours-640x427.jpg 640w, https:\/\/centretic.com\/enseignants\/wp-content\/uploads\/sites\/2\/2021\/06\/photo-plan-de-cours-1100x733.jpg 1100w, https:\/\/centretic.com\/enseignants\/wp-content\/uploads\/sites\/2\/2021\/06\/photo-plan-de-cours.jpg 1280w\" sizes=\"auto, (max-width: 1024px) 100vw, 1024px\" \/><\/figure>\n\n\n\n<p>Voici le <strong><a href=\"https:\/\/centretic.com\/enseignants\/wp-content\/uploads\/sites\/2\/2022\/08\/Plan_de_cours_MODELE_Aout_2022-V2.doc\" target=\"_blank\" rel=\"noreferrer noopener\">mod\u00e8le<\/a><\/strong> de plan de cours propos\u00e9 par le C\u00e9gep de Jonqui\u00e8re. Il tient compte de l\u2019article 6.1.10 de la PIEA qui pr\u00e9cise les \u00e9l\u00e9ments \u00e0 inclure.<\/p>\n\n\n\n<p>Assurez-vous de la conformit\u00e9 du plan de cours en utilisant cette <a href=\"https:\/\/centretic.com\/enseignants\/wp-content\/uploads\/sites\/2\/2021\/05\/FormGrilleVerification_Enseignant-fe\u0301vrier-2021.docx\" target=\"_blank\" rel=\"noreferrer noopener\"><strong>grille de v\u00e9rification<\/strong><\/a>.<\/p>\n<\/div>\n\n\n\n<div class=\"wp-block-column is-layout-flow wp-block-column-is-layout-flow\" style=\"flex-basis:66.66%\">\n<h4 class=\"wp-block-heading\"><strong>Activit\u00e9s brise-glace<\/strong><\/h4>\n\n\n\n<figure class=\"wp-block-embed is-type-video is-provider-youtube wp-block-embed-youtube wp-embed-aspect-16-9 wp-has-aspect-ratio\"><div class=\"wp-block-embed__wrapper\">\n<iframe loading=\"lazy\" title=\"Le brise-glace\" width=\"1100\" height=\"619\" src=\"https:\/\/www.youtube.com\/embed\/vZldMOKuUsc?feature=oembed\" frameborder=\"0\" allow=\"accelerometer; autoplay; clipboard-write; encrypted-media; gyroscope; picture-in-picture\" allowfullscreen><\/iframe>\n<\/div><\/figure>\n\n\n\n<p>L\u2019activit\u00e9 brise-glace permet aux \u00e9tudiant\u00b7es de faire connaissance et de cr\u00e9er des liens. Cette <strong><a href=\"https:\/\/cpu.umontreal.ca\/fileadmin\/cpu\/documents\/enseignement-apprentissage\/encadrement-communication\/GUI_Activite-Brise-Glace_UdeM-fabriqueREL.pdf\" target=\"_blank\" rel=\"noreferrer noopener\">banque d\u2019activit\u00e9s<\/a><\/strong> comprend des activit\u00e9s brise-glace, mais aussi des activit\u00e9s pour consolider le groupe ou le dynamiser. Ces animations peuvent \u00eatre r\u00e9alis\u00e9es \u00e0 distance et en pr\u00e9sentiel.<\/p>\n<\/div>\n<\/div>\n\n\n\n<div class=\"wp-block-columns is-layout-flex wp-container-core-columns-is-layout-9d6595d7 wp-block-columns-is-layout-flex\">\n<div class=\"wp-block-column is-layout-flow wp-block-column-is-layout-flow\">\n<h4 class=\"wp-block-heading\"><strong><strong>Liste de v\u00e9rification<\/strong><\/strong><\/h4>\n\n\n\n<figure class=\"wp-block-image size-large\"><img loading=\"lazy\" decoding=\"async\" width=\"1024\" height=\"683\" src=\"https:\/\/centretic.com\/enseignants\/wp-content\/uploads\/sites\/2\/2021\/06\/photo-verification-1024x683.jpg\" alt=\"\" class=\"wp-image-3492\" srcset=\"https:\/\/centretic.com\/enseignants\/wp-content\/uploads\/sites\/2\/2021\/06\/photo-verification-1024x683.jpg 1024w, https:\/\/centretic.com\/enseignants\/wp-content\/uploads\/sites\/2\/2021\/06\/photo-verification-300x200.jpg 300w, https:\/\/centretic.com\/enseignants\/wp-content\/uploads\/sites\/2\/2021\/06\/photo-verification-768x512.jpg 768w, https:\/\/centretic.com\/enseignants\/wp-content\/uploads\/sites\/2\/2021\/06\/photo-verification-640x427.jpg 640w, https:\/\/centretic.com\/enseignants\/wp-content\/uploads\/sites\/2\/2021\/06\/photo-verification-1100x734.jpg 1100w, https:\/\/centretic.com\/enseignants\/wp-content\/uploads\/sites\/2\/2021\/06\/photo-verification.jpg 1280w\" sizes=\"auto, (max-width: 1024px) 100vw, 1024px\" \/><\/figure>\n\n\n\n<p>\u00c0 venir.<\/p>\n<\/div>\n\n\n\n<div class=\"wp-block-column is-layout-flow wp-block-column-is-layout-flow\">\n<h4 class=\"wp-block-heading\"><a href=\"https:\/\/centretic.com\/etudiants\/tutoriels-videos\/\"><\/a><strong><strong>Encadrement<\/strong><\/strong><\/h4>\n\n\n\n<figure class=\"wp-block-image size-large\"><img loading=\"lazy\" decoding=\"async\" width=\"1024\" height=\"682\" src=\"https:\/\/centretic.com\/enseignants\/wp-content\/uploads\/sites\/2\/2021\/06\/photo-encadrement-1024x682.jpg\" alt=\"\" class=\"wp-image-3496\" srcset=\"https:\/\/centretic.com\/enseignants\/wp-content\/uploads\/sites\/2\/2021\/06\/photo-encadrement-1024x682.jpg 1024w, https:\/\/centretic.com\/enseignants\/wp-content\/uploads\/sites\/2\/2021\/06\/photo-encadrement-300x200.jpg 300w, https:\/\/centretic.com\/enseignants\/wp-content\/uploads\/sites\/2\/2021\/06\/photo-encadrement-768x512.jpg 768w, https:\/\/centretic.com\/enseignants\/wp-content\/uploads\/sites\/2\/2021\/06\/photo-encadrement-640x427.jpg 640w, https:\/\/centretic.com\/enseignants\/wp-content\/uploads\/sites\/2\/2021\/06\/photo-encadrement-1100x733.jpg 1100w, https:\/\/centretic.com\/enseignants\/wp-content\/uploads\/sites\/2\/2021\/06\/photo-encadrement.jpg 1280w\" sizes=\"auto, (max-width: 1024px) 100vw, 1024px\" \/><\/figure>\n\n\n\n<p>Pr\u00e9voir les modalit\u00e9s de communication et les moyens qui pourront vous aider \u00e0 accompagner les \u00e9tudiant\u00b7es, particuli\u00e8rement ceux en difficult\u00e9. Pour en savoir plus, consultez la page <a href=\"https:\/\/centretic.com\/enseignants\/astuces-pedagogiques\/accompagner\/\"><strong>Accompagner<\/strong><\/a>.<\/p>\n<\/div>\n\n\n\n<div class=\"wp-block-column is-layout-flow wp-block-column-is-layout-flow\">\n<h4 class=\"wp-block-heading\">N\u00e9tiquette<\/h4>\n\n\n\n<figure class=\"wp-block-image size-large\"><img loading=\"lazy\" decoding=\"async\" width=\"1024\" height=\"683\" src=\"https:\/\/centretic.com\/enseignants\/wp-content\/uploads\/sites\/2\/2021\/06\/photo-netiquette-2-1024x683.jpg\" alt=\"\" class=\"wp-image-3490\" srcset=\"https:\/\/centretic.com\/enseignants\/wp-content\/uploads\/sites\/2\/2021\/06\/photo-netiquette-2-1024x683.jpg 1024w, https:\/\/centretic.com\/enseignants\/wp-content\/uploads\/sites\/2\/2021\/06\/photo-netiquette-2-300x200.jpg 300w, https:\/\/centretic.com\/enseignants\/wp-content\/uploads\/sites\/2\/2021\/06\/photo-netiquette-2-768x512.jpg 768w, https:\/\/centretic.com\/enseignants\/wp-content\/uploads\/sites\/2\/2021\/06\/photo-netiquette-2-640x427.jpg 640w, https:\/\/centretic.com\/enseignants\/wp-content\/uploads\/sites\/2\/2021\/06\/photo-netiquette-2-1100x734.jpg 1100w, https:\/\/centretic.com\/enseignants\/wp-content\/uploads\/sites\/2\/2021\/06\/photo-netiquette-2.jpg 1280w\" sizes=\"auto, (max-width: 1024px) 100vw, 1024px\" \/><\/figure>\n\n\n\n<p>Cette <strong><a rel=\"noreferrer noopener\" href=\"https:\/\/centretic.com\/enseignants\/wp-content\/uploads\/sites\/2\/2021\/01\/Netiquette_1dec2020.pdf\" target=\"_blank\">infographie<\/a><\/strong> \u00e9nonce les r\u00e8gles de conduite et de politesse \u00e0 adopter en rencontre virtuelle afin de vivre une exp\u00e9rience des plus enrichissantes avec vos \u00e9tudiant\u00b7es. N\u2019h\u00e9sitez pas \u00e0 la partager ou \u00e0 la repartager.<\/p>\n<\/div>\n<\/div>\n\n\n\n<h2 class=\"wp-block-heading\">Enregistrement de capsules vid\u00e9o narr\u00e9es<\/h2>\n\n\n\n<div class=\"wp-block-columns is-layout-flex wp-container-core-columns-is-layout-9d6595d7 wp-block-columns-is-layout-flex\">\n<div class=\"wp-block-column is-layout-flow wp-block-column-is-layout-flow\">\n<h4 class=\"wp-block-heading\"><strong><strong><strong>Outils pour l\u2019enregistrement de capsules vid\u00e9o<\/strong><\/strong><\/strong><\/h4>\n\n\n\n<figure class=\"wp-block-image size-large\"><img loading=\"lazy\" decoding=\"async\" width=\"1024\" height=\"682\" src=\"https:\/\/centretic.com\/enseignants\/wp-content\/uploads\/sites\/2\/2021\/06\/photo-video-3-1024x682.jpg\" alt=\"\" class=\"wp-image-3499\" srcset=\"https:\/\/centretic.com\/enseignants\/wp-content\/uploads\/sites\/2\/2021\/06\/photo-video-3-1024x682.jpg 1024w, https:\/\/centretic.com\/enseignants\/wp-content\/uploads\/sites\/2\/2021\/06\/photo-video-3-300x200.jpg 300w, https:\/\/centretic.com\/enseignants\/wp-content\/uploads\/sites\/2\/2021\/06\/photo-video-3-768x512.jpg 768w, https:\/\/centretic.com\/enseignants\/wp-content\/uploads\/sites\/2\/2021\/06\/photo-video-3-640x427.jpg 640w, https:\/\/centretic.com\/enseignants\/wp-content\/uploads\/sites\/2\/2021\/06\/photo-video-3-1100x733.jpg 1100w, https:\/\/centretic.com\/enseignants\/wp-content\/uploads\/sites\/2\/2021\/06\/photo-video-3.jpg 1280w\" sizes=\"auto, (max-width: 1024px) 100vw, 1024px\" \/><\/figure>\n\n\n\n<p>Plusieurs outils existent pour enregistrer une capsule vid\u00e9o narr\u00e9e. Vous pouvez utiliser entre autres <strong><a href=\"https:\/\/www.profweb.ca\/system\/cms\/files\/files\/000\/004\/481\/original\/Cr%C3%A9er_des_capsules_avec_PowerPoint_v2_diapo4_%C3%A9tape2.mp4\" target=\"_blank\" rel=\"noreferrer noopener\">PowerPoint<\/a> <\/strong>ou <a href=\"https:\/\/screencast-o-matic.com\/\" target=\"_blank\" rel=\"noreferrer noopener\"><strong>Screencast-o-matic<\/strong><\/a>. Toutefois, cette derni\u00e8re option n\u00e9cessite l\u2019installation de l\u2019application par les TI.<\/p>\n<\/div>\n\n\n\n<div class=\"wp-block-column is-layout-flow wp-block-column-is-layout-flow\">\n<h4 class=\"wp-block-heading\"><a href=\"https:\/\/centretic.com\/etudiants\/tutoriels-videos\/\"><\/a><strong><strong><strong>Conseils pour l\u2019enregistrement de capsules vid\u00e9o<\/strong><\/strong><\/strong><\/h4>\n\n\n\n<figure class=\"wp-block-image size-large\"><img loading=\"lazy\" decoding=\"async\" width=\"1024\" height=\"682\" src=\"https:\/\/centretic.com\/enseignants\/wp-content\/uploads\/sites\/2\/2021\/06\/photo-video-1-1024x682.jpg\" alt=\"\" class=\"wp-image-3498\" srcset=\"https:\/\/centretic.com\/enseignants\/wp-content\/uploads\/sites\/2\/2021\/06\/photo-video-1-1024x682.jpg 1024w, https:\/\/centretic.com\/enseignants\/wp-content\/uploads\/sites\/2\/2021\/06\/photo-video-1-300x200.jpg 300w, https:\/\/centretic.com\/enseignants\/wp-content\/uploads\/sites\/2\/2021\/06\/photo-video-1-768x512.jpg 768w, https:\/\/centretic.com\/enseignants\/wp-content\/uploads\/sites\/2\/2021\/06\/photo-video-1-640x427.jpg 640w, https:\/\/centretic.com\/enseignants\/wp-content\/uploads\/sites\/2\/2021\/06\/photo-video-1-1100x733.jpg 1100w, https:\/\/centretic.com\/enseignants\/wp-content\/uploads\/sites\/2\/2021\/06\/photo-video-1.jpg 1280w\" sizes=\"auto, (max-width: 1024px) 100vw, 1024px\" \/><\/figure>\n\n\n\n<p>Pr\u00e9parer un court sc\u00e9nario d\u00e9crivant le d\u00e9roulement de la capsule vid\u00e9o narr\u00e9e. La dur\u00e9e de l\u2019enregistrement ne devrait pas exc\u00e9der 10 minutes pour garder l\u2019attention des \u00e9tudiant\u00b7es. L\u2019utilisation d\u2019un micro-casque est conseill\u00e9.<\/p>\n<\/div>\n\n\n\n<div class=\"wp-block-column is-layout-flow wp-block-column-is-layout-flow\">\n<h4 class=\"wp-block-heading\"><\/h4>\n\n\n\n<p><\/p>\n<\/div>\n<\/div>\n","protected":false},"excerpt":{"rendered":"<p>Concevoir un cours motivant, favorisant l\u2019engagement, l\u2019apprentissage et la r\u00e9ussite n\u00e9cessite une bonne planification. Voici [&hellip;]<\/p>\n","protected":false},"author":1,"featured_media":0,"parent":3167,"menu_order":1,"comment_status":"closed","ping_status":"closed","template":"","meta":{"footnotes":""},"class_list":["post-3176","page","type-page","status-publish","hentry","entry","grid"],"_links":{"self":[{"href":"https:\/\/centretic.com\/enseignants\/wp-json\/wp\/v2\/pages\/3176","targetHints":{"allow":["GET"]}}],"collection":[{"href":"https:\/\/centretic.com\/enseignants\/wp-json\/wp\/v2\/pages"}],"about":[{"href":"https:\/\/centretic.com\/enseignants\/wp-json\/wp\/v2\/types\/page"}],"author":[{"embeddable":true,"href":"https:\/\/centretic.com\/enseignants\/wp-json\/wp\/v2\/users\/1"}],"replies":[{"embeddable":true,"href":"https:\/\/centretic.com\/enseignants\/wp-json\/wp\/v2\/comments?post=3176"}],"version-history":[{"count":42,"href":"https:\/\/centretic.com\/enseignants\/wp-json\/wp\/v2\/pages\/3176\/revisions"}],"predecessor-version":[{"id":4404,"href":"https:\/\/centretic.com\/enseignants\/wp-json\/wp\/v2\/pages\/3176\/revisions\/4404"}],"up":[{"embeddable":true,"href":"https:\/\/centretic.com\/enseignants\/wp-json\/wp\/v2\/pages\/3167"}],"wp:attachment":[{"href":"https:\/\/centretic.com\/enseignants\/wp-json\/wp\/v2\/media?parent=3176"}],"curies":[{"name":"wp","href":"https:\/\/api.w.org\/{rel}","templated":true}]}}