{"id":3167,"date":"2021-05-18T07:59:04","date_gmt":"2021-05-18T11:59:04","guid":{"rendered":"https:\/\/centretic.com\/enseignants\/?page_id=3167"},"modified":"2024-02-29T09:10:20","modified_gmt":"2024-02-29T14:10:20","slug":"astuces-pedagogiques","status":"publish","type":"page","link":"https:\/\/centretic.com\/enseignants\/astuces-pedagogiques\/","title":{"rendered":"Astuces p\u00e9dagogiques"},"content":{"rendered":"\n<p>Cette section comprend des ressources p\u00e9dagogiques choisies soigneusement pour enrichir votre enseignement. Vous ne trouvez pas ce que vous cherchez ou vous avez des suggestions de th\u00e8mes \u00e0 nous proposer? N\u2019h\u00e9sitez pas \u00e0 communiquer avec le Service d\u2019animation et de d\u00e9veloppement p\u00e9dagogiques (SADP)&nbsp;: <a href=\"mailto:sadp@cegepjonquiere.ca\">sadp@cegepjonquiere.ca<\/a>. Bonne visite!<\/p>\n\n\n\n<div class=\"wp-block-columns is-layout-flex wp-container-core-columns-is-layout-9d6595d7 wp-block-columns-is-layout-flex\">\n<div class=\"wp-block-column is-layout-flow wp-block-column-is-layout-flow\">\n<h4 class=\"wp-block-heading\"><strong><a href=\"https:\/\/centretic.com\/enseignants\/astuces-pedagogiques\/planifier-son-enseignement\/\">Planifier son enseignement<\/a><\/strong><\/h4>\n\n\n\n<figure class=\"wp-block-image size-large\"><img loading=\"lazy\" decoding=\"async\" width=\"1024\" height=\"682\" src=\"https:\/\/centretic.com\/enseignants\/wp-content\/uploads\/sites\/2\/2021\/06\/photo-planifier-1024x682.jpg\" alt=\"\" class=\"wp-image-3420\" srcset=\"https:\/\/centretic.com\/enseignants\/wp-content\/uploads\/sites\/2\/2021\/06\/photo-planifier-1024x682.jpg 1024w, https:\/\/centretic.com\/enseignants\/wp-content\/uploads\/sites\/2\/2021\/06\/photo-planifier-300x200.jpg 300w, https:\/\/centretic.com\/enseignants\/wp-content\/uploads\/sites\/2\/2021\/06\/photo-planifier-768x512.jpg 768w, https:\/\/centretic.com\/enseignants\/wp-content\/uploads\/sites\/2\/2021\/06\/photo-planifier-640x427.jpg 640w, https:\/\/centretic.com\/enseignants\/wp-content\/uploads\/sites\/2\/2021\/06\/photo-planifier-1100x733.jpg 1100w, https:\/\/centretic.com\/enseignants\/wp-content\/uploads\/sites\/2\/2021\/06\/photo-planifier.jpg 1280w\" sizes=\"auto, (max-width: 1024px) 100vw, 1024px\" \/><\/figure>\n\n\n\n<p>Les indispensables, des ressources pratiques pour concevoir un cours motivant, favorisant l\u2019engagement, l\u2019apprentissage et la r\u00e9ussite.<\/p>\n\n\n\n<p>Cet espace donne acc\u00e8s au mod\u00e8le de plan de cours, \u00e0 la n\u00e9tiquette, \u00e0 des conseils pour l\u2019enregistrement de capsules vid\u00e9o et bien plus.<\/p>\n<\/div>\n\n\n\n<div class=\"wp-block-column is-layout-flow wp-block-column-is-layout-flow\">\n<h4 class=\"wp-block-heading\"><strong><a href=\"https:\/\/centretic.com\/enseignants\/astuces-pedagogiques\/susciter-les-interactions-et-faire-collaborer\/\">Susciter les interactions et faire collaborer<\/a><\/strong><\/h4>\n\n\n\n<figure class=\"wp-block-image size-large\"><img loading=\"lazy\" decoding=\"async\" width=\"1024\" height=\"682\" src=\"https:\/\/centretic.com\/enseignants\/wp-content\/uploads\/sites\/2\/2021\/06\/photo-susciter-inter-2-1024x682.jpg\" alt=\"\" class=\"wp-image-3414\" srcset=\"https:\/\/centretic.com\/enseignants\/wp-content\/uploads\/sites\/2\/2021\/06\/photo-susciter-inter-2-1024x682.jpg 1024w, https:\/\/centretic.com\/enseignants\/wp-content\/uploads\/sites\/2\/2021\/06\/photo-susciter-inter-2-300x200.jpg 300w, https:\/\/centretic.com\/enseignants\/wp-content\/uploads\/sites\/2\/2021\/06\/photo-susciter-inter-2-768x512.jpg 768w, https:\/\/centretic.com\/enseignants\/wp-content\/uploads\/sites\/2\/2021\/06\/photo-susciter-inter-2-640x427.jpg 640w, https:\/\/centretic.com\/enseignants\/wp-content\/uploads\/sites\/2\/2021\/06\/photo-susciter-inter-2-1100x733.jpg 1100w, https:\/\/centretic.com\/enseignants\/wp-content\/uploads\/sites\/2\/2021\/06\/photo-susciter-inter-2.jpg 1280w\" sizes=\"auto, (max-width: 1024px) 100vw, 1024px\" \/><\/figure>\n\n\n\n<p>Cette section explique pourquoi et comment susciter les interactions en classe virtuelle ou en pr\u00e9sentiel.<\/p>\n\n\n\n<p>D\u00e9couvrez les outils num\u00e9riques \u00e0 votre disposition pour favoriser les interactions et engager les \u00e9tudiant\u00b7es.<\/p>\n<\/div>\n\n\n\n<div class=\"wp-block-column is-layout-flow wp-block-column-is-layout-flow\">\n<h4 class=\"wp-block-heading\"><strong><a href=\"https:\/\/centretic.com\/enseignants\/astuces-pedagogiques\/varier-les-approches-pedagogiques\/\">Varier les strat\u00e9gies p\u00e9dagogiques<\/a><\/strong><\/h4>\n\n\n\n<figure class=\"wp-block-image size-large\"><img loading=\"lazy\" decoding=\"async\" width=\"1024\" height=\"682\" src=\"https:\/\/centretic.com\/enseignants\/wp-content\/uploads\/sites\/2\/2021\/06\/photo-susciter-inter-1024x682.jpg\" alt=\"\" class=\"wp-image-3412\" srcset=\"https:\/\/centretic.com\/enseignants\/wp-content\/uploads\/sites\/2\/2021\/06\/photo-susciter-inter-1024x682.jpg 1024w, https:\/\/centretic.com\/enseignants\/wp-content\/uploads\/sites\/2\/2021\/06\/photo-susciter-inter-300x200.jpg 300w, https:\/\/centretic.com\/enseignants\/wp-content\/uploads\/sites\/2\/2021\/06\/photo-susciter-inter-768x512.jpg 768w, https:\/\/centretic.com\/enseignants\/wp-content\/uploads\/sites\/2\/2021\/06\/photo-susciter-inter-640x427.jpg 640w, https:\/\/centretic.com\/enseignants\/wp-content\/uploads\/sites\/2\/2021\/06\/photo-susciter-inter-1100x733.jpg 1100w, https:\/\/centretic.com\/enseignants\/wp-content\/uploads\/sites\/2\/2021\/06\/photo-susciter-inter.jpg 1280w\" sizes=\"auto, (max-width: 1024px) 100vw, 1024px\" \/><\/figure>\n\n\n\n<p>Les approches p\u00e9dagogiques n\u2019ont pas toutes le m\u00eame impact sur l\u2019apprentissage des apprenant\u00b7es.<\/p>\n\n\n\n<p>Apprenez-en plus sur les strat\u00e9gies d\u2019enseignement efficaces et les mani\u00e8res de soutenir la motivation des \u00e9tudiant\u00b7es.<\/p>\n<\/div>\n<\/div>\n\n\n\n<div class=\"wp-block-columns is-layout-flex wp-container-core-columns-is-layout-9d6595d7 wp-block-columns-is-layout-flex\">\n<div class=\"wp-block-column is-layout-flow wp-block-column-is-layout-flow\">\n<h4 class=\"wp-block-heading\"><strong><a href=\"https:\/\/centretic.com\/enseignants\/astuces-pedagogiques\/evaluer\/\">\u00c9valuer<\/a><\/strong><\/h4>\n\n\n\n<figure class=\"wp-block-image size-large\"><img loading=\"lazy\" decoding=\"async\" width=\"1024\" height=\"682\" src=\"https:\/\/centretic.com\/enseignants\/wp-content\/uploads\/sites\/2\/2021\/06\/photo-evaluer-1024x682.jpg\" alt=\"\" class=\"wp-image-3418\" srcset=\"https:\/\/centretic.com\/enseignants\/wp-content\/uploads\/sites\/2\/2021\/06\/photo-evaluer-1024x682.jpg 1024w, https:\/\/centretic.com\/enseignants\/wp-content\/uploads\/sites\/2\/2021\/06\/photo-evaluer-300x200.jpg 300w, https:\/\/centretic.com\/enseignants\/wp-content\/uploads\/sites\/2\/2021\/06\/photo-evaluer-768x512.jpg 768w, https:\/\/centretic.com\/enseignants\/wp-content\/uploads\/sites\/2\/2021\/06\/photo-evaluer-640x427.jpg 640w, https:\/\/centretic.com\/enseignants\/wp-content\/uploads\/sites\/2\/2021\/06\/photo-evaluer-1100x733.jpg 1100w, https:\/\/centretic.com\/enseignants\/wp-content\/uploads\/sites\/2\/2021\/06\/photo-evaluer.jpg 1280w\" sizes=\"auto, (max-width: 1024px) 100vw, 1024px\" \/><\/figure>\n\n\n\n<p>Ce segment pr\u00e9sente des astuces et des outils pour \u00e9valuer l\u2019acquisition des apprentissages et pour favoriser l\u2019int\u00e9grit\u00e9 intellectuelle chez les \u00e9tudiant\u00b7es.<\/p>\n\n\n\n<p>Il sugg\u00e8re \u00e9galement des trucs pour r\u00e9troagir et corriger num\u00e9riquement.<\/p>\n<\/div>\n\n\n\n<div class=\"wp-block-column is-layout-flow wp-block-column-is-layout-flow\">\n<h4 class=\"wp-block-heading\"><a href=\"https:\/\/centretic.com\/etudiants\/tutoriels-videos\/\"><\/a><strong><a href=\"https:\/\/centretic.com\/enseignants\/astuces-pedagogiques\/accompagner\/\">Accompagner<\/a><\/strong><\/h4>\n\n\n\n<figure class=\"wp-block-image size-large\"><img loading=\"lazy\" decoding=\"async\" width=\"1024\" height=\"682\" src=\"https:\/\/centretic.com\/enseignants\/wp-content\/uploads\/sites\/2\/2021\/06\/photo-accompagner-1024x682.jpg\" alt=\"\" class=\"wp-image-3416\" srcset=\"https:\/\/centretic.com\/enseignants\/wp-content\/uploads\/sites\/2\/2021\/06\/photo-accompagner-1024x682.jpg 1024w, https:\/\/centretic.com\/enseignants\/wp-content\/uploads\/sites\/2\/2021\/06\/photo-accompagner-300x200.jpg 300w, https:\/\/centretic.com\/enseignants\/wp-content\/uploads\/sites\/2\/2021\/06\/photo-accompagner-768x512.jpg 768w, https:\/\/centretic.com\/enseignants\/wp-content\/uploads\/sites\/2\/2021\/06\/photo-accompagner-640x427.jpg 640w, https:\/\/centretic.com\/enseignants\/wp-content\/uploads\/sites\/2\/2021\/06\/photo-accompagner-1100x733.jpg 1100w, https:\/\/centretic.com\/enseignants\/wp-content\/uploads\/sites\/2\/2021\/06\/photo-accompagner.jpg 1280w\" sizes=\"auto, (max-width: 1024px) 100vw, 1024px\" \/><\/figure>\n\n\n\n<p>Cet espace propose diverses pistes d\u2019intervention pour soutenir les apprenant\u00b7es dans leur d\u00e9marche d\u2019apprentissage.<\/p>\n\n\n\n<p>Il rappelle le r\u00f4le essentiel jou\u00e9 par les enseignant\u00b7es sur la motivation, l\u2019engagement et la r\u00e9ussite de leurs \u00e9tudiant\u00b7es.<\/p>\n<\/div>\n\n\n\n<div class=\"wp-block-column is-layout-flow wp-block-column-is-layout-flow\">\n<h4 class=\"wp-block-heading\"><\/h4>\n\n\n\n<p><\/p>\n<\/div>\n<\/div>\n","protected":false},"excerpt":{"rendered":"<p>Cette section comprend des ressources p\u00e9dagogiques choisies soigneusement pour enrichir votre enseignement. Vous ne trouvez [&hellip;]<\/p>\n","protected":false},"author":1,"featured_media":0,"parent":0,"menu_order":0,"comment_status":"closed","ping_status":"closed","template":"","meta":{"footnotes":""},"class_list":["post-3167","page","type-page","status-publish","hentry","entry","grid"],"_links":{"self":[{"href":"https:\/\/centretic.com\/enseignants\/wp-json\/wp\/v2\/pages\/3167","targetHints":{"allow":["GET"]}}],"collection":[{"href":"https:\/\/centretic.com\/enseignants\/wp-json\/wp\/v2\/pages"}],"about":[{"href":"https:\/\/centretic.com\/enseignants\/wp-json\/wp\/v2\/types\/page"}],"author":[{"embeddable":true,"href":"https:\/\/centretic.com\/enseignants\/wp-json\/wp\/v2\/users\/1"}],"replies":[{"embeddable":true,"href":"https:\/\/centretic.com\/enseignants\/wp-json\/wp\/v2\/comments?post=3167"}],"version-history":[{"count":17,"href":"https:\/\/centretic.com\/enseignants\/wp-json\/wp\/v2\/pages\/3167\/revisions"}],"predecessor-version":[{"id":4421,"href":"https:\/\/centretic.com\/enseignants\/wp-json\/wp\/v2\/pages\/3167\/revisions\/4421"}],"wp:attachment":[{"href":"https:\/\/centretic.com\/enseignants\/wp-json\/wp\/v2\/media?parent=3167"}],"curies":[{"name":"wp","href":"https:\/\/api.w.org\/{rel}","templated":true}]}}