{"id":3149,"date":"2021-05-17T08:52:04","date_gmt":"2021-05-17T12:52:04","guid":{"rendered":"https:\/\/centretic.com\/enseignants\/?page_id=3149"},"modified":"2026-01-14T08:18:35","modified_gmt":"2026-01-14T13:18:35","slug":"session-en-cours","status":"publish","type":"page","link":"https:\/\/centretic.com\/enseignants\/ressources\/session-en-cours\/","title":{"rendered":"Formations offertes"},"content":{"rendered":"\n<p>Diverses activit\u00e9s sont offertes \u00e0 la communaut\u00e9 enseignante tout au long de l&rsquo;ann\u00e9e : activit\u00e9s de partage (Rendez-vous num\u00e9riques), ateliers technop\u00e9dagogiques, formations sur mesure, etc. N&rsquo;h\u00e9sitez pas \u00e0 communiquer avec votre conseiller\u00b7\u00e8re p\u00e9dagogique pour obtenir de plus amples informations.<\/p>\n\n\n\n<hr class=\"wp-block-separator has-text-color has-alpha-channel-opacity has-background\" style=\"background-color:#f2f2f2;color:#f2f2f2\"\/>\n\n\n\n<h2 class=\"wp-block-heading\">Ateliers technop\u00e9dagogiques<\/h2>\n\n\n\n<hr class=\"wp-block-separator has-text-color has-alpha-channel-opacity has-background\" style=\"background-color:#f2f2f2;color:#f2f2f2\"\/>\n\n\n\n<div class=\"wp-block-columns is-layout-flex wp-container-core-columns-is-layout-9d6595d7 wp-block-columns-is-layout-flex\">\n<div class=\"wp-block-column has-medium-font-size is-layout-flow wp-block-column-is-layout-flow\">\n<h6 class=\"wp-block-heading\" style=\"font-size:18px\"><strong>Faire interagir les \u00e9tudiant\u00b7es avec Wooclap (en ligne)<\/strong><\/h6>\n\n\n\n<p><em>Pour les d\u00e9butant\u2219es<\/em><\/p>\n\n\n\n<figure class=\"wp-block-image size-full\"><img loading=\"lazy\" decoding=\"async\" width=\"890\" height=\"521\" src=\"https:\/\/centretic.com\/enseignants\/wp-content\/uploads\/sites\/2\/2021\/03\/wooclap-video.jpg\" alt=\"\" class=\"wp-image-3117\" srcset=\"https:\/\/centretic.com\/enseignants\/wp-content\/uploads\/sites\/2\/2021\/03\/wooclap-video.jpg 890w, https:\/\/centretic.com\/enseignants\/wp-content\/uploads\/sites\/2\/2021\/03\/wooclap-video-300x176.jpg 300w, https:\/\/centretic.com\/enseignants\/wp-content\/uploads\/sites\/2\/2021\/03\/wooclap-video-768x450.jpg 768w, https:\/\/centretic.com\/enseignants\/wp-content\/uploads\/sites\/2\/2021\/03\/wooclap-video-640x375.jpg 640w\" sizes=\"auto, (max-width: 890px) 100vw, 890px\" \/><\/figure>\n\n\n\n<p style=\"font-size:18px\">Que ce soit pour v\u00e9rifier la compr\u00e9hension des \u00e9tudiants, stimuler leur participation ou partager des id\u00e9es, Wooclap s\u2019av\u00e8re un outil interactif int\u00e9ressant.<\/p>\n\n\n\n<p>Le contenu de la formation sera mont\u00e9 en fonction des sujets que vous aurez s\u00e9lectionn\u00e9s au moment de votre inscription. Voici un aper\u00e7u des th\u00e8mes qui pourraient \u00eatre trait\u00e9s lors de cet atelier : survol des types de questions pouvant \u00eatre pos\u00e9es \u00e0 votre auditoire, comment cr\u00e9er des questions, comment les int\u00e9grer \u00e0 un PowerPoint, comment consulter les r\u00e9ponses de votre audience apr\u00e8s l\u2019\u00e9v\u00e9nement et bien plus.<\/p>\n\n\n\n<p>Dur\u00e9e : \u00e0 venir<\/p>\n<\/div>\n\n\n\n<div class=\"wp-block-column is-layout-flow wp-block-column-is-layout-flow\">\n<h6 class=\"wp-block-heading\" style=\"font-size:18px\"><strong>Formation Teams, les premiers pas (en ligne)                    <\/strong><\/h6>\n\n\n\n<p style=\"font-size:18px\"><em>Pour les d\u00e9butant\u2219es<\/em><\/p>\n\n\n\n<figure class=\"wp-block-image size-large\"><img loading=\"lazy\" decoding=\"async\" width=\"890\" height=\"521\" src=\"https:\/\/centretic.com\/enseignants\/wp-content\/uploads\/sites\/2\/2020\/05\/teams.png\" alt=\"\" class=\"wp-image-2499\" srcset=\"https:\/\/centretic.com\/enseignants\/wp-content\/uploads\/sites\/2\/2020\/05\/teams.png 890w, https:\/\/centretic.com\/enseignants\/wp-content\/uploads\/sites\/2\/2020\/05\/teams-300x176.png 300w, https:\/\/centretic.com\/enseignants\/wp-content\/uploads\/sites\/2\/2020\/05\/teams-768x450.png 768w, https:\/\/centretic.com\/enseignants\/wp-content\/uploads\/sites\/2\/2020\/05\/teams-640x375.png 640w\" sizes=\"auto, (max-width: 890px) 100vw, 890px\" \/><\/figure>\n\n\n\n<p style=\"font-size:18px\">Cet atelier s\u2019adresse aux&nbsp;<strong>enseignantes<\/strong>&nbsp;et aux&nbsp;<strong>enseignants<\/strong>&nbsp;qui d\u00e9butent avec Teams. Le contenu de la formation sera mont\u00e9 en fonction des sujets que les participants auront s\u00e9lectionn\u00e9s au moment de leur inscription. Voici un aper\u00e7u des th\u00e8mes qui pourraient \u00eatre trait\u00e9s lors de cet atelier&nbsp;: planifier une r\u00e9union, cr\u00e9er une annonce dans une ou plusieurs \u00e9quipes, mettre des documents en \u00e9vidence dans ses fichiers Teams, cr\u00e9er des devoirs, assigner automatiquement des devoirs aux nouveaux \u00e9l\u00e8ves et bien plus.&nbsp;<\/p>\n\n\n\n<p style=\"font-size:18px\">Dur\u00e9e : \u00e0 venir<\/p>\n<\/div>\n<\/div>\n\n\n\n<hr class=\"wp-block-separator has-text-color has-alpha-channel-opacity has-background\" style=\"background-color:#f2f2f2;color:#f2f2f2\"\/>\n\n\n\n<hr class=\"wp-block-separator has-text-color has-alpha-channel-opacity has-background\" style=\"background-color:#f2f2f2;color:#f2f2f2\"\/>\n\n\n\n<p><\/p>\n","protected":false},"excerpt":{"rendered":"<p>Diverses activit\u00e9s sont offertes \u00e0 la communaut\u00e9 enseignante tout au long de l&rsquo;ann\u00e9e : activit\u00e9s [&hellip;]<\/p>\n","protected":false},"author":1,"featured_media":0,"parent":4517,"menu_order":2,"comment_status":"closed","ping_status":"closed","template":"","meta":{"footnotes":""},"class_list":["post-3149","page","type-page","status-publish","hentry","entry","grid"],"_links":{"self":[{"href":"https:\/\/centretic.com\/enseignants\/wp-json\/wp\/v2\/pages\/3149","targetHints":{"allow":["GET"]}}],"collection":[{"href":"https:\/\/centretic.com\/enseignants\/wp-json\/wp\/v2\/pages"}],"about":[{"href":"https:\/\/centretic.com\/enseignants\/wp-json\/wp\/v2\/types\/page"}],"author":[{"embeddable":true,"href":"https:\/\/centretic.com\/enseignants\/wp-json\/wp\/v2\/users\/1"}],"replies":[{"embeddable":true,"href":"https:\/\/centretic.com\/enseignants\/wp-json\/wp\/v2\/comments?post=3149"}],"version-history":[{"count":132,"href":"https:\/\/centretic.com\/enseignants\/wp-json\/wp\/v2\/pages\/3149\/revisions"}],"predecessor-version":[{"id":4866,"href":"https:\/\/centretic.com\/enseignants\/wp-json\/wp\/v2\/pages\/3149\/revisions\/4866"}],"up":[{"embeddable":true,"href":"https:\/\/centretic.com\/enseignants\/wp-json\/wp\/v2\/pages\/4517"}],"wp:attachment":[{"href":"https:\/\/centretic.com\/enseignants\/wp-json\/wp\/v2\/media?parent=3149"}],"curies":[{"name":"wp","href":"https:\/\/api.w.org\/{rel}","templated":true}]}}