{"id":1448,"date":"2020-01-22T08:55:19","date_gmt":"2020-01-22T13:55:19","guid":{"rendered":"https:\/\/tictactruc.com\/?page_id=1448"},"modified":"2023-10-19T12:39:47","modified_gmt":"2023-10-19T16:39:47","slug":"liens-utiles","status":"publish","type":"page","link":"https:\/\/centretic.com\/enseignants\/liens-utiles\/","title":{"rendered":"Liens utiles"},"content":{"rendered":"\n<div class=\"wp-block-group alignwide\"><div class=\"wp-block-group__inner-container is-layout-flow wp-block-group-is-layout-flow\"><\/div><\/div>\n\n\n\n<p>Cette section pr\u00e9sente quelques liens et ressources utiles.<\/p>\n\n\n\n<h4 class=\"wp-block-heading has-text-align-left\">Formations, tutoriels et webinaires<\/h4>\n\n\n\n<div class=\"wp-block-columns is-layout-flex wp-container-core-columns-is-layout-9d6595d7 wp-block-columns-is-layout-flex\">\n<div class=\"wp-block-column is-layout-flow wp-block-column-is-layout-flow\">\n<h4 class=\"wp-block-heading\"><a href=\"https:\/\/infoapop.ca\/clavardage\/\" target=\"_blank\" rel=\"noreferrer noopener\">APOP 411<\/a><\/h4>\n\n\n\n<figure class=\"wp-block-image size-large\"><img loading=\"lazy\" decoding=\"async\" width=\"150\" height=\"105\" src=\"https:\/\/centretic.com\/enseignants\/wp-content\/uploads\/sites\/2\/2020\/01\/logo-apop-411.png\" alt=\"\" class=\"wp-image-1504\"\/><\/figure>\n\n\n\n<p>Besoin de soutien \u00e0 l\u2019utilisation des technologies? Clavardez avec un technop\u00e9dagogue. <\/p>\n\n\n\n<p>Vous pouvez \u00e9galement les joindre par courriel et par t\u00e9l\u00e9phone&nbsp;: (581)&nbsp;981-7002 poste 209.<\/p>\n<\/div>\n\n\n\n<div class=\"wp-block-column is-layout-flow wp-block-column-is-layout-flow\">\n<h4 class=\"wp-block-heading\"><a href=\"https:\/\/eductive.ca\/activites\/\" target=\"_blank\" rel=\"noreferrer noopener\">Formations de l\u2019APOP<\/a><\/h4>\n\n\n\n<figure class=\"wp-block-image size-large\"><img loading=\"lazy\" decoding=\"async\" width=\"150\" height=\"105\" src=\"https:\/\/centretic.com\/enseignants\/wp-content\/uploads\/sites\/2\/2020\/01\/logo-apop.png\" alt=\"\" class=\"wp-image-1502\"\/><\/figure>\n\n\n\n<p>L\u2019APOP offre une programmation d\u2019activit\u00e9s de perfectionnement en ligne riche et vari\u00e9e. Consultez le calendrier r\u00e9guli\u00e8rement ou abonnez-vous \u00e0 l\u2019<strong><a href=\"https:\/\/apop.qc.ca\/fr\/infolettre\/\" target=\"_blank\" rel=\"noreferrer noopener\">infolettre<\/a><\/strong>.<\/p>\n<\/div>\n\n\n\n<div class=\"wp-block-column is-layout-flow wp-block-column-is-layout-flow\">\n<h4 class=\"wp-block-heading\"><a href=\"https:\/\/apop.qc.ca\/fr\/capsules\/\" target=\"_blank\" rel=\"noreferrer noopener\">Webinaires de l\u2019APOP<\/a><\/h4>\n\n\n\n<figure class=\"wp-block-image size-large\"><img loading=\"lazy\" decoding=\"async\" width=\"150\" height=\"105\" src=\"https:\/\/centretic.com\/enseignants\/wp-content\/uploads\/sites\/2\/2020\/01\/logo-apop.png\" alt=\"\" class=\"wp-image-1502\"\/><\/figure>\n\n\n\n<p>Regroup\u00e9s par th\u00e8me, ce site pr\u00e9sente plusieurs webinaires sur des sujets aussi vari\u00e9s que les jeux s\u00e9rieux, la classe invers\u00e9e, l\u2019utilisation de Twitter en classe, le portfolio num\u00e9rique et l\u2019\u00e9valuation formative.<\/p>\n<\/div>\n<\/div>\n\n\n\n<div class=\"wp-block-columns is-layout-flex wp-container-core-columns-is-layout-9d6595d7 wp-block-columns-is-layout-flex\">\n<div class=\"wp-block-column is-layout-flow wp-block-column-is-layout-flow\">\n<h4 class=\"wp-block-heading\"><a href=\"https:\/\/boutique.apop.qc.ca\/\" target=\"_blank\" rel=\"noreferrer noopener\">APOP_boutique<\/a><\/h4>\n\n\n\n<figure class=\"wp-block-image size-large\"><img loading=\"lazy\" decoding=\"async\" width=\"150\" height=\"105\" src=\"https:\/\/centretic.com\/enseignants\/wp-content\/uploads\/sites\/2\/2020\/01\/logo-apop.png\" alt=\"\" class=\"wp-image-1502\"\/><\/figure>\n\n\n\n<p>En vous inscrivant \u00e0 l\u2019APOP_boutique, vous aurez acc\u00e8s \u00e0 des ressources num\u00e9riques pour l\u2019enseignement et l\u2019apprentissage.<\/p>\n<\/div>\n\n\n\n<div class=\"wp-block-column is-layout-flow wp-block-column-is-layout-flow\">\n<h4 class=\"wp-block-heading\"><a href=\"https:\/\/docs.moodle.org\/4x\/fr\/Accueil\" target=\"_blank\" rel=\"noreferrer noopener\">Moodle<\/a><\/h4>\n\n\n\n<figure class=\"wp-block-image size-full\"><img loading=\"lazy\" decoding=\"async\" width=\"660\" height=\"176\" src=\"https:\/\/centretic.com\/enseignants\/wp-content\/uploads\/sites\/2\/2023\/10\/logo-moodle-tr2.png\" alt=\"\" class=\"wp-image-4313\" srcset=\"https:\/\/centretic.com\/enseignants\/wp-content\/uploads\/sites\/2\/2023\/10\/logo-moodle-tr2.png 660w, https:\/\/centretic.com\/enseignants\/wp-content\/uploads\/sites\/2\/2023\/10\/logo-moodle-tr2-300x80.png 300w, https:\/\/centretic.com\/enseignants\/wp-content\/uploads\/sites\/2\/2023\/10\/logo-moodle-tr2-640x171.png 640w\" sizes=\"auto, (max-width: 660px) 100vw, 660px\" \/><\/figure>\n\n\n\n<p>Avec ses diff\u00e9rents espaces, Moodle constitue un environnement d\u2019apprentissage offrant de multiples possibilit\u00e9s. D\u00e9couvrez les fonctionnalit\u00e9s de Moodle.<\/p>\n<\/div>\n\n\n\n<div class=\"wp-block-column is-layout-flow wp-block-column-is-layout-flow\">\n<h4 class=\"wp-block-heading\"><a href=\"https:\/\/eductive.ca\/evenements\/\" target=\"_blank\" rel=\"noreferrer noopener\">Calendrier des activit\u00e9s<\/a><\/h4>\n\n\n\n<figure class=\"wp-block-image size-full\"><img loading=\"lazy\" decoding=\"async\" width=\"660\" height=\"176\" src=\"https:\/\/centretic.com\/enseignants\/wp-content\/uploads\/sites\/2\/2022\/12\/logo-eductive-2.png\" alt=\"\" class=\"wp-image-3811\" srcset=\"https:\/\/centretic.com\/enseignants\/wp-content\/uploads\/sites\/2\/2022\/12\/logo-eductive-2.png 660w, https:\/\/centretic.com\/enseignants\/wp-content\/uploads\/sites\/2\/2022\/12\/logo-eductive-2-300x80.png 300w, https:\/\/centretic.com\/enseignants\/wp-content\/uploads\/sites\/2\/2022\/12\/logo-eductive-2-640x171.png 640w\" sizes=\"auto, (max-width: 660px) 100vw, 660px\" \/><\/figure>\n\n\n\n<p>Consultez le calendrier des activit\u00e9s de perfectionnement offert par \u00c9ductive et ses partenaires.<\/p>\n<\/div>\n<\/div>\n\n\n\n<div class=\"wp-block-columns is-layout-flex wp-container-core-columns-is-layout-9d6595d7 wp-block-columns-is-layout-flex\">\n<div class=\"wp-block-column is-layout-flow wp-block-column-is-layout-flow\">\n<h4 class=\"wp-block-heading\"><a href=\"http:\/\/eni-jonquiere.proxy.collecto.ca\/cs\/cegep-jonquiere-etudiants\" target=\"_blank\" rel=\"noreferrer noopener\">Biblioth\u00e8que num\u00e9rique<\/a><\/h4>\n\n\n\n<figure class=\"wp-block-image size-large\"><img loading=\"lazy\" decoding=\"async\" width=\"150\" height=\"105\" src=\"https:\/\/centretic.com\/enseignants\/wp-content\/uploads\/sites\/2\/2020\/01\/logo-eni.png\" alt=\"\" class=\"wp-image-1511\"\/><\/figure>\n\n\n\n<p>Vous avez des questions \u00e0 propos de l\u2019utilisation de certaines applications comme Office 365, Teams, Word, Excel, PowerPoint ou Adobe?<\/p>\n\n\n\n<p>Ces applications n\u2019auront plus de secret pour vous une fois que vous aurez consult\u00e9 ce site.<\/p>\n<\/div>\n\n\n\n<div class=\"wp-block-column is-layout-flow wp-block-column-is-layout-flow\">\n<p><\/p>\n<\/div>\n\n\n\n<div class=\"wp-block-column is-layout-flow wp-block-column-is-layout-flow\"><\/div>\n<\/div>\n\n\n\n<h4 class=\"wp-block-heading has-text-align-left\">Enseignement en ligne<\/h4>\n\n\n\n<div class=\"wp-block-columns is-layout-flex wp-container-core-columns-is-layout-9d6595d7 wp-block-columns-is-layout-flex\">\n<div class=\"wp-block-column is-layout-flow wp-block-column-is-layout-flow\">\n<h4 class=\"wp-block-heading\"><a href=\"https:\/\/www.capres.ca\/dossiers\/fad\/faire-des-choix-eclaires-pour-donner-son-cours-a-distance-capsules-videos\/\" target=\"_blank\" rel=\"noreferrer noopener\">Faire des choix \u00e9clair\u00e9s pour donner son cours \u00e0 distance<\/a><\/h4>\n\n\n\n<figure class=\"wp-block-image size-large\"><img loading=\"lazy\" decoding=\"async\" width=\"150\" height=\"105\" src=\"https:\/\/centretic.com\/enseignants\/wp-content\/uploads\/sites\/2\/2020\/05\/capres.png\" alt=\"\" class=\"wp-image-1982\"\/><\/figure>\n\n\n\n<p>Avec ces capsules vid\u00e9o, apprenez-en plus sur la correction et la r\u00e9troaction num\u00e9riques, les types de grilles de correction, la constitution d\u2019une banque de messages de r\u00e9troaction et l\u2019accompagnement en formation \u00e0 distance.<\/p>\n<\/div>\n\n\n\n<div class=\"wp-block-column is-layout-flow wp-block-column-is-layout-flow\">\n<p><\/p>\n\n\n\n<p><\/p>\n<\/div>\n\n\n\n<div class=\"wp-block-column is-layout-flow wp-block-column-is-layout-flow\">\n<h4 class=\"wp-block-heading\"><\/h4>\n<\/div>\n<\/div>\n\n\n\n<h4 class=\"wp-block-heading has-text-align-left\">Ressources p\u00e9dagogiques<\/h4>\n\n\n\n<div class=\"wp-block-columns is-layout-flex wp-container-core-columns-is-layout-9d6595d7 wp-block-columns-is-layout-flex\">\n<div class=\"wp-block-column is-layout-flow wp-block-column-is-layout-flow\">\n<h4 class=\"wp-block-heading\"><a href=\"https:\/\/cegepjonquiere.sharepoint.com\/sites\/sadp\/SitePages\/Accueil.aspx\" target=\"_blank\" rel=\"noreferrer noopener\">SADP<\/a><\/h4>\n\n\n\n<figure class=\"wp-block-image size-large\"><img loading=\"lazy\" decoding=\"async\" width=\"150\" height=\"105\" src=\"https:\/\/centretic.com\/enseignants\/wp-content\/uploads\/sites\/2\/2020\/02\/logo-sadp-2.png\" alt=\"\" class=\"wp-image-1623\"\/><\/figure>\n\n\n\n<p>Ce lien vous donne acc\u00e8s au SharePoint du Service d\u2019animation et de d\u00e9veloppement p\u00e9dagogiques (SADP) du C\u00e9gep de Jonqui\u00e8re qui comprend une multitude de ressources p\u00e9dagogiques : devis minist\u00e9riels, formulaires, cadres de r\u00e9f\u00e9rence et bien d\u2019autres.<\/p>\n<\/div>\n\n\n\n<div class=\"wp-block-column is-layout-flow wp-block-column-is-layout-flow\">\n<h4 class=\"wp-block-heading\"><a href=\"https:\/\/www.profweb.ca\/publications\/dossiers\/la-pedagogie-active\" target=\"_blank\" rel=\"noreferrer noopener\">La p\u00e9dagogie active<\/a><\/h4>\n\n\n\n<figure class=\"wp-block-image size-large\"><img loading=\"lazy\" decoding=\"async\" width=\"150\" height=\"105\" src=\"https:\/\/centretic.com\/enseignants\/wp-content\/uploads\/sites\/2\/2020\/02\/logo-profweb.png\" alt=\"\" class=\"wp-image-1629\"\/><\/figure>\n\n\n\n<p>Cette publication de Profweb pr\u00e9sente ce qu\u2019est la p\u00e9dagogie active, pourquoi opter pour ce type d\u2019enseignement, comment le mettre en place et les cl\u00e9s de la r\u00e9ussite pour l\u2019int\u00e9gration d\u2019une p\u00e9dagogie active. Un article \u00e0 lire ou \u00e0 relire!<\/p>\n<\/div>\n\n\n\n<div class=\"wp-block-column is-layout-flow wp-block-column-is-layout-flow\">\n<h4 class=\"wp-block-heading\"><a href=\"https:\/\/capsules-profil-tic.ccdmd.qc.ca\/\" target=\"_blank\" rel=\"noreferrer noopener\">Capsules du profil TIC<\/a><\/h4>\n\n\n\n<figure class=\"wp-block-image size-large\"><img loading=\"lazy\" decoding=\"async\" width=\"150\" height=\"105\" src=\"https:\/\/centretic.com\/enseignants\/wp-content\/uploads\/sites\/2\/2020\/01\/logo-profil-tic.png\" alt=\"\" class=\"wp-image-1571\"\/><\/figure>\n\n\n\n<p>D\u00e9couvrez-en plus sur les cinq habilet\u00e9s pour d\u00e9velopper ses comp\u00e9tences num\u00e9riques en visionnant les courtes capsules vid\u00e9o.<\/p>\n<\/div>\n<\/div>\n","protected":false},"excerpt":{"rendered":"<p>Cette section pr\u00e9sente quelques liens et ressources utiles. Formations, tutoriels et webinaires APOP 411 Besoin [&hellip;]<\/p>\n","protected":false},"author":1,"featured_media":0,"parent":0,"menu_order":0,"comment_status":"closed","ping_status":"closed","template":"page-templates\/sidebar-right.php","meta":{"footnotes":""},"class_list":["post-1448","page","type-page","status-publish","hentry","entry","grid"],"_links":{"self":[{"href":"https:\/\/centretic.com\/enseignants\/wp-json\/wp\/v2\/pages\/1448","targetHints":{"allow":["GET"]}}],"collection":[{"href":"https:\/\/centretic.com\/enseignants\/wp-json\/wp\/v2\/pages"}],"about":[{"href":"https:\/\/centretic.com\/enseignants\/wp-json\/wp\/v2\/types\/page"}],"author":[{"embeddable":true,"href":"https:\/\/centretic.com\/enseignants\/wp-json\/wp\/v2\/users\/1"}],"replies":[{"embeddable":true,"href":"https:\/\/centretic.com\/enseignants\/wp-json\/wp\/v2\/comments?post=1448"}],"version-history":[{"count":35,"href":"https:\/\/centretic.com\/enseignants\/wp-json\/wp\/v2\/pages\/1448\/revisions"}],"predecessor-version":[{"id":4314,"href":"https:\/\/centretic.com\/enseignants\/wp-json\/wp\/v2\/pages\/1448\/revisions\/4314"}],"wp:attachment":[{"href":"https:\/\/centretic.com\/enseignants\/wp-json\/wp\/v2\/media?parent=1448"}],"curies":[{"name":"wp","href":"https:\/\/api.w.org\/{rel}","templated":true}]}}